{"id":933,"date":"2025-03-06T12:40:52","date_gmt":"2025-03-06T11:40:52","guid":{"rendered":"https:\/\/greengardenbudapest.hu\/?page_id=933"},"modified":"2025-09-24T18:21:41","modified_gmt":"2025-09-24T16:21:41","slug":"novenyultetes","status":"publish","type":"page","link":"https:\/\/greengardenbudapest.hu\/ar\/novenyultetes\/","title":{"rendered":"\u0646\u0648\u06a4\u064a\u0646\u064a\u0648\u0644\u062a\u064a\u062a\u0633"},"content":{"rendered":"<div data-elementor-type=\"wp-page\" data-elementor-id=\"933\" class=\"elementor elementor-933\" data-elementor-post-type=\"page\">\n\t\t\t\t<div class=\"elementor-element elementor-element-ec71489 e-flex e-con-boxed e-con e-parent\" data-id=\"ec71489\" data-element_type=\"container\" data-e-type=\"container\">\n\t\t\t\t\t<div class=\"e-con-inner\">\n\t\t\t\t<div class=\"elementor-element elementor-element-5faf2fd elementor-widget__width-inherit elementor-widget elementor-widget-image\" data-id=\"5faf2fd\" data-element_type=\"widget\" data-e-type=\"widget\" data-widget_type=\"image.default\">\n\t\t\t\t<div class=\"elementor-widget-container\">\n\t\t\t\t\t\t\t\t\t\t\t\t\t\t\t<img decoding=\"async\" src=\"https:\/\/greengardenbudapest.hu\/wp-content\/uploads\/elementor\/thumbs\/479555103_1059473849235555_1047668199688951507_n-r22vetrtbe4i9qhjaie40rnr5iohs11761c07gddhw.jpg\" title=\"479555103_1059473849235555_1047668199688951507_n\" alt=\"479555103_1059473849235555_1047668199688951507_n\" loading=\"lazy\" \/>\t\t\t\t\t\t\t\t\t\t\t\t\t\t\t<\/div>\n\t\t\t\t<\/div>\n\t\t\t\t\t<\/div>\n\t\t\t\t<\/div>\n\t\t<div class=\"elementor-element elementor-element-e4e988f e-flex e-con-boxed e-con e-parent\" data-id=\"e4e988f\" data-element_type=\"container\" data-e-type=\"container\">\n\t\t\t\t\t<div class=\"e-con-inner\">\n\t\t\t\t<div class=\"elementor-element elementor-element-5c0548f elementor-widget elementor-widget-spacer\" data-id=\"5c0548f\" data-element_type=\"widget\" data-e-type=\"widget\" data-widget_type=\"spacer.default\">\n\t\t\t\t<div class=\"elementor-widget-container\">\n\t\t\t\t\t\t\t<div class=\"elementor-spacer\">\n\t\t\t<div class=\"elementor-spacer-inner\"><\/div>\n\t\t<\/div>\n\t\t\t\t\t\t<\/div>\n\t\t\t\t<\/div>\n\t\t\t\t<div class=\"elementor-element elementor-element-0fce06e elementor-hidden-desktop elementor-hidden-laptop elementor-hidden-tablet_extra elementor-hidden-tablet elementor-hidden-mobile_extra elementor-hidden-mobile elementor-widget elementor-widget-theme-post-featured-image elementor-widget-image\" data-id=\"0fce06e\" data-element_type=\"widget\" data-e-type=\"widget\" data-widget_type=\"theme-post-featured-image.default\">\n\t\t\t\t<div class=\"elementor-widget-container\">\n\t\t\t\t\t\t\t\t\t\t\t\t\t\t\t<img fetchpriority=\"high\" decoding=\"async\" width=\"800\" height=\"534\" src=\"https:\/\/greengardenbudapest.hu\/wp-content\/uploads\/2025\/02\/479555103_1059473849235555_1047668199688951507_n-1-1024x683.jpg\" class=\"attachment-large size-large wp-image-567\" alt=\"F\u0171ny\u00edr\u00e1s ut\u00e1n rendezett p\u00e1zsit kert\u00e9p\u00edt\u00e9s r\u00e9szek\u00e9nt Budapesten\" srcset=\"https:\/\/greengardenbudapest.hu\/wp-content\/uploads\/2025\/02\/479555103_1059473849235555_1047668199688951507_n-1-1024x683.jpg 1024w, https:\/\/greengardenbudapest.hu\/wp-content\/uploads\/2025\/02\/479555103_1059473849235555_1047668199688951507_n-1-300x200.jpg 300w, https:\/\/greengardenbudapest.hu\/wp-content\/uploads\/2025\/02\/479555103_1059473849235555_1047668199688951507_n-1-768x512.jpg 768w, https:\/\/greengardenbudapest.hu\/wp-content\/uploads\/2025\/02\/479555103_1059473849235555_1047668199688951507_n-1-1536x1025.jpg 1536w, https:\/\/greengardenbudapest.hu\/wp-content\/uploads\/2025\/02\/479555103_1059473849235555_1047668199688951507_n-1.jpg 2048w\" sizes=\"(max-width: 800px) 100vw, 800px\" \/>\t\t\t\t\t\t\t\t\t\t\t\t\t\t\t<\/div>\n\t\t\t\t<\/div>\n\t\t\t\t\t<\/div>\n\t\t\t\t<\/div>\n\t\t<div class=\"elementor-element elementor-element-674b137 e-flex e-con-boxed e-con e-parent\" data-id=\"674b137\" data-element_type=\"container\" data-e-type=\"container\">\n\t\t\t\t\t<div class=\"e-con-inner\">\n\t\t\t\t<div class=\"elementor-element elementor-element-b6a1b2a elementor-widget elementor-widget-text-editor\" data-id=\"b6a1b2a\" data-element_type=\"widget\" data-e-type=\"widget\" data-widget_type=\"text-editor.default\">\n\t\t\t\t<div class=\"elementor-widget-container\">\n\t\t\t\t\t\t\t\t\t<p><b>\u062e\u0637\u0648\u0627\u062a \u0627\u0644\u0632\u0631\u0627\u0639\u0629 \u0648\u0623\u0647\u0645\u064a\u062a\u0647\u0627 - \u0627\u0644\u062d\u062f\u0627\u0626\u0642 \u0627\u0644\u062e\u0636\u0631\u0627\u0621 \u0641\u064a \u0628\u0648\u062f\u0627\u0628\u0633\u062a \u0627\u0644\u0628\u0633\u062a\u0646\u0629 \u0648\u0635\u064a\u0627\u0646\u0629 \u0627\u0644\u062d\u062f\u0627\u0626\u0642<\/b><\/p><p><span style=\"font-weight: 400;\">A <\/span><b>\u0627\u0644\u0632\u0631\u0627\u0639\u0629<\/b><span style=\"font-weight: 400;\"> \u0647\u064a \u0648\u0627\u062d\u062f\u0629 \u0645\u0646 \u0623\u0647\u0645 \u0627\u0644\u0623\u0646\u0634\u0637\u0629 \u0627\u0644\u0628\u0633\u062a\u0627\u0646\u064a\u0629 \u0627\u0644\u062a\u064a \u062a\u062d\u062f\u062f \u0635\u062d\u0629 \u0627\u0644\u0646\u0628\u0627\u062a\u0627\u062a \u0648\u0646\u0645\u0648\u0647\u0627. \u0641\u0627\u0644\u0632\u0631\u0627\u0639\u0629 \u0627\u0644\u0633\u0644\u064a\u0645\u0629 \u0623\u0645\u0631 \u0628\u0627\u0644\u063a \u0627\u0644\u0623\u0647\u0645\u064a\u0629 \u0644\u0646\u062c\u0627\u062d \u0646\u0628\u0627\u062a\u0627\u062a\u0643 \u0639\u0644\u0649 \u0627\u0644\u0645\u062f\u0649 \u0627\u0644\u0637\u0648\u064a\u0644. A <\/span><b>\u0627\u0644\u062d\u062f\u064a\u0642\u0629 \u0627\u0644\u062e\u0636\u0631\u0627\u0621 \u0628\u0648\u062f\u0627\u0628\u0633\u062a<\/b><span style=\"font-weight: 400;\"> \u0633\u062a\u0633\u0627\u0639\u062f\u0643 \u0634\u0631\u0643\u0629 \u0628\u0646\u0627\u0621 \u0627\u0644\u062d\u062f\u0627\u0626\u0642 \u0641\u064a \u0628\u0648\u062f\u0627\u0628\u0633\u062a \u0648\u0645\u0642\u0627\u0637\u0639\u0629 \u0628\u0633\u062a\u060c \u0627\u0644\u0645\u062c\u0631\u060c \u0641\u064a \u0627\u0644\u062d\u0635\u0648\u0644 \u0639\u0644\u0649 \u0623\u0641\u0636\u0644 \u062d\u0644\u0648\u0644 \u0628\u0646\u0627\u0621 \u0627\u0644\u062d\u062f\u0627\u0626\u0642 \u0648\u0635\u064a\u0627\u0646\u062a\u0647\u0627 \u0644\u0644\u062d\u0641\u0627\u0638 \u0639\u0644\u0649 \u062d\u062f\u064a\u0642\u062a\u0643 \u062c\u0645\u064a\u0644\u0629 \u0648\u0635\u062d\u064a\u0629.<\/span><\/p><h3><b>\u0645\u062a\u0649 \u064a\u062c\u0628 \u0623\u0646 \u062a\u0632\u0631\u0639 \u0627\u0644\u0646\u0628\u0627\u062a\u0627\u062a\u061f<\/b><\/h3><ul><li style=\"font-weight: 400;\" aria-level=\"1\"><b>\u0627\u0644\u0632\u0631\u0627\u0639\u0629 \u0627\u0644\u0631\u0628\u064a\u0639\u064a\u0629<\/b><span style=\"font-weight: 400;\">:: \u0623\u0648\u0627\u0626\u0644 \u0627\u0644\u0631\u0628\u064a\u0639 \u0647\u0648 \u0623\u0641\u0636\u0644 \u0648\u0642\u062a \u0644\u0632\u0631\u0627\u0639\u0629 \u0627\u0644\u0646\u0628\u0627\u062a\u0627\u062a\u060c \u0639\u0646\u062f\u0645\u0627 \u062a\u0643\u0648\u0646 \u0627\u0644\u062a\u0631\u0628\u0629 \u062f\u0627\u0641\u0626\u0629 \u0648\u0644\u0643\u0646 \u0644\u064a\u0633\u062a \u062c\u0627\u0641\u0629 \u062c\u062f\u0627\u064b. \u0627\u0644\u0632\u0631\u0627\u0639\u0629 \u0627\u0644\u0631\u0628\u064a\u0639\u064a\u0629 \u0645\u062b\u0627\u0644\u064a\u0629 \u0644\u0644\u0632\u0647\u0648\u0631 \u0648\u0627\u0644\u062e\u0636\u0631\u0648\u0627\u062a \u0648\u0627\u0644\u0623\u0634\u062c\u0627\u0631.<\/span><\/li><li style=\"font-weight: 400;\" aria-level=\"1\"><b>\u0632\u0631\u0627\u0639\u0629 \u0627\u0644\u062e\u0631\u064a\u0641<\/b><span style=\"font-weight: 400;\">:: \u062a\u064f\u0639\u062f \u0632\u0631\u0627\u0639\u0629 \u0627\u0644\u062e\u0631\u064a\u0641 \u0641\u0631\u0635\u0629 \u0645\u0645\u062a\u0627\u0632\u0629 \u0644\u0644\u0623\u0634\u062c\u0627\u0631 \u0648\u0627\u0644\u0634\u062c\u064a\u0631\u0627\u062a \u0648\u0627\u0644\u0646\u0628\u0627\u062a\u0627\u062a \u0627\u0644\u0645\u0639\u0645\u0631\u0629\u060c \u062d\u064a\u062b \u064a\u0633\u0627\u0639\u062f \u0647\u0637\u0648\u0644 \u0627\u0644\u0623\u0645\u0637\u0627\u0631 \u0641\u064a \u0641\u0635\u0644 \u0627\u0644\u0634\u062a\u0627\u0621 \u0639\u0644\u0649 \u062a\u0642\u0648\u064a\u0629 \u0627\u0644\u062c\u0630\u0648\u0631.<\/span><\/li><li style=\"font-weight: 400;\" aria-level=\"1\"><b>\u0627\u0644\u0632\u0631\u0627\u0639\u0629 \u0627\u0644\u0635\u064a\u0641\u064a\u0629<\/b><span style=\"font-weight: 400;\">: \u064a\u0645\u0643\u0646\u0643 \u0623\u064a\u0636\u064b\u0627 \u0627\u0644\u0632\u0631\u0627\u0639\u0629 \u0641\u064a \u0627\u0644\u0623\u0634\u0647\u0631 \u0627\u0644\u0623\u0643\u062b\u0631 \u062f\u0641\u0626\u064b\u0627\u060c \u0648\u0644\u0643\u0646 \u0639\u0644\u064a\u0643 \u0627\u0644\u0627\u0646\u062a\u0628\u0627\u0647 \u0625\u0644\u0649 \u0627\u0644\u0631\u064a \u0648\u0627\u0644\u062a\u0638\u0644\u064a\u0644 \u0627\u0644\u0645\u0646\u062a\u0638\u0645 \u062d\u062a\u0649 \u0644\u0627 \u062a\u0639\u0627\u0646\u064a \u0627\u0644\u0646\u0628\u0627\u062a\u0627\u062a \u0645\u0646 \u0627\u0644\u062d\u0631\u0627\u0631\u0629.<\/span><\/li><\/ul><h3><b>\u0643\u064a\u0641 \u062a\u0632\u0631\u0639 \u0628\u0634\u0643\u0644 \u0635\u062d\u064a\u062d\u061f<\/b><\/h3><ol><li style=\"font-weight: 400;\" aria-level=\"1\"><b>\u0627\u062e\u062a\u064a\u0627\u0631 \u0627\u0644\u0645\u0643\u0627\u0646 \u0627\u0644\u0645\u0646\u0627\u0633\u0628<\/b><span style=\"font-weight: 400;\">:: \u0639\u0646\u062f \u0632\u0631\u0627\u0639\u0629 \u0627\u0644\u0646\u0628\u0627\u062a\u0627\u062a\u060c \u0645\u0646 \u0627\u0644\u0636\u0631\u0648\u0631\u064a \u0645\u0631\u0627\u0639\u0627\u0629 \u0645\u062a\u0637\u0644\u0628\u0627\u062a\u0647\u0627 \u0645\u0646 \u0627\u0644\u0636\u0648\u0621 \u0648\u0627\u0644\u0645\u0627\u0621 \u0648\u0627\u0644\u0645\u063a\u0630\u064a\u0627\u062a. A <\/span><b>\u0627\u0644\u0628\u0633\u062a\u0646\u0629<\/b><span style=\"font-weight: 400;\"> \u0627\u062e\u062a\u064a\u0627\u0631 \u0627\u0644\u0645\u0643\u0627\u0646 \u0627\u0644\u0645\u0646\u0627\u0633\u0628 \u0647\u0648 \u062f\u0627\u0626\u0645\u0627\u064b \u0645\u0641\u062a\u0627\u062d \u0627\u0644\u0646\u062c\u0627\u062d.<\/span><\/li><li style=\"font-weight: 400;\" aria-level=\"1\"><b>\u062d\u0641\u0631 \u0627\u0644\u062d\u0641\u0631<\/b><span style=\"font-weight: 400;\">:: \u064a\u062c\u0628 \u0623\u0646 \u064a\u0643\u0648\u0646 \u062d\u062c\u0645 \u062d\u0641\u0631\u0629 \u0627\u0644\u0632\u0631\u0627\u0639\u0629 \u0636\u0639\u0641 \u062d\u062c\u0645 \u0645\u0646\u0637\u0642\u0629 \u062c\u0630\u0631 \u0627\u0644\u0646\u0628\u0627\u062a \u0639\u0644\u0649 \u0627\u0644\u0623\u0642\u0644 \u0644\u0625\u062a\u0627\u062d\u0629 \u0645\u0633\u0627\u062d\u0629 \u0643\u0627\u0641\u064a\u0629 \u0644\u0644\u0646\u0645\u0648.<\/span><\/li><li style=\"font-weight: 400;\" aria-level=\"1\"><b>\u0648\u0636\u0639 \u0627\u0644\u0646\u0628\u0627\u062a<\/b><span style=\"font-weight: 400;\">:: \u0639\u0646\u062f \u0627\u0644\u0632\u0631\u0627\u0639\u0629\u060c \u062a\u0623\u0643\u062f \u0645\u0646 \u0623\u0646 \u0637\u0648\u0642 \u0627\u0644\u062c\u0630\u0631 \u0645\u0633\u062a\u0648\u064a \u0645\u0639 \u0627\u0644\u062a\u0631\u0628\u0629.<\/span><\/li><li style=\"font-weight: 400;\" aria-level=\"1\"><b>\u0625\u0639\u0627\u062f\u0629 \u0627\u0644\u062a\u0646\u0641\u0633 \u0648\u0627\u0644\u0636\u063a\u0637<\/b><span style=\"font-weight: 400;\">:: \u0642\u0645 \u0628\u0636\u063a\u0637 \u0627\u0644\u062a\u0631\u0628\u0629 \u062d\u0648\u0644 \u0627\u0644\u0646\u0628\u062a\u0629 \u0628\u0631\u0641\u0642 \u0644\u0644\u062d\u0641\u0627\u0638 \u0639\u0644\u0649 \u062b\u0628\u0627\u062a\u0647\u0627\u060c \u0645\u0645\u0627 \u064a\u0636\u0645\u0646 \u0646\u0645\u0648\u0647\u0627 \u0628\u0646\u062c\u0627\u062d.<\/span><\/li><\/ol><h3><b>\u062a\u062d\u0636\u064a\u0631 \u0627\u0644\u062a\u0631\u0628\u0629 \u0627\u0644\u0645\u0646\u0627\u0633\u0628\u0629<\/b><\/h3><p><span style=\"font-weight: 400;\">\u064a\u0639\u062f \u0627\u0644\u0625\u0639\u062f\u0627\u062f \u0627\u0644\u0633\u0644\u064a\u0645 \u0644\u0644\u062a\u0631\u0628\u0629 \u0623\u0645\u0631\u064b\u0627 \u0636\u0631\u0648\u0631\u064a\u064b\u0627 \u0644\u0646\u062c\u0627\u062d \u0646\u0645\u0648 \u0627\u0644\u0646\u0628\u0627\u062a\u0627\u062a. A <\/span><b>\u0627\u0644\u062d\u062f\u064a\u0642\u0629 \u0627\u0644\u062e\u0636\u0631\u0627\u0621 \u0628\u0648\u062f\u0627\u0628\u0633\u062a<\/b><span style=\"font-weight: 400;\"> \u064a\u0645\u0643\u0646 \u0644\u0623\u062e\u0635\u0627\u0626\u064a\u064a \u0627\u0644\u0628\u0633\u062a\u0646\u0629 \u0645\u0633\u0627\u0639\u062f\u062a\u0643 \u0641\u064a \u062a\u062d\u0636\u064a\u0631 \u0627\u0644\u062a\u0631\u0628\u0629 \u0627\u0644\u0645\u0646\u0627\u0633\u0628\u0629\u060c \u0628\u0645\u0627 \u0641\u064a \u0630\u0644\u0643<\/span><\/p><ul><li style=\"font-weight: 400;\" aria-level=\"1\"><b>\u062a\u0631\u0628\u0629 \u063a\u0646\u064a\u0629 \u0628\u0627\u0644\u0645\u063a\u0630\u064a\u0627\u062a<\/b><span style=\"font-weight: 400;\">:: \u062a\u0639\u0632\u0632 \u0627\u0644\u062a\u0631\u0628\u0629 \u0627\u0644\u0631\u062e\u0648\u0629 \u062c\u064a\u062f\u0629 \u0627\u0644\u062a\u0647\u0648\u064a\u0629 \u0627\u0644\u0646\u0645\u0648 \u0627\u0644\u0633\u0631\u064a\u0639 \u0644\u0644\u062c\u0630\u0648\u0631.<\/span><\/li><li style=\"font-weight: 400;\" aria-level=\"1\"><b>\u0625\u0636\u0627\u0641\u0629 \u0627\u0644\u0633\u0645\u0627\u062f \u0627\u0644\u0639\u0636\u0648\u064a \u0623\u0648 \u0627\u0644\u0633\u0645\u0627\u062f \u0627\u0644\u0639\u0636\u0648\u064a<\/b><span style=\"font-weight: 400;\">:: \u064a\u0639\u0645\u0644 \u0630\u0644\u0643 \u0639\u0644\u0649 \u062a\u062d\u0633\u064a\u0646 \u0628\u0646\u064a\u0629 \u0627\u0644\u062a\u0631\u0628\u0629 \u0648\u0645\u062d\u062a\u0648\u0627\u0647\u0627 \u0645\u0646 \u0627\u0644\u0645\u063a\u0630\u064a\u0627\u062a\u060c \u0645\u0645\u0627 \u064a\u0648\u0641\u0631 \u0642\u0627\u0639\u062f\u0629 \u0645\u062b\u0627\u0644\u064a\u0629 \u0644\u0644\u0646\u0628\u0627\u062a\u0627\u062a.<\/span><\/li><li style=\"font-weight: 400;\" aria-level=\"1\"><b>\u0627\u0633\u062a\u062e\u062f\u0627\u0645 \u0627\u0644\u0631\u0645\u0644 \u0623\u0648 \u0627\u0644\u062d\u0635\u0649<\/b><span style=\"font-weight: 400;\">:: \u0641\u064a \u0627\u0644\u062a\u0631\u0628\u0629 \u0627\u0644\u0623\u0643\u062b\u0631 \u0627\u0646\u0636\u063a\u0627\u0637\u0627\u064b\u060c \u064a\u0645\u0643\u0646 \u0623\u0646 \u064a\u062d\u0633\u0651\u0646 \u0627\u0644\u062a\u0635\u0631\u064a\u0641\u060c \u0645\u0645\u0627 \u064a\u0636\u0645\u0646 \u0625\u0645\u062f\u0627\u062f \u0627\u0644\u062c\u0630\u0648\u0631 \u0628\u0627\u0644\u0623\u0643\u0633\u062c\u064a\u0646 \u0627\u0644\u0643\u0627\u0641\u064a.<\/span><\/li><\/ul><h3><b>\u0627\u0644\u0631\u064a \u0648\u0625\u0645\u062f\u0627\u062f\u0627\u062a \u0627\u0644\u0645\u063a\u0630\u064a\u0627\u062a<\/b><\/h3><ul><li style=\"font-weight: 400;\" aria-level=\"1\"><b>\u0627\u0644\u0631\u064a \u0627\u0644\u0648\u0641\u064a\u0631<\/b><span style=\"font-weight: 400;\">: \u0628\u0639\u062f \u0627\u0644\u0632\u0631\u0627\u0639\u0629 \u0645\u0628\u0627\u0634\u0631\u0629\u064b\u060c \u0642\u0645 \u0628\u0633\u0642\u064a \u0627\u0644\u0646\u0628\u0627\u062a \u0628\u0633\u062e\u0627\u0621 \u0644\u0636\u0645\u0627\u0646 \u0627\u0644\u062a\u0635\u0627\u0642 \u0627\u0644\u062c\u0630\u0648\u0631 \u0628\u0627\u0644\u062a\u0631\u0628\u0629 \u062c\u064a\u062f\u0627\u064b \u0648\u062a\u062b\u0628\u064a\u062a \u062c\u0630\u0648\u0631 \u0627\u0644\u0646\u0628\u0627\u062a \u0628\u0633\u0647\u0648\u0644\u0629.<\/span><\/li><li style=\"font-weight: 400;\" aria-level=\"1\"><b>\u0627\u0644\u0631\u064a \u0627\u0644\u0645\u0633\u062a\u0645\u0631<\/b><span style=\"font-weight: 400;\">:: \u0627\u0644\u0631\u064a \u0627\u0644\u0645\u0633\u062a\u0645\u0631 \u0636\u0631\u0648\u0631\u064a \u0644\u0644\u0646\u0645\u0648 \u0627\u0644\u0633\u0644\u064a\u0645 \u0644\u0644\u0646\u0628\u0627\u062a\u0627\u062a\u060c \u062e\u0627\u0635\u0629 \u062e\u0644\u0627\u0644 \u0641\u062a\u0631\u0627\u062a \u0627\u0644\u062c\u0641\u0627\u0641.<\/span><\/li><li style=\"font-weight: 400;\" aria-level=\"1\"><b>\u0625\u0645\u062f\u0627\u062f\u0627\u062a \u0627\u0644\u0645\u063a\u0630\u064a\u0627\u062a<\/b><span style=\"font-weight: 400;\">:: \u064a\u0645\u0643\u0646 \u0623\u0646 \u062a\u0633\u0627\u0639\u062f \u0627\u0644\u0623\u0633\u0645\u062f\u0629 \u0623\u0648 \u0627\u0644\u0633\u0645\u0627\u062f \u0627\u0644\u0639\u0636\u0648\u064a \u0623\u0648 \u0627\u0644\u0633\u0645\u0627\u062f \u0627\u0644\u0639\u0636\u0648\u064a \u0623\u0648 \u0627\u0644\u0633\u0645\u0627\u062f \u0627\u0644\u0637\u0628\u064a\u0639\u064a \u0627\u0644\u0646\u0628\u0627\u062a\u0627\u062a \u0639\u0644\u0649 \u0627\u0644\u0646\u0645\u0648 \u0628\u0634\u0643\u0644 \u0623\u0633\u0631\u0639 \u0648\u0627\u0644\u0628\u0642\u0627\u0621 \u0628\u0635\u062d\u0629 \u062c\u064a\u062f\u0629.<\/span><\/li><li style=\"font-weight: 400;\" aria-level=\"1\"><b>\u0627\u0644\u062a\u063a\u0637\u064a\u0629<\/b><span style=\"font-weight: 400;\">:: \u064a\u0633\u0627\u0639\u062f \u0627\u0644\u0646\u0634\u0627\u0631\u0629 \u0639\u0644\u0649 \u0627\u0644\u0627\u062d\u062a\u0641\u0627\u0638 \u0628\u0631\u0637\u0648\u0628\u0629 \u0627\u0644\u062a\u0631\u0628\u0629 \u0648\u064a\u0642\u0644\u0644 \u0645\u0646 \u0646\u0645\u0648 \u0627\u0644\u0623\u0639\u0634\u0627\u0628 \u0627\u0644\u0636\u0627\u0631\u0629 \u0648\u064a\u062d\u0645\u064a \u0627\u0644\u0646\u0628\u0627\u062a\u0627\u062a \u0645\u0646 \u062a\u0642\u0644\u0628\u0627\u062a \u062f\u0631\u062c\u0627\u062a \u0627\u0644\u062d\u0631\u0627\u0631\u0629.<\/span><\/li><\/ul><h3><b>\u0644\u0645\u0627\u0630\u0627 \u062a\u062e\u062a\u0627\u0631\u0646\u0627\u060c \u062c\u0631\u064a\u0646 \u062c\u0627\u0631\u062f\u0646 \u0628\u0648\u062f\u0627\u0628\u0633\u062a\u061f<\/b><\/h3><p><span style=\"font-weight: 400;\">A <\/span><b>\u0627\u0644\u062d\u062f\u064a\u0642\u0629 \u0627\u0644\u062e\u0636\u0631\u0627\u0621 \u0628\u0648\u062f\u0627\u0628\u0633\u062a<\/b><span style=\"font-weight: 400;\"> \u062a\u0636\u0645\u0646 \u0644\u0643 \u062e\u062f\u0645\u0627\u062a \u0625\u0646\u0634\u0627\u0621 \u0627\u0644\u062d\u062f\u0627\u0626\u0642 \u0648\u0635\u064a\u0627\u0646\u062a\u0647\u0627 \u0641\u064a \u0628\u0648\u062f\u0627\u0628\u0633\u062a \u0648\u0645\u0642\u0627\u0637\u0639\u0629 \u0628\u0633\u062a \u0623\u0646 \u062a\u0643\u0648\u0646 \u062d\u062f\u064a\u0642\u062a\u0643 \u062e\u0636\u0631\u0627\u0621 \u0648\u0635\u062d\u064a\u0629 \u062f\u0627\u0626\u0645\u0627\u064b. \u0633\u064a\u0633\u0627\u0639\u062f\u0643 \u0641\u0631\u064a\u0642\u0646\u0627 \u0627\u0644\u0645\u062d\u062a\u0631\u0641 \u0641\u064a \u0627\u0644\u0632\u0631\u0627\u0639\u0629 \u0648\u0625\u0639\u062f\u0627\u062f \u0627\u0644\u062a\u0631\u0628\u0629 \u0648\u062c\u0645\u064a\u0639 \u0623\u0639\u0645\u0627\u0644 \u0635\u064a\u0627\u0646\u0629 \u0627\u0644\u062d\u062f\u064a\u0642\u0629 \u0644\u0644\u062d\u0641\u0627\u0638 \u0639\u0644\u0649 \u062d\u062f\u064a\u0642\u062a\u0643 \u0641\u064a \u0623\u0641\u0636\u0644 \u062d\u0627\u0644\u0627\u062a\u0647\u0627. \u062f\u0639\u0646\u0627 \u0646\u0639\u062a\u0646\u064a \u0628\u062d\u062f\u064a\u0642\u062a\u0643 \u0648\u0627\u0633\u062a\u0645\u062a\u0639 \u0628\u0628\u064a\u0626\u0629 \u062e\u0636\u0631\u0627\u0621 \u062c\u0645\u064a\u0644\u0629 \u0648\u0645\u062a\u0646\u0627\u063a\u0645\u0629!<\/span><\/p><p><span style=\"font-weight: 400;\">\u0625\u0630\u0627 \u0643\u0646\u062a \u062a\u0631\u064a\u062f \u0623\u0646 \u062a\u0628\u062f\u0648 \u062d\u062f\u064a\u0642\u062a\u0643 \u0641\u064a \u0623\u0641\u0636\u0644 \u062d\u0627\u0644\u0627\u062a\u0647\u0627 \u062f\u0627\u0626\u0645\u0627\u064b\u060c \u0627\u062a\u0635\u0644 \u0628\u0646\u0627 \u0639\u0644\u0649 <\/span><b>\u0627\u0644\u062d\u062f\u064a\u0642\u0629 \u0627\u0644\u062e\u0636\u0631\u0627\u0621 \u0628\u0648\u062f\u0627\u0628\u0633\u062a<\/b><span style=\"font-weight: 400;\">-\u0648\u0633\u0646\u0633\u0627\u0639\u062f\u0643 \u0641\u064a \u0627\u0644\u0639\u062b\u0648\u0631 \u0639\u0644\u0649 \u0623\u0641\u0636\u0644 <\/span><b>\u0628\u0646\u0627\u0621 \u0627\u0644\u062d\u062f\u0627\u0626\u0642<\/b><span style=\"font-weight: 400;\"> \u0648 <\/span><b>\u0635\u064a\u0627\u0646\u0629 \u0627\u0644\u062d\u062f\u0627\u0626\u0642<\/b><span style=\"font-weight: 400;\"> \u0628\u0627\u0644\u062d\u0644\u0648\u0644<\/span><\/p>\t\t\t\t\t\t\t\t<\/div>\n\t\t\t\t<\/div>\n\t\t\t\t\t<\/div>\n\t\t\t\t<\/div>\n\t\t\t\t<\/div>","protected":false},"excerpt":{"rendered":"<p>\u062e\u0637\u0648\u0627\u062a \u0627\u0644\u0632\u0631\u0627\u0639\u0629 \u0648\u0623\u0647\u0645\u064a\u062a\u0647\u0627 - \u0627\u0644\u062d\u062f\u064a\u0642\u0629 \u0627\u0644\u062e\u0636\u0631\u0627\u0621 \u0641\u064a \u0628\u0648\u062f\u0627\u0628\u0633\u062a \u0627\u0644\u0628\u0633\u062a\u0646\u0629 \u0648\u0635\u064a\u0627\u0646\u0629 \u0627\u0644\u062d\u062f\u0627\u0626\u0642 \u062a\u0639\u062a\u0628\u0631 \u0627\u0644\u0632\u0631\u0627\u0639\u0629 \u0645\u0646 \u0623\u0647\u0645 \u0623\u0646\u0634\u0637\u0629 \u0627\u0644\u0628\u0633\u062a\u0646\u0629 \u0627\u0644\u062a\u064a \u062a\u062d\u062f\u062f \u0635\u062d\u0629 \u0627\u0644\u0646\u0628\u0627\u062a\u0627\u062a \u0648\u062a\u0637\u0648\u0631\u0647\u0627. \u0641\u0627\u0644\u0632\u0631\u0627\u0639\u0629 \u0627\u0644\u0633\u0644\u064a\u0645\u0629 \u0636\u0631\u0648\u0631\u064a\u0629 \u0644\u0646\u062c\u0627\u062d \u0627\u0644\u0646\u0628\u0627\u062a\u0627\u062a \u0639\u0644\u0649 \u0627\u0644\u0645\u062f\u0649 \u0627\u0644\u0637\u0648\u064a\u0644. \u064a\u0645\u0643\u0646 \u0644\u0644\u0645\u062a\u062e\u0635\u0635\u064a\u0646 \u0641\u064a \u0628\u0646\u0627\u0621 \u0627\u0644\u062d\u062f\u0627\u0626\u0642 \u0648\u0635\u064a\u0627\u0646\u0629 \u0627\u0644\u062d\u062f\u0627\u0626\u0642 \u0641\u064a \u062c\u0631\u064a\u0646 \u062c\u0627\u0631\u062f\u0646 \u0628\u0648\u062f\u0627\u0628\u0633\u062a \u0641\u064a \u0628\u0648\u062f\u0627\u0628\u0633\u062a \u0648\u0645\u0642\u0627\u0637\u0639\u0629 \u0628\u0633\u062a \u0645\u0633\u0627\u0639\u062f\u062a\u0643 \u0641\u064a \u0623\u0641\u0636\u0644 \u062d\u0644\u0648\u0644 \u0628\u0646\u0627\u0621 \u0627\u0644\u062d\u062f\u0627\u0626\u0642 \u0648\u0635\u064a\u0627\u0646\u0629 \u0627\u0644\u062d\u062f\u0627\u0626\u0642 \u0645\u0646 \u0623\u062c\u0644 [...]<\/p>","protected":false},"author":4,"featured_media":0,"parent":0,"menu_order":0,"comment_status":"closed","ping_status":"closed","template":"","meta":{"footnotes":""},"class_list":["post-933","page","type-page","status-publish","hentry"],"_links":{"self":[{"href":"https:\/\/greengardenbudapest.hu\/ar\/wp-json\/wp\/v2\/pages\/933","targetHints":{"allow":["GET"]}}],"collection":[{"href":"https:\/\/greengardenbudapest.hu\/ar\/wp-json\/wp\/v2\/pages"}],"about":[{"href":"https:\/\/greengardenbudapest.hu\/ar\/wp-json\/wp\/v2\/types\/page"}],"author":[{"embeddable":true,"href":"https:\/\/greengardenbudapest.hu\/ar\/wp-json\/wp\/v2\/users\/4"}],"replies":[{"embeddable":true,"href":"https:\/\/greengardenbudapest.hu\/ar\/wp-json\/wp\/v2\/comments?post=933"}],"version-history":[{"count":24,"href":"https:\/\/greengardenbudapest.hu\/ar\/wp-json\/wp\/v2\/pages\/933\/revisions"}],"predecessor-version":[{"id":2603,"href":"https:\/\/greengardenbudapest.hu\/ar\/wp-json\/wp\/v2\/pages\/933\/revisions\/2603"}],"wp:attachment":[{"href":"https:\/\/greengardenbudapest.hu\/ar\/wp-json\/wp\/v2\/media?parent=933"}],"curies":[{"name":"\u062f\u0628\u0644\u064a\u0648 \u0628\u064a","href":"https:\/\/api.w.org\/{rel}","templated":true}]}}