{"id":1349,"date":"2025-04-17T15:22:21","date_gmt":"2025-04-17T13:22:21","guid":{"rendered":"https:\/\/greengardenbudapest.hu\/?page_id=1349"},"modified":"2025-04-17T15:33:33","modified_gmt":"2025-04-17T13:33:33","slug":"fuvesites-gyeptragyazas","status":"publish","type":"page","link":"https:\/\/greengardenbudapest.hu\/de\/fuvesites-gyeptragyazas\/","title":{"rendered":"D\u00fcngung von Gras und Rasen"},"content":{"rendered":"<p><img decoding=\"async\" src=\"https:\/\/greengardenbudapest.hu\/wp-content\/uploads\/elementor\/thumbs\/lawn-food-vs.-fertilizer-which-is-best-for-your-lawn-r4hrdgjga046532jnci2qvkf5ax76dk3t4bf7tmlxw.jpg\" title=\"Rasend\u00fcnger\" alt=\"lawn fertilizer\" loading=\"lazy\" \/>\t\t\t\t\t\t\t\t\t\t\t\t\t\t\t<\/p>\n<h3><b>Gie\u00dfen und Unkraut j\u00e4ten: So erhalten Sie im Fr\u00fchjahr einen dichten, \u00fcppigen Rasen<\/b><\/h3>\n<p>Ein gepflegter, leuchtend gr\u00fcner Rasen ist vielleicht eines der auff\u00e4lligsten Merkmale eines Gartens - besonders in einem kleinen Budapester Garten, wo jeder Quadratmeter z\u00e4hlt. Ein gut gepflegter Rasen ist nicht nur sch\u00f6n, sondern auch n\u00fctzlich: Es f\u00fchlt sich gut an, barfu\u00df darauf zu laufen, und der Geruch eines frisch gem\u00e4hten Rasens ist unnachahmlich.<br \/> Doch wie wird dies Wirklichkeit - vor allem, wenn der aktuelle Zustand eher l\u00fcckenhaft, verblasst oder verdichtet ist?<\/p>\n<p>In diesem Leitfaden zeigen wir Ihnen, wie Sie die <b>zur D\u00fcngung von Gras und Rasen<\/b>wenn Sie selbst loslegen wollen. Und wir zeigen Ihnen auch, wo ein erfahrenes G\u00e4rtnerteam n\u00fctzlich sein kann.<\/p>\n<h3><b>Warum ist die Rasenrenovierung wichtig?<\/b><\/h3>\n<p>Nach den Wintermonaten sehen sich viele Gartenbesitzer mit dem Problem eines schwachen Rasens konfrontiert: kahle Stellen, Vergilbung, Moos und ungleichm\u00e4\u00dfiges Wachstum. Dies sind zwar \u00e4sthetische Probleme, aber ein schwacher Rasen ist weniger widerstandsf\u00e4hig gegen Unkraut, Krankheiten und Zertrampeln.<\/p>\n<p>Ziel der Rasensanierung ist es, die Gesundheit und Dichte des Rasens wiederherzustellen. Dies erfordert drei wichtige Schritte:<\/p>\n<ol>\n<li style=\"font-weight: 400;\" aria-level=\"1\"><b>Begr\u00fcnung\/Saatgut<\/b>Kahle Stellen werden durch Grassamen ersetzt, um ein gleichm\u00e4\u00dfiges Wachstum des Rasens zu gew\u00e4hrleisten.<\/li>\n<li style=\"font-weight: 400;\" aria-level=\"1\"><b>N\u00e4hrstofferg\u00e4nzung<\/b>D\u00fcnger wird verwendet, um die Wurzeln zu st\u00e4rken und N\u00e4hrstoffm\u00e4ngel auszugleichen.<\/li>\n<li style=\"font-weight: 400;\" aria-level=\"1\"><b>Zersetzung des Bodens<\/b>Bel\u00fcften des Rasens: Dadurch erhalten die Wurzeln einen besseren Zugang zu Wasser und N\u00e4hrstoffen.<\/li>\n<\/ol>\n<p>Diese Schritte werden daf\u00fcr sorgen, dass Ihr Rasen in der n\u00e4chsten Saison kr\u00e4ftiger, ges\u00fcnder und widerstandsf\u00e4higer ist.<\/p>\n<h3><b>Wann sollten Sie beginnen?<\/b><\/h3>\n<p>Der Fr\u00fchling ist die beste Zeit f\u00fcr beides <b>f\u00fcr Gras<\/b>sowohl in <b>f\u00fcr die Rasend\u00fcngung<\/b>. Der ideale Zeitraum ist von Ende M\u00e4rz bis Anfang Mai, aber es ist wichtig, auf die Boden- und Wetterbedingungen zu achten.<\/p>\n<h4><b>Wann ist der Boden ideal?<\/b><\/h4>\n<ul>\n<li style=\"font-weight: 400;\" aria-level=\"1\"><b>Die Gefahr von Frost ist vor\u00fcber<\/b>Da sich die Keimung von Grassamen in kalten B\u00f6den verlangsamt oder ganz aufh\u00f6rt, ist es wichtig, dass der Boden nicht mehr gefroren ist. Um Nachtfr\u00f6ste zu vermeiden, ist der ideale Zeitpunkt f\u00fcr die Fr\u00fchjahrsaussaat von Grassamen in der Regel zwischen Ende M\u00e4rz und Mitte April.<\/li>\n<li style=\"font-weight: 400;\" aria-level=\"1\"><b>Der Feuchtigkeitsgehalt des Bodens ist ausreichend<\/b>Der Boden sollte weder zu nass noch v\u00f6llig trocken sein. Zu nasser Boden kann leicht verdichtet werden und bietet keine ausreichende Bel\u00fcftung f\u00fcr die Wurzeln. Ist er zu trocken, k\u00f6nnen die Grassamen nicht richtig keimen. Am besten ist es, wenn der Boden leicht feucht, aber nicht nass ist.<\/li>\n<li style=\"font-weight: 400;\" aria-level=\"1\"><b>Die Temperaturen liegen \u00fcber 10-15 \u00b0C<\/b>Dies ist die ideale Temperatur f\u00fcr die Keimung von Grassamen. Eine zu niedrige Temperatur ist nicht gut f\u00fcr Gras, da die Samen nicht richtig keimen k\u00f6nnen, w\u00e4hrend h\u00f6here Temperaturen zu einem zu schnellen Wasserverlust f\u00fchren k\u00f6nnen, der die Entwicklung behindert.<\/li>\n<\/ul>\n<h3><b>Schritt f\u00fcr Schritt: Wie kann man zu Hause rasen?<\/b><\/h3>\n<p>Die Rasenpflege mag auf den ersten Blick einfach erscheinen - einfach den Samen ausstreuen und fertig. Aber wenn Sie wollen, dass Ihr Gras w\u00e4chst <b>wirklich dick, lang anhaltend und sogar<\/b>ist es wichtig, einige Grundregeln zu beachten:<\/p>\n<h4><b>1. die Vorbereitung: Bodenlockerung und Bel\u00fcftung<\/b><\/h4>\n<p>Wenn Sie bereits einen Rasen haben, sollten Sie zun\u00e4chst <b>bel\u00fcften<\/b> - um die Filzschicht zu entfernen und den Boden zu lockern.<br \/> Wenn Sie neuen Rasen pflanzen, graben Sie die gesamte Fl\u00e4che um, harken und <b>Gl\u00e4tten Sie es.<\/b> die Oberfl\u00e4che, so dass das Wasser nirgendwo stehen bleibt.<\/p>\n<h4><b>2. die Auswahl der Grassamen<\/b><\/h4>\n<p>W\u00e4hlen Sie die richtige Grassamenmischung f\u00fcr Ihren Garten:<\/p>\n<ul>\n<li style=\"font-weight: 400;\" aria-level=\"1\"><b>F\u00fcr sonnige Gebiete<\/b> eine sonnenliebende Mischung,\n<\/li>\n<li style=\"font-weight: 400;\" aria-level=\"1\"><b>f\u00fcr schattigere G\u00e4rten<\/b> Schattentoleranz,\n<\/li>\n<li style=\"font-weight: 400;\" aria-level=\"1\"><b>f\u00fcr intensive Nutzung<\/b> (f\u00fcr Kinder, Haustiere) und strapazierf\u00e4hige Typen.<\/li>\n<\/ul>\n<p>Sparen Sie nicht an der Qualit\u00e4t - das ist es auf lange Sicht wert!<\/p>\n<h4><b>3. schneiden und walzen<\/b><\/h4>\n<p>Verteilen Sie den Grassamen kreuz und quer (erst l\u00e4ngs, dann quer), um eine gleichm\u00e4\u00dfige Verteilung zu erreichen. Dann sehr leicht einharken (1-2 mm tief), dann <b>Rollt sie herunter<\/b> - damit das Saatgut mit dem Boden in Kontakt kommt, was f\u00fcr die Keimung unerl\u00e4sslich ist.<\/p>\n<h4><b>4. die Bew\u00e4sserung<\/b><\/h4>\n<p>Dies ist ein kritischer Punkt! In den ersten 2-3 Wochen <b>Wasser t\u00e4glich<\/b>am besten mit einem feinen Spr\u00fcher.<br \/> Halten Sie die Erde feucht, aber nicht nass - sonst k\u00f6nnen die Samen verfaulen.<\/p>\n<h3><b>Wann sollten Sie einen Fachmann hinzuziehen?<\/b><\/h3>\n<p>Auch wenn man einen kleinen Garten zu Hause anlegen kann, ist es manchmal besser, dies den Profis zu \u00fcberlassen:<\/p>\n<ul>\n<li style=\"font-weight: 400;\" aria-level=\"1\">Wenn <b>Sie haben wenig Zeit<\/b>und Sie wollen nicht wochenlang auf den perfekten Rasen warten.\n<\/li>\n<li style=\"font-weight: 400;\" aria-level=\"1\">Wenn <b>besch\u00e4digter, beschatteter oder problematischer Boden<\/b>und Sie wollen es nicht versuchen.\n<\/li>\n<li style=\"font-weight: 400;\" aria-level=\"1\">Wenn Sie sicher sein wollen, dass <b>f\u00fcr schnelle, gleichm\u00e4\u00dfige und lang anhaltende Ergebnisse<\/b>.\n<\/li>\n<\/ul>\n<p>Ein erfahrenes G\u00e4rtnerteam kennt den Bodentyp, die besten Rasensamen, die richtigen Techniken - und es k\u00fcmmert sich auch um die Nachsorge, damit Ihr Rasen auf Dauer sch\u00f6n bleibt.<\/p>","protected":false},"excerpt":{"rendered":"<p>Gie\u00dfen und D\u00fcngen: So bekommen Sie im Fr\u00fchjahr einen \u00fcppigen Rasen Ein gepflegter, leuchtend gr\u00fcner Rasen ist vielleicht eines der spektakul\u00e4rsten Merkmale eines Gartens - vor allem in einem kleinen Budapester Garten, wo jeder Quadratmeter z\u00e4hlt. Ein gepflegter Rasen ist nicht nur sch\u00f6n, sondern auch n\u00fctzlich: Es f\u00fchlt sich gut an, barfu\u00df darauf zu laufen, und der Geruch von frisch gem\u00e4htem Rasen ist unnachahmlich. Aber wie funktioniert das [...]<\/p>","protected":false},"author":1,"featured_media":0,"parent":0,"menu_order":0,"comment_status":"closed","ping_status":"closed","template":"","meta":{"footnotes":""},"class_list":["post-1349","page","type-page","status-publish","hentry"],"_links":{"self":[{"href":"https:\/\/greengardenbudapest.hu\/de\/wp-json\/wp\/v2\/pages\/1349","targetHints":{"allow":["GET"]}}],"collection":[{"href":"https:\/\/greengardenbudapest.hu\/de\/wp-json\/wp\/v2\/pages"}],"about":[{"href":"https:\/\/greengardenbudapest.hu\/de\/wp-json\/wp\/v2\/types\/page"}],"author":[{"embeddable":true,"href":"https:\/\/greengardenbudapest.hu\/de\/wp-json\/wp\/v2\/users\/1"}],"replies":[{"embeddable":true,"href":"https:\/\/greengardenbudapest.hu\/de\/wp-json\/wp\/v2\/comments?post=1349"}],"version-history":[{"count":7,"href":"https:\/\/greengardenbudapest.hu\/de\/wp-json\/wp\/v2\/pages\/1349\/revisions"}],"predecessor-version":[{"id":1358,"href":"https:\/\/greengardenbudapest.hu\/de\/wp-json\/wp\/v2\/pages\/1349\/revisions\/1358"}],"wp:attachment":[{"href":"https:\/\/greengardenbudapest.hu\/de\/wp-json\/wp\/v2\/media?parent=1349"}],"curies":[{"name":"wp","href":"https:\/\/api.w.org\/{rel}","templated":true}]}}