{"id":1596,"date":"2025-05-14T18:29:24","date_gmt":"2025-05-14T16:29:24","guid":{"rendered":"https:\/\/greengardenbudapest.hu\/?page_id=1596"},"modified":"2025-05-22T16:32:02","modified_gmt":"2025-05-22T14:32:02","slug":"majus-metszes","status":"publish","type":"page","link":"https:\/\/greengardenbudapest.hu\/de\/majus-metszes\/","title":{"rendered":"Mai-Beschneidung"},"content":{"rendered":"<div data-elementor-type=\"wp-page\" data-elementor-id=\"1596\" class=\"elementor elementor-1596\" data-elementor-post-type=\"page\">\n\t\t\t\t<div class=\"elementor-element elementor-element-2e4682d e-flex e-con-boxed e-con e-parent\" data-id=\"2e4682d\" data-element_type=\"container\" data-e-type=\"container\" data-settings=\"{&quot;background_background&quot;:&quot;classic&quot;}\">\n\t\t\t\t\t<div class=\"e-con-inner\">\n\t\t\t\t<div class=\"elementor-element elementor-element-9e9c567 elementor-widget elementor-widget-heading\" data-id=\"9e9c567\" data-element_type=\"widget\" data-e-type=\"widget\" data-widget_type=\"heading.default\">\n\t\t\t\t<div class=\"elementor-widget-container\">\n\t\t\t\t\t<h1 class=\"elementor-heading-title elementor-size-default\">Schnittregeln f\u00fcr Obst- und Ziergeh\u00f6lze im Mai - Schnittanleitung f\u00fcr gesunde Obstb\u00e4ume<\/h1>\t\t\t\t<\/div>\n\t\t\t\t<\/div>\n\t\t\t\t\t<\/div>\n\t\t\t\t<\/div>\n\t\t<div class=\"elementor-element elementor-element-2094f0a e-flex e-con-boxed e-con e-parent\" data-id=\"2094f0a\" data-element_type=\"container\" data-e-type=\"container\">\n\t\t\t\t\t<div class=\"e-con-inner\">\n\t\t\t\t<div class=\"elementor-element elementor-element-6eff394 elementor-widget elementor-widget-text-editor\" data-id=\"6eff394\" data-element_type=\"widget\" data-e-type=\"widget\" data-widget_type=\"text-editor.default\">\n\t\t\t\t<div class=\"elementor-widget-container\">\n\t\t\t\t\t\t\t\t\t<p><span style=\"font-weight: 400;\">Der Mai ist eine besondere Zeit im Gartenbau, in der die Obstb\u00e4ume zwar knospen, aber noch nicht ganz gr\u00fcn sind, was eine ideale Gelegenheit ist, die so genannten \"Fr\u00fchlingsobstb\u00e4ume\" zu pflanzen. <\/span><i><span style=\"font-weight: 400;\">Geh\u00f6lzr\u00fcckschnitt<\/span><\/i><span style=\"font-weight: 400;\">zur Durchf\u00fchrung der <\/span><i><span style=\"font-weight: 400;\">Gr\u00fcnbeschnitt<\/span><\/i><span style=\"font-weight: 400;\"> zu beginnen. Der richtige Schnitt im Mai tr\u00e4gt zu einem gesunden Wachstum der B\u00e4ume bei, verbessert den Ertrag und verhindert die Entstehung von Krankheiten. In diesem Leitfaden fassen wir die wichtigsten Regeln und Praktiken zusammen, damit Sie Ihre Obst- und Zierb\u00e4ume im Mai sicher beschneiden k\u00f6nnen.<\/span><\/p><p><b>1. der Zeitpunkt des Beschneidens: Wann sollte man im Mai beschneiden?<\/b><\/p><ul><li style=\"font-weight: 400;\" aria-level=\"1\"><span style=\"font-weight: 400;\">Schnitt im Mai: Der Schnitt kann auch noch im Mai erfolgen, da die B\u00e4ume zu dieser Jahreszeit noch nicht voll belaubt sind und die \u00c4ste gut sichtbar sind. Dieser Schnitt dient dazu, die Struktur des Baumes zu formen und tote oder besch\u00e4digte \u00c4ste zu entfernen. Besonders empfehlenswert ist er f\u00fcr Apfel- und Birnb\u00e4ume ab Ende der Vegetationsruhe bis Anfang Mai.<\/span><\/li><li style=\"font-weight: 400;\" aria-level=\"1\"><span style=\"font-weight: 400;\">Gr\u00fcner Schnitt: Im Mai k\u00f6nnen Sie mit dem gr\u00fcnen Schnitt beginnen, d. h. mit dem Ausd\u00fcnnen der frischen Triebe, damit die Krone luftiger wird und Sonnenlicht und Spritzmittel alle Teile der Pflanze erreichen k\u00f6nnen. Dieser Schnitt tr\u00e4gt dazu bei, den Ertrag zu optimieren und Krankheiten vorzubeugen.<\/span><\/li><\/ul><p><b>2. die Regeln f\u00fcr den Mai-Schnitt von Obstb\u00e4umen<\/b><\/p><p><b>2.1 Entfernung von besch\u00e4digten, kranken und abgestorbenen \u00c4sten<\/b><\/p><p><span style=\"font-weight: 400;\">Der erste und wichtigste Schritt besteht darin, besch\u00e4digte, kranke oder abgestorbene \u00c4ste zu entfernen, die das gesunde Wachstum des Baumes behindern und eine Infektionsquelle darstellen k\u00f6nnen.<\/span><\/p><ul><li style=\"font-weight: 400;\" aria-level=\"1\"><span style=\"font-weight: 400;\">Schneiden Sie diese Zweige so nah wie m\u00f6glich am Stamm oder Hauptast ab.<\/span><\/li><li style=\"font-weight: 400;\" aria-level=\"1\"><span style=\"font-weight: 400;\">Verwenden Sie eine scharfe, desinfizierte Gartenschere, um die Verbreitung von Krankheitserregern zu vermeiden.<\/span><\/li><\/ul><p><b>2.2 Auswahl der f\u00fchrenden Branche<\/b><\/p><ul><li style=\"font-weight: 400;\" aria-level=\"1\"><span style=\"font-weight: 400;\">W\u00e4hlen Sie einen starken, gesunden, senkrechten Leitast aus, der den Hauptstamm des Baumes bilden soll.<\/span><\/li><li style=\"font-weight: 400;\" aria-level=\"1\"><span style=\"font-weight: 400;\">Entfernen Sie die anderen konkurrierenden Leit\u00e4ste, damit der Baum eine wohlgeformte, sich verj\u00fcngende Krone bilden kann.<\/span><\/li><\/ul><p><b>2.3 Kronenformung<\/b><\/p><ul><li style=\"font-weight: 400;\" aria-level=\"1\"><span style=\"font-weight: 400;\">Lassen Sie 4-5 Seitenzweige in gleichm\u00e4\u00dfigen Abst\u00e4nden um den Hauptzweig stehen.<\/span><\/li><li style=\"font-weight: 400;\" aria-level=\"1\"><span style=\"font-weight: 400;\">Schneiden Sie die Seitenzweige zur\u00fcck, um die Verzweigung anzuregen und eine luftige, sonnige Krone zu schaffen.<\/span><\/li><li style=\"font-weight: 400;\" aria-level=\"1\"><span style=\"font-weight: 400;\">Entfernen Sie nach innen wachsende, sich kreuzende \u00c4ste, die sich gegenseitig beschatten und das Spr\u00fchen erschweren.<\/span><\/li><\/ul><p><b>3. gr\u00fcner Maibaumschnitt - Ausd\u00fcnnen der frischen Triebe<\/b><\/p><ul><li style=\"font-weight: 400;\" aria-level=\"1\"><span style=\"font-weight: 400;\">Entfernen Sie zu dichte Triebe, damit die Krone gut bel\u00fcftet ist.<\/span><\/li><li style=\"font-weight: 400;\" aria-level=\"1\"><span style=\"font-weight: 400;\">Wassertriebe (starke, nach oben gerichtete Triebe) werden von den Trieben abgeschnitten, weil sie nicht wachsen.<\/span><\/li><li style=\"font-weight: 400;\" aria-level=\"1\"><span style=\"font-weight: 400;\">Schneiden Sie schwache, d\u00fcnne Triebe aus, um die Energie des Baumes auf die produktiven \u00c4ste zu konzentrieren.<\/span><\/li><li style=\"font-weight: 400;\" aria-level=\"1\"><span style=\"font-weight: 400;\">Der Gr\u00fcnschnitt beugt Pilzkrankheiten vor und verbessert die Qualit\u00e4t der Ernte.<\/span><\/li><\/ul><p><b>4 Tipps f\u00fcr den Schnitt von Zierb\u00e4umen und -str\u00e4uchern im Mai<\/b><\/p><ul><li style=\"font-weight: 400;\" aria-level=\"1\"><span style=\"font-weight: 400;\">Im Mai k\u00f6nnen Sie bereits Ziergeh\u00f6lze beschneiden, die im zeitigen Fr\u00fchjahr gebl\u00fcht haben (z. B. Japanische Quitte, Goldbaum), um die Bildung von Bl\u00fctenknospen f\u00fcr das n\u00e4chste Jahr zu f\u00f6rdern.<\/span><\/li><li style=\"font-weight: 400;\" aria-level=\"1\"><span style=\"font-weight: 400;\">Vermeiden Sie einen zu starken R\u00fcckschnitt, entscheiden Sie sich f\u00fcr eine Ausd\u00fcnnung und die Beibehaltung der Form.<\/span><\/li><li style=\"font-weight: 400;\" aria-level=\"1\"><span style=\"font-weight: 400;\">Bei Zierb\u00e4umen sollte sich der Schnitt im Mai darauf beschr\u00e4nken, die Krone zu l\u00fcften und tote oder besch\u00e4digte \u00c4ste zu entfernen.<\/span><\/li><\/ul><p><b>5. worauf ist beim Baumschnitt im Mai zu achten?<\/b><\/p><ul><li style=\"font-weight: 400;\" aria-level=\"1\"><span style=\"font-weight: 400;\">Nicht zu sp\u00e4t dran sein! Ein zu sp\u00e4ter R\u00fcckschnitt kann die Pflanze schw\u00e4chen und den Ertrag verringern.<\/span><\/li><li style=\"font-weight: 400;\" aria-level=\"1\"><span style=\"font-weight: 400;\">Verwenden Sie stets scharfe, saubere Werkzeuge! Dies verringert das Risiko von Verletzungen und Infektionen.<\/span><\/li><li style=\"font-weight: 400;\" aria-level=\"1\"><span style=\"font-weight: 400;\">Schneiden Sie immer oberhalb der Knospe, und zwar schr\u00e4g! So kann das Wasser besser ablaufen und die Gefahr von F\u00e4ulnis wird verringert.<\/span><\/li><li style=\"font-weight: 400;\" aria-level=\"1\"><span style=\"font-weight: 400;\">Achten Sie auf die individuellen Eigenschaften des Holzes! Jeder Baum ist anders, also passen Sie den Schnitt an die Pflanze an.<\/span><\/li><\/ul><p><b>Zusammenfassung<\/b><\/p><p><span style=\"font-weight: 400;\">Der Schnitt im Mai ist f\u00fcr die Erhaltung der Gesundheit von Obst- und Zierb\u00e4umen von entscheidender Bedeutung. Der Schnitt kann auch jetzt noch durchgef\u00fchrt werden, um besch\u00e4digte und kranke \u00c4ste zu entfernen, die ideale Struktur des Baumes zu bestimmen und den Leitast zu w\u00e4hlen. Es kann auch mit dem Gr\u00fcnschnitt begonnen werden, der die Kronenbel\u00fcftung und den Ertrag durch Ausd\u00fcnnen der frischen Triebe verbessert. Achten Sie beim Schnitt immer auf die Eigenschaften der Pflanze, verwenden Sie scharfe Werkzeuge und schneiden Sie nicht zu sp\u00e4t oder zu stark zur\u00fcck. So bleiben unsere Obst- und Zierb\u00e4ume das ganze Jahr \u00fcber gesund, kr\u00e4ftig und ertragreich.<\/span><\/p>\t\t\t\t\t\t\t\t<\/div>\n\t\t\t\t<\/div>\n\t\t\t\t\t<\/div>\n\t\t\t\t<\/div>\n\t\t\t\t<\/div>","protected":false},"excerpt":{"rendered":"<p>Schnittregeln f\u00fcr Obst- und Zierb\u00e4ume im Mai - Schnittleitfaden f\u00fcr gesunde Obstb\u00e4ume Der Mai ist eine besondere Zeit im Gartenbau, in der die Obstb\u00e4ume zwar knospen, aber noch nicht ganz gr\u00fcn sind. Daher ist dies der ideale Zeitpunkt, um im Fr\u00fchjahr mit dem Schnitt zu beginnen, der auch als Geh\u00f6lzschnitt oder Gr\u00fcnschnitt bezeichnet wird. Der richtige Schnitt im Mai tr\u00e4gt zu einem gesunden Wachstum der B\u00e4ume bei, verbessert den Ertrag, [...]<\/p>","protected":false},"author":1,"featured_media":0,"parent":0,"menu_order":0,"comment_status":"closed","ping_status":"closed","template":"","meta":{"footnotes":""},"class_list":["post-1596","page","type-page","status-publish","hentry"],"_links":{"self":[{"href":"https:\/\/greengardenbudapest.hu\/de\/wp-json\/wp\/v2\/pages\/1596","targetHints":{"allow":["GET"]}}],"collection":[{"href":"https:\/\/greengardenbudapest.hu\/de\/wp-json\/wp\/v2\/pages"}],"about":[{"href":"https:\/\/greengardenbudapest.hu\/de\/wp-json\/wp\/v2\/types\/page"}],"author":[{"embeddable":true,"href":"https:\/\/greengardenbudapest.hu\/de\/wp-json\/wp\/v2\/users\/1"}],"replies":[{"embeddable":true,"href":"https:\/\/greengardenbudapest.hu\/de\/wp-json\/wp\/v2\/comments?post=1596"}],"version-history":[{"count":45,"href":"https:\/\/greengardenbudapest.hu\/de\/wp-json\/wp\/v2\/pages\/1596\/revisions"}],"predecessor-version":[{"id":1950,"href":"https:\/\/greengardenbudapest.hu\/de\/wp-json\/wp\/v2\/pages\/1596\/revisions\/1950"}],"wp:attachment":[{"href":"https:\/\/greengardenbudapest.hu\/de\/wp-json\/wp\/v2\/media?parent=1596"}],"curies":[{"name":"wp","href":"https:\/\/api.w.org\/{rel}","templated":true}]}}