{"id":880,"date":"2025-03-06T12:23:54","date_gmt":"2025-03-06T11:23:54","guid":{"rendered":"https:\/\/greengardenbudapest.hu\/?page_id=880"},"modified":"2025-09-24T18:20:44","modified_gmt":"2025-09-24T16:20:44","slug":"terkovezes","status":"publish","type":"page","link":"https:\/\/greengardenbudapest.hu\/de\/terkovezes\/","title":{"rendered":"Pflasterung_1"},"content":{"rendered":"<div data-elementor-type=\"wp-page\" data-elementor-id=\"880\" class=\"elementor elementor-880\" data-elementor-post-type=\"page\">\n\t\t\t\t<div class=\"elementor-element elementor-element-694e23b e-flex e-con-boxed e-con e-parent\" data-id=\"694e23b\" data-element_type=\"container\" data-e-type=\"container\">\n\t\t\t\t\t<div class=\"e-con-inner\">\n\t\t\t\t<div class=\"elementor-element elementor-element-0e0b277 elementor-widget__width-inherit elementor-widget elementor-widget-image\" data-id=\"0e0b277\" data-element_type=\"widget\" data-e-type=\"widget\" data-widget_type=\"image.default\">\n\t\t\t\t<div class=\"elementor-widget-container\">\n\t\t\t\t\t\t\t\t\t\t\t\t\t\t\t<img fetchpriority=\"high\" decoding=\"async\" width=\"1024\" height=\"768\" src=\"https:\/\/greengardenbudapest.hu\/wp-content\/uploads\/2025\/02\/476911905_1858010338365597_8119588739636908337_n.jpg\" class=\"attachment-full size-full wp-image-360\" alt=\"\" srcset=\"https:\/\/greengardenbudapest.hu\/wp-content\/uploads\/2025\/02\/476911905_1858010338365597_8119588739636908337_n.jpg 1024w, https:\/\/greengardenbudapest.hu\/wp-content\/uploads\/2025\/02\/476911905_1858010338365597_8119588739636908337_n-300x225.jpg 300w, https:\/\/greengardenbudapest.hu\/wp-content\/uploads\/2025\/02\/476911905_1858010338365597_8119588739636908337_n-768x576.jpg 768w\" sizes=\"(max-width: 1024px) 100vw, 1024px\" \/>\t\t\t\t\t\t\t\t\t\t\t\t\t\t\t<\/div>\n\t\t\t\t<\/div>\n\t\t\t\t\t<\/div>\n\t\t\t\t<\/div>\n\t\t<div class=\"elementor-element elementor-element-061d91b e-flex e-con-boxed e-con e-parent\" data-id=\"061d91b\" data-element_type=\"container\" data-e-type=\"container\">\n\t\t\t\t\t<div class=\"e-con-inner\">\n\t\t\t\t<div class=\"elementor-element elementor-element-f1c1a69 elementor-hidden-desktop elementor-hidden-laptop elementor-hidden-tablet_extra elementor-hidden-tablet elementor-hidden-mobile_extra elementor-hidden-mobile elementor-widget elementor-widget-theme-post-featured-image elementor-widget-image\" data-id=\"f1c1a69\" data-element_type=\"widget\" data-e-type=\"widget\" data-widget_type=\"theme-post-featured-image.default\">\n\t\t\t\t<div class=\"elementor-widget-container\">\n\t\t\t\t\t\t\t\t\t\t\t\t\t\t\t<img decoding=\"async\" width=\"800\" height=\"600\" src=\"https:\/\/greengardenbudapest.hu\/wp-content\/uploads\/2025\/02\/476911905_1858010338365597_8119588739636908337_n.jpg\" class=\"attachment-large size-large wp-image-360\" alt=\"\" srcset=\"https:\/\/greengardenbudapest.hu\/wp-content\/uploads\/2025\/02\/476911905_1858010338365597_8119588739636908337_n.jpg 1024w, https:\/\/greengardenbudapest.hu\/wp-content\/uploads\/2025\/02\/476911905_1858010338365597_8119588739636908337_n-300x225.jpg 300w, https:\/\/greengardenbudapest.hu\/wp-content\/uploads\/2025\/02\/476911905_1858010338365597_8119588739636908337_n-768x576.jpg 768w\" sizes=\"(max-width: 800px) 100vw, 800px\" \/>\t\t\t\t\t\t\t\t\t\t\t\t\t\t\t<\/div>\n\t\t\t\t<\/div>\n\t\t\t\t\t<\/div>\n\t\t\t\t<\/div>\n\t\t<div class=\"elementor-element elementor-element-ea01486 e-flex e-con-boxed e-con e-parent\" data-id=\"ea01486\" data-element_type=\"container\" data-e-type=\"container\">\n\t\t\t\t\t<div class=\"e-con-inner\">\n\t\t\t\t<div class=\"elementor-element elementor-element-875f9a0 elementor-widget elementor-widget-spacer\" data-id=\"875f9a0\" data-element_type=\"widget\" data-e-type=\"widget\" data-widget_type=\"spacer.default\">\n\t\t\t\t<div class=\"elementor-widget-container\">\n\t\t\t\t\t\t\t<div class=\"elementor-spacer\">\n\t\t\t<div class=\"elementor-spacer-inner\"><\/div>\n\t\t<\/div>\n\t\t\t\t\t\t<\/div>\n\t\t\t\t<\/div>\n\t\t\t\t\t<\/div>\n\t\t\t\t<\/div>\n\t\t<div class=\"elementor-element elementor-element-361c4ab e-flex e-con-boxed e-con e-parent\" data-id=\"361c4ab\" data-element_type=\"container\" data-e-type=\"container\">\n\t\t\t\t\t<div class=\"e-con-inner\">\n\t\t\t\t<div class=\"elementor-element elementor-element-afe7bb4 elementor-widget elementor-widget-text-editor\" data-id=\"afe7bb4\" data-element_type=\"widget\" data-e-type=\"widget\" data-widget_type=\"text-editor.default\">\n\t\t\t\t<div class=\"elementor-widget-container\">\n\t\t\t\t\t\t\t\t\t<p><b>Die Rolle und die Vorteile von Pflasterungen im Garten - Gartenbau und -pflege im Komitat Budapest und Pest<\/b><\/p><p><span style=\"font-weight: 400;\">Pflastersteine sind nicht nur \u00e4sthetisch wichtig f\u00fcr die Gestaltung eines Gartens, sondern spielen auch eine wichtige funktionale Rolle. Sie helfen, den Raum zu strukturieren, sorgen f\u00fcr mehr Bewegungskomfort und sch\u00fctzen den Garten langfristig vor \u00fcberm\u00e4\u00dfiger Abnutzung. Wenn Sie Ihren Garten sch\u00f6ner und gepflegter gestalten m\u00f6chten, bietet Ihnen das Team von Green Garden Budapest ein umfassendes Angebot an Landschaftsbau- und Gartenpflegeleistungen in Budapest und im Komitat Pest.<\/span><\/p><h3><b>Die Vorteile der Pflasterung im Landschaftsbau<\/b><\/h3><ul><li style=\"font-weight: 400;\" aria-level=\"1\"><b>Sie erh\u00f6hen den \u00e4sthetischen Wert<\/b><span style=\"font-weight: 400;\">Die Pflasterung verleiht dem Garten ein elegantes und aufger\u00e4umtes Aussehen und harmoniert mit der Vegetation und der Umgebung.<\/span><\/li><li style=\"font-weight: 400;\" aria-level=\"1\"><b>Den Raum strukturieren<\/b><span style=\"font-weight: 400;\">Sie k\u00f6nnen zur Kennzeichnung von Wegen, Terrassen und Sitzgelegenheiten im Garten verwendet werden, um den Garten \u00fcbersichtlicher und leichter nutzbar zu machen.<\/span><\/li><li style=\"font-weight: 400;\" aria-level=\"1\"><b>Schutz von Rasenfl\u00e4chen und Pflanzen<\/b><span style=\"font-weight: 400;\">Die Pflasterung h\u00e4ufig genutzter Wege und Rastpl\u00e4tze verhindert, dass der Rasen erodiert oder der Boden schlammig wird.<\/span><\/li><li style=\"font-weight: 400;\" aria-level=\"1\"><b>Leichtere Wartung<\/b><span style=\"font-weight: 400;\">: Gepflasterte Fl\u00e4chen sind leichter sauber zu halten, weniger staubig oder schlammig bei Regenwetter.<\/span><\/li><li style=\"font-weight: 400;\" aria-level=\"1\"><b>Langlebige und robuste L\u00f6sung<\/b><span style=\"font-weight: 400;\">Ein richtig ausgew\u00e4hltes Pflaster h\u00e4lt viele Jahre lang den Witterungseinfl\u00fcssen stand, sei es starker Sonnenschein, Regen oder Frost.<\/span><\/li><\/ul><h3><b>Welche Probleme werden durch Pflasterung gel\u00f6st?<\/b><\/h3><ul><li style=\"font-weight: 400;\" aria-level=\"1\"><b>Beseitigung von Schlamm und Pf\u00fctzen<\/b><span style=\"font-weight: 400;\">Bei Regenwetter k\u00f6nnen unbefestigte Stra\u00dfen und Gehwege leicht verschlammen, aber Pflasterung l\u00f6st dieses Problem.<\/span><\/li><li style=\"font-weight: 400;\" aria-level=\"1\"><b>Bietet eine stabile und rutschfeste Oberfl\u00e4che<\/b><span style=\"font-weight: 400;\">Bietet eine ebene Lauffl\u00e4che, die das Unfallrisiko verringert.<\/span><\/li><li style=\"font-weight: 400;\" aria-level=\"1\"><b>Erh\u00f6ht den Wert Ihrer Immobilie<\/b><span style=\"font-weight: 400;\">Eine professionell gestaltete Pflasterung tr\u00e4gt zum \u00e4sthetischen und funktionalen Wert der Immobilie bei.<\/span><\/li><\/ul><h3><b>Wie w\u00e4hlt man das richtige Pflaster aus?<\/b><\/h3><p><span style=\"font-weight: 400;\">Bei der Auswahl des Geh\u00e4uses ist es wichtig, dass Sie sich Gedanken machen:<\/span><\/p><ul><li style=\"font-weight: 400;\" aria-level=\"1\"><b>Das Material<\/b><span style=\"font-weight: 400;\">Betonpflaster, Natursteine, Pflaster in Holzoptik oder Klinker - jedes hat seine eigenen Vorteile.<\/span><\/li><li style=\"font-weight: 400;\" aria-level=\"1\"><b>Farbe und Muster<\/b><span style=\"font-weight: 400;\">Auch aus \u00e4sthetischer Sicht ist es wichtig, dass der Farbton und die Form zur Umgebung passen.<\/span><\/li><li style=\"font-weight: 400;\" aria-level=\"1\"><b>Die Tragf\u00e4higkeit<\/b><span style=\"font-weight: 400;\">St\u00e4rkerer Belag ist f\u00fcr Haltestellen und stark frequentierte Bereiche erforderlich.<\/span><\/li><\/ul><h3><b>Gartenbau und -pflege in Budapest und im Komitat Pest<\/b><\/h3><p><span style=\"font-weight: 400;\">Wenn Sie einen ordentlichen, \u00e4sthetisch ansprechenden und pflegeleichten Garten w\u00fcnschen, kann Ihnen das Team von Green Garden Budapest mit Pflaster- und anderen Landschaftsbauarbeiten helfen.<\/span> <span style=\"font-weight: 400;\">Unsere Dienstleistungen umfassen:<\/span><\/p><ul><li style=\"font-weight: 400;\" aria-level=\"1\"><b>Pflasterung und Landschaftsbau<\/b><span style=\"font-weight: 400;\"> In den Komitaten Budapest und Pest<\/span><\/li><li style=\"font-weight: 400;\" aria-level=\"1\"><b>Installation von automatischen Bew\u00e4sserungssystemen<\/b><span style=\"font-weight: 400;\"> f\u00fcr eine leichtere Gartenpflege<\/span><\/li><li style=\"font-weight: 400;\" aria-level=\"1\"><b>Rasenm\u00e4hen, Heckenschneiden, Bepflanzung und andere Gartenpflegeleistungen<\/b><\/li><\/ul><p><span style=\"font-weight: 400;\">\u00dcberlassen Sie den Experten von Green Garden Budapest den Bau und die Pflege Ihres Gartens und freuen Sie sich \u00fcber einen gepflegten und aufger\u00e4umten Garten in Budapest und im Komitat Pest! Kontaktieren Sie uns mit Vertrauen!<\/span><\/p>\t\t\t\t\t\t\t\t<\/div>\n\t\t\t\t<\/div>\n\t\t\t\t\t<\/div>\n\t\t\t\t<\/div>\n\t\t\t\t<\/div>","protected":false},"excerpt":{"rendered":"<p>Die Rolle und der Nutzen von Pflasterungen im Garten - Gartenbau und -pflege in Budapest und im Komitat Pest Pflasterungen sind nicht nur f\u00fcr die \u00c4sthetik eines Gartens wichtig, sondern auch f\u00fcr seine Funktionalit\u00e4t. Sie tragen zur Strukturierung des Raums bei, sorgen f\u00fcr mehr Bewegungskomfort und sch\u00fctzen den Garten langfristig vor \u00fcberm\u00e4\u00dfiger Abnutzung. Wenn Sie Ihren Garten sch\u00f6ner und gepflegter gestalten wollen, [...]<\/p>","protected":false},"author":4,"featured_media":0,"parent":0,"menu_order":0,"comment_status":"closed","ping_status":"closed","template":"","meta":{"footnotes":""},"class_list":["post-880","page","type-page","status-publish","hentry"],"_links":{"self":[{"href":"https:\/\/greengardenbudapest.hu\/de\/wp-json\/wp\/v2\/pages\/880","targetHints":{"allow":["GET"]}}],"collection":[{"href":"https:\/\/greengardenbudapest.hu\/de\/wp-json\/wp\/v2\/pages"}],"about":[{"href":"https:\/\/greengardenbudapest.hu\/de\/wp-json\/wp\/v2\/types\/page"}],"author":[{"embeddable":true,"href":"https:\/\/greengardenbudapest.hu\/de\/wp-json\/wp\/v2\/users\/4"}],"replies":[{"embeddable":true,"href":"https:\/\/greengardenbudapest.hu\/de\/wp-json\/wp\/v2\/comments?post=880"}],"version-history":[{"count":85,"href":"https:\/\/greengardenbudapest.hu\/de\/wp-json\/wp\/v2\/pages\/880\/revisions"}],"predecessor-version":[{"id":2597,"href":"https:\/\/greengardenbudapest.hu\/de\/wp-json\/wp\/v2\/pages\/880\/revisions\/2597"}],"wp:attachment":[{"href":"https:\/\/greengardenbudapest.hu\/de\/wp-json\/wp\/v2\/media?parent=880"}],"curies":[{"name":"wp","href":"https:\/\/api.w.org\/{rel}","templated":true}]}}