{"id":927,"date":"2025-03-06T12:39:22","date_gmt":"2025-03-06T11:39:22","guid":{"rendered":"https:\/\/greengardenbudapest.hu\/?page_id=927"},"modified":"2025-09-24T18:21:15","modified_gmt":"2025-09-24T16:21:15","slug":"ontozorendszerek","status":"publish","type":"page","link":"https:\/\/greengardenbudapest.hu\/de\/ontozorendszerek\/","title":{"rendered":"ontosysteme"},"content":{"rendered":"<div data-elementor-type=\"wp-page\" data-elementor-id=\"927\" class=\"elementor elementor-927\" data-elementor-post-type=\"page\">\n\t\t\t\t<div class=\"elementor-element elementor-element-c05064c e-flex e-con-boxed e-con e-parent\" data-id=\"c05064c\" data-element_type=\"container\" data-e-type=\"container\">\n\t\t\t\t\t<div class=\"e-con-inner\">\n\t\t\t\t<div class=\"elementor-element elementor-element-146c8aa elementor-widget__width-inherit elementor-widget elementor-widget-image\" data-id=\"146c8aa\" data-element_type=\"widget\" data-e-type=\"widget\" data-widget_type=\"image.default\">\n\t\t\t\t<div class=\"elementor-widget-container\">\n\t\t\t\t\t\t\t\t\t\t\t\t\t\t\t<img fetchpriority=\"high\" decoding=\"async\" width=\"1024\" height=\"768\" src=\"https:\/\/greengardenbudapest.hu\/wp-content\/uploads\/2025\/02\/479559849_623983313702507_1868488842535397721_n.jpg\" class=\"attachment-full size-full wp-image-569\" alt=\"\" srcset=\"https:\/\/greengardenbudapest.hu\/wp-content\/uploads\/2025\/02\/479559849_623983313702507_1868488842535397721_n.jpg 1024w, https:\/\/greengardenbudapest.hu\/wp-content\/uploads\/2025\/02\/479559849_623983313702507_1868488842535397721_n-300x225.jpg 300w, https:\/\/greengardenbudapest.hu\/wp-content\/uploads\/2025\/02\/479559849_623983313702507_1868488842535397721_n-768x576.jpg 768w\" sizes=\"(max-width: 1024px) 100vw, 1024px\" \/>\t\t\t\t\t\t\t\t\t\t\t\t\t\t\t<\/div>\n\t\t\t\t<\/div>\n\t\t\t\t\t<\/div>\n\t\t\t\t<\/div>\n\t\t<div class=\"elementor-element elementor-element-c86a18d e-flex e-con-boxed e-con e-parent\" data-id=\"c86a18d\" data-element_type=\"container\" data-e-type=\"container\">\n\t\t\t\t\t<div class=\"e-con-inner\">\n\t\t\t\t<div class=\"elementor-element elementor-element-c2f38d7 elementor-widget elementor-widget-spacer\" data-id=\"c2f38d7\" data-element_type=\"widget\" data-e-type=\"widget\" data-widget_type=\"spacer.default\">\n\t\t\t\t<div class=\"elementor-widget-container\">\n\t\t\t\t\t\t\t<div class=\"elementor-spacer\">\n\t\t\t<div class=\"elementor-spacer-inner\"><\/div>\n\t\t<\/div>\n\t\t\t\t\t\t<\/div>\n\t\t\t\t<\/div>\n\t\t\t\t<div class=\"elementor-element elementor-element-7ca2a00 elementor-hidden-desktop elementor-hidden-laptop elementor-hidden-tablet_extra elementor-hidden-tablet elementor-hidden-mobile_extra elementor-hidden-mobile elementor-widget elementor-widget-theme-post-featured-image elementor-widget-image\" data-id=\"7ca2a00\" data-element_type=\"widget\" data-e-type=\"widget\" data-widget_type=\"theme-post-featured-image.default\">\n\t\t\t\t<div class=\"elementor-widget-container\">\n\t\t\t\t\t\t\t\t\t\t\t\t\t\t\t<img decoding=\"async\" width=\"800\" height=\"600\" src=\"https:\/\/greengardenbudapest.hu\/wp-content\/uploads\/2025\/02\/479559849_623983313702507_1868488842535397721_n.jpg\" class=\"attachment-large size-large wp-image-569\" alt=\"\" srcset=\"https:\/\/greengardenbudapest.hu\/wp-content\/uploads\/2025\/02\/479559849_623983313702507_1868488842535397721_n.jpg 1024w, https:\/\/greengardenbudapest.hu\/wp-content\/uploads\/2025\/02\/479559849_623983313702507_1868488842535397721_n-300x225.jpg 300w, https:\/\/greengardenbudapest.hu\/wp-content\/uploads\/2025\/02\/479559849_623983313702507_1868488842535397721_n-768x576.jpg 768w\" sizes=\"(max-width: 800px) 100vw, 800px\" \/>\t\t\t\t\t\t\t\t\t\t\t\t\t\t\t<\/div>\n\t\t\t\t<\/div>\n\t\t\t\t\t<\/div>\n\t\t\t\t<\/div>\n\t\t<div class=\"elementor-element elementor-element-c20ae8f e-flex e-con-boxed e-con e-parent\" data-id=\"c20ae8f\" data-element_type=\"container\" data-e-type=\"container\">\n\t\t\t\t\t<div class=\"e-con-inner\">\n\t\t\t\t<div class=\"elementor-element elementor-element-3915c90 elementor-widget elementor-widget-text-editor\" data-id=\"3915c90\" data-element_type=\"widget\" data-e-type=\"widget\" data-widget_type=\"text-editor.default\">\n\t\t\t\t<div class=\"elementor-widget-container\">\n\t\t\t\t\t\t\t\t\t<h3><b>Warum ist ein Bew\u00e4sserungssystem wichtig?<\/b><\/h3>\n<p><span style=\"font-weight: 400;\">Die richtige Bew\u00e4sserung ist entscheidend f\u00fcr ein gesundes Pflanzenwachstum und die Erhaltung der Sch\u00f6nheit Ihres Gartens. Automatische Bew\u00e4sserungssysteme bieten eine effiziente und bequeme L\u00f6sung, die nicht nur Zeit und Energie spart, sondern auch zur Optimierung des Wasserverbrauchs beitr\u00e4gt. A <\/span><b>Gr\u00fcner Garten Budapest<\/b><span style=\"font-weight: 400;\"> Gartenbauunternehmen in Budapest und im Komitat Pest bietet professionelle Installation von Bew\u00e4sserungssystemen und Gartenpflege. Sehen Sie, wie Bew\u00e4sserungssysteme Ihnen helfen k\u00f6nnen, Ihren Garten perfekt zu pflegen!<\/span><\/p>\n<h4><b>1. zeit- und wassersparend<\/b><\/h4>\n<p><span style=\"font-weight: 400;\">Der gr\u00f6\u00dfte Vorteil des Bew\u00e4sserungssystems ist <\/span><b>effiziente Wassernutzung<\/b><span style=\"font-weight: 400;\">. Im Gegensatz zur Bew\u00e4sserung von Hand, bei der Sie m\u00f6glicherweise zu viel oder zu wenig Wasser verwenden, liefern Bew\u00e4sserungssysteme genau die Wassermenge, die Ihre Pflanzen ben\u00f6tigen. Au\u00dferdem k\u00f6nnen Sie den Zeitpunkt der automatischen Bew\u00e4sserung so einstellen, dass die Pflanzen zu den optimalsten Zeiten bew\u00e4ssert werden (z. B. fr\u00fch am Morgen, wenn die Verdunstung am geringsten ist).<\/span><\/p>\n<p><span style=\"font-weight: 400;\">Dies reduziert nicht nur den Wasserverbrauch, sondern auch die Kosten f\u00fcr die Gartenpflege, da weniger Wasser verloren geht. Au\u00dferdem werden durch die fachgerechte und kontrollierte Verteilung des Wassers Probleme durch \u00dcberw\u00e4sserung, wie z. B. Wurzelf\u00e4ule oder \u00dcberw\u00e4sserung, vermieden.<\/span><\/p>\n<h4><b>2. bequeme und zeitsparende L\u00f6sung<\/b><\/h4>\n<p><span style=\"font-weight: 400;\">Ein automatisches Bew\u00e4sserungssystem spart dem Gartenbesitzer Zeit. Sobald das System eingerichtet ist, kann die Bew\u00e4sserung vollst\u00e4ndig automatisiert werden, so dass ein t\u00e4gliches manuelles Eingreifen nicht mehr erforderlich ist. Auch der Zeitpunkt und die H\u00e4ufigkeit der Bew\u00e4sserung k\u00f6nnen gesteuert werden, so dass man sich nicht um die t\u00e4gliche Bew\u00e4sserung k\u00fcmmern muss und Wasserverschwendung vermieden wird. Das System sorgt f\u00fcr die Bew\u00e4sserung des Gartens, w\u00e4hrend Sie sich auf andere Dinge konzentrieren k\u00f6nnen.<\/span><\/p>\n<h4><b>3. gleichm\u00e4\u00dfige Bew\u00e4sserung und gleichm\u00e4\u00dfiges Pflanzenwachstum<\/b><\/h4>\n<p><span style=\"font-weight: 400;\">Bei der herk\u00f6mmlichen Bew\u00e4sserung ist es leicht m\u00f6glich, dass einige Pflanzen zu viel und andere zu wenig Wasser erhalten. Das Bew\u00e4sserungssystem sorgt daf\u00fcr, dass alle Pflanzen die gleiche optimale Menge an Wasser erhalten, damit sie gleichm\u00e4\u00dfig wachsen k\u00f6nnen. Dies ist besonders wichtig f\u00fcr Rasenfl\u00e4chen und Blumenbeete, wo alle Pflanzen gleichm\u00e4\u00dfig bew\u00e4ssert werden m\u00fcssen, um sch\u00f6n und gesund auszusehen.<\/span><\/p>\n<h4><b>4. eine umweltfreundliche und nachhaltige L\u00f6sung<\/b><\/h4>\n<p><span style=\"font-weight: 400;\">Umweltbewusstsein ist heute in allen Bereichen eine Priorit\u00e4t. Bew\u00e4sserungssysteme helfen dabei, den Garten nachhaltig zu pflegen. Automatische Systeme sparen nicht nur Wasser, sondern k\u00f6nnen auch mit intelligenten Funktionen wie Regensensoren ausgestattet sein, die eine Wasserverschwendung an regnerischen Tagen verhindern. Dar\u00fcber hinaus k\u00f6nnen automatische Systeme&nbsp;<\/span>Betrieb tags\u00fcber<span style=\"font-weight: 400;\">&nbsp;verringert auch die Verdunstung, was zur Wasserspeicherung beitr\u00e4gt.<\/span><\/p>\n<h4><b>5. flexible und personalisierte Einstellungen<\/b><\/h4>\n<p><span style=\"font-weight: 400;\">Da es eine breite Palette von Bew\u00e4sserungssystemen gibt, findet sich f\u00fcr jeden Garten ein passendes Modell. Das Design kann auf die Form des Gartens, die Bed\u00fcrfnisse der Pflanzen und sogar auf die Bed\u00fcrfnisse der verschiedenen Zonen zugeschnitten werden. Auf diese Weise k\u00f6nnen die Verteilung des Wassers und der Zeitpunkt der Bew\u00e4sserung auf jeden Garten abgestimmt werden.<\/span><\/p>\n<h3><b>Welche Probleme k\u00f6nnen beim Fehlen eines Bew\u00e4sserungssystems auftreten?<\/b><\/h3>\n<p><span style=\"font-weight: 400;\">Auch wenn viele G\u00e4rtner von Hand bew\u00e4ssern oder einfachere Bew\u00e4sserungsl\u00f6sungen verwenden, kann ein gut installiertes und gewartetes Bew\u00e4sserungssystem Sie vor vielen Problemen bewahren. Hier sind einige der Probleme, die auftreten k\u00f6nnen, wenn Sie kein richtiges Bew\u00e4sserungssystem in Ihrem Garten haben:<\/span><\/p>\n<h4><b>1. ungleichm\u00e4\u00dfige Wasserverteilung und \u00dcberw\u00e4sserung<\/b><\/h4>\n<p><span style=\"font-weight: 400;\">Einer der gr\u00f6\u00dften Nachteile der manuellen Bew\u00e4sserung ist, dass die Bew\u00e4sserung nicht immer gleichm\u00e4\u00dfig erfolgt. Bei der manuellen Bew\u00e4sserung mit einem Schlauch kann es leicht passieren, dass einige Bereiche \u00fcberm\u00e4\u00dfig bew\u00e4ssert werden und andere trocken bleiben. Eine \u00dcberw\u00e4sserung kann die Sauerstoffversorgung der Graswurzeln verringern, was zu Pilzwachstum, Wurzelf\u00e4ule und schlie\u00dflich zum Welken des Grases f\u00fchren kann.<\/span><\/p>\n<p><span style=\"font-weight: 400;\">Wenn das Wasser nicht alle Bereiche richtig erreicht, kann dies zu Problemen f\u00fchren wie <\/span><b>l\u00fcckenhaftes Wachstum<\/b><span style=\"font-weight: 400;\"> oder die <\/span><b>Magerrasen<\/b><span style=\"font-weight: 400;\">Dies f\u00fchrt zu \u00e4sthetischen Problemen und beeintr\u00e4chtigt langfristig auch die Gesundheit des Rasens.<\/span><\/p>\n<h4><b>2. die Wasserverschwendung und hohe Wasserrechnungen<\/b><\/h4>\n<p><span style=\"font-weight: 400;\">Bei der Bew\u00e4sserung von Hand kann man leicht zu viel Wasser verwenden, da es schwierig ist, die ben\u00f6tigte Menge genau zu messen. Bew\u00e4sserungssysteme, insbesondere moderne, intelligente Modelle, k\u00f6nnen die verbrauchte Wassermenge steuern, so dass Sie Folgendes vermeiden k\u00f6nnen <\/span><b>Wasserverschwendung<\/b><span style=\"font-weight: 400;\">. Der automatische Betrieb des Bew\u00e4sserungssystems stellt sicher, dass das Wasser nur dann und in der erforderlichen Menge auf den Boden aufgebracht wird, wenn es ben\u00f6tigt wird.<\/span><\/p>\n<p><span style=\"font-weight: 400;\">Ein erheblicher Anstieg der Wasserrechnungen kann das Ergebnis unsachgem\u00e4\u00dfer Bew\u00e4sserungspraktiken sein, da zu viel Wasser verwendet oder zur falschen Zeit bew\u00e4ssert wird (z. B. am Nachmittag bei hei\u00dfem Wetter), was sich auch auf den Wassergarten auswirkt. Ein Bew\u00e4sserungssystem tr\u00e4gt dazu bei, dass nach jedem Regen nur die ben\u00f6tigte Wassermenge nachgef\u00fcllt wird, und minimiert die Verschwendung.<\/span><\/p>\n<h4><b>3. der Zeitverlust durch h\u00e4ufiges manuelles Bew\u00e4ssern<\/b><\/h4>\n<p><span style=\"font-weight: 400;\">Das Gie\u00dfen von Hand ist nicht nur k\u00f6rperlich anstrengend, sondern auch sehr zeitaufw\u00e4ndig. Jeden Tag den Garten zu gie\u00dfen, kann jede Woche stundenlange Arbeit bedeuten. Dies ist besonders problematisch, wenn Sie mehrere Bereiche des Gartens bew\u00e4ssern m\u00fcssen. Die Verringerung der Arbeitszeit und die Automatisierung der Bew\u00e4sserung durch Bew\u00e4sserungssysteme k\u00f6nnen eine erhebliche Zeitersparnis bedeuten.<\/span><\/p>\n<h4><b>4. gesundheitliche Probleme von Gras und Pflanzen<\/b><\/h4>\n<p><span style=\"font-weight: 400;\">Wird nicht richtig gew\u00e4ssert, k\u00f6nnen Rasen und andere Pflanzen leicht krank werden. A <\/span><b>unzureichende Bew\u00e4sserung<\/b><span style=\"font-weight: 400;\"> ist eine der Hauptursachen f\u00fcr das Verwelken, Absterben oder die Vermehrung von Moos. Wenn der Rasen zu nass ist, k\u00f6nnen sich leicht Pilze und Schimmel bilden. Und wenn er zu trocken ist, kann das Gras austrocknen und verdorren.<\/span><\/p>\n<p><span style=\"font-weight: 400;\">Als Folge der \u00dcberw\u00e4sserung wird die <\/span><b>Wurzelf\u00e4ule<\/b><span style=\"font-weight: 400;\"> und \u00fcberm\u00e4\u00dfige <\/span><b>Moos<\/b><span style=\"font-weight: 400;\"> k\u00f6nnen ebenfalls auftreten. A <\/span><b>Pilzinfektionen<\/b><span style=\"font-weight: 400;\"> oder das Absterben von Gr\u00e4sern sind oft auf eine unzureichende Bew\u00e4sserung zur\u00fcckzuf\u00fchren, die bei fehlendem Bew\u00e4sserungssystem viel h\u00e4ufiger auftreten kann.<\/span><\/p>\n<h4><b>5. die Beeintr\u00e4chtigung des \u00e4sthetischen Erscheinungsbildes des Gartens<\/b><\/h4>\n<p><span style=\"font-weight: 400;\">Eine unzureichende Bew\u00e4sserung f\u00fchrt zu einem ungleichm\u00e4\u00dfigen Wachstum des Rasens und kann zu Vergilbung und Verwelkung f\u00fchren. Die Pflanzen k\u00f6nnen ihre Bl\u00e4tter nicht optimal entfalten und erzielen nicht die gew\u00fcnschten \u00e4sthetischen Ergebnisse. Ein Bew\u00e4sserungssystem sorgt daf\u00fcr, dass alle Pflanzen ausreichend Wasser erhalten, so dass der gesamte Garten sch\u00f6n und gesund bleibt und zur Sch\u00f6nheit und Vitalit\u00e4t des Gartens beitr\u00e4gt.<\/span><\/p>\n<h4><b>6. \u00fcberm\u00e4\u00dfiger Arbeitsaufwand und Erm\u00fcdung<\/b><\/h4>\n<p><span style=\"font-weight: 400;\">Die Bew\u00e4sserung eines Gartens von Hand ist oft eine sehr k\u00f6rperlich anstrengende Aufgabe, insbesondere bei gro\u00dfen G\u00e4rten. Die stundenlange Bew\u00e4sserung, das Bewegen der Schl\u00e4uche und die st\u00e4ndige Aufmerksamkeit k\u00f6nnen Gartenbesitzer leicht ausbrennen. Mit dem Bew\u00e4sserungssystem kann der Gartenbesitzer \u00fcberm\u00e4\u00dfige Arbeit vermeiden, und die Bew\u00e4sserung kann mit Hilfe des automatischen Systems schnell und effizient erfolgen.<\/span><\/p>\n<h3><b>Wie kann ein Unternehmen Ihnen bei der Installation eines Bew\u00e4sserungssystems helfen?<\/b><\/h3>\n<p><span style=\"font-weight: 400;\">Die Installation und Wartung eines Bew\u00e4sserungssystems kann nicht nur kompliziert, sondern auch zeitaufwendig sein. Mit der Hilfe von erfahrenen Fachleuten k\u00f6nnen Sie von den folgenden Vorteilen profitieren:<\/span><\/p>\n<ul>\n<li style=\"font-weight: 400;\" aria-level=\"1\"><b>Fachgerechte Konstruktion<\/b><span style=\"font-weight: 400;\">Die Auswahl und Planung des richtigen Bew\u00e4sserungssystems ber\u00fccksichtigt die individuellen Eigenschaften des Gartens und stellt sicher, dass alle Pflanzen optimal mit Wasser versorgt werden.<\/span>\n<p><\/p>\n<\/li>\n<li style=\"font-weight: 400;\" aria-level=\"1\"><b>Installation und Einrichtung<\/b><span style=\"font-weight: 400;\">Das Unternehmen sorgt f\u00fcr eine sorgf\u00e4ltige Installation und professionelle Einrichtung des Systems, um maximale Effizienz zu gew\u00e4hrleisten.<\/span>\n<p><\/p>\n<\/li>\n<li style=\"font-weight: 400;\" aria-level=\"1\"><b>Regelm\u00e4\u00dfige Wartung<\/b><span style=\"font-weight: 400;\">Regelm\u00e4\u00dfige Wartung von Bew\u00e4sserungssystemen ist wichtig, damit sie langfristig gut funktionieren. Fachleute \u00fcberpr\u00fcfen das System regelm\u00e4\u00dfig, reinigen die Filter und f\u00fchren gegebenenfalls Reparaturen durch.<\/span>\n<p><\/p>\n<\/li>\n<li><b>Fehlersuche<\/b><span style=\"font-weight: 400;\">Wenn ein Problem auftritt, kann ein erfahrenes Team das System schnell und effizient reparieren, um die Wasserverschwendung zu minimieren.<\/span><\/li>\n<\/ul>\n<p data-start=\"3958\" data-end=\"4282\">Zusammenfassend l\u00e4sst sich sagen, dass die Bew\u00e4sserung nicht nur das Leben der Gartenbesitzer erleichtert, sondern auch dazu beitr\u00e4gt, dass Ihr Garten gesund und sch\u00f6n bleibt. Wenn Sie das Beste aus Ihrem Garten herausholen wollen, kann Ihnen ein professionelles Unternehmen bei der Installation und Wartung Ihres Systems helfen, um langfristig eine gute Wasserversorgung zu gew\u00e4hrleisten.<\/p>\t\t\t\t\t\t\t\t<\/div>\n\t\t\t\t<\/div>\n\t\t\t\t\t<\/div>\n\t\t\t\t<\/div>\n\t\t\t\t<\/div>","protected":false},"excerpt":{"rendered":"<p>Warum ist ein Bew\u00e4sserungssystem wichtig? Eine ordnungsgem\u00e4\u00dfe Bew\u00e4sserung ist f\u00fcr das gesunde Wachstum der Pflanzen und die Sch\u00f6nheit Ihres Gartens unerl\u00e4sslich. Automatische Bew\u00e4sserungssysteme bieten eine effiziente und bequeme L\u00f6sung, die nicht nur Zeit und Energie spart, sondern Ihnen auch hilft, das Wasser optimal zu nutzen. Green Garden Budapest, ein Landschaftsbauunternehmen in Budapest und im Komitat Pest, bietet die professionelle Installation von Bew\u00e4sserungssystemen und [...]<\/p>","protected":false},"author":4,"featured_media":0,"parent":0,"menu_order":0,"comment_status":"closed","ping_status":"closed","template":"","meta":{"footnotes":""},"class_list":["post-927","page","type-page","status-publish","hentry"],"_links":{"self":[{"href":"https:\/\/greengardenbudapest.hu\/de\/wp-json\/wp\/v2\/pages\/927","targetHints":{"allow":["GET"]}}],"collection":[{"href":"https:\/\/greengardenbudapest.hu\/de\/wp-json\/wp\/v2\/pages"}],"about":[{"href":"https:\/\/greengardenbudapest.hu\/de\/wp-json\/wp\/v2\/types\/page"}],"author":[{"embeddable":true,"href":"https:\/\/greengardenbudapest.hu\/de\/wp-json\/wp\/v2\/users\/4"}],"replies":[{"embeddable":true,"href":"https:\/\/greengardenbudapest.hu\/de\/wp-json\/wp\/v2\/comments?post=927"}],"version-history":[{"count":21,"href":"https:\/\/greengardenbudapest.hu\/de\/wp-json\/wp\/v2\/pages\/927\/revisions"}],"predecessor-version":[{"id":2600,"href":"https:\/\/greengardenbudapest.hu\/de\/wp-json\/wp\/v2\/pages\/927\/revisions\/2600"}],"wp:attachment":[{"href":"https:\/\/greengardenbudapest.hu\/de\/wp-json\/wp\/v2\/media?parent=927"}],"curies":[{"name":"wp","href":"https:\/\/api.w.org\/{rel}","templated":true}]}}