{"id":933,"date":"2025-03-06T12:40:52","date_gmt":"2025-03-06T11:40:52","guid":{"rendered":"https:\/\/greengardenbudapest.hu\/?page_id=933"},"modified":"2025-09-24T18:21:41","modified_gmt":"2025-09-24T16:21:41","slug":"novenyultetes","status":"publish","type":"page","link":"https:\/\/greengardenbudapest.hu\/de\/novenyultetes\/","title":{"rendered":"novenyultetes"},"content":{"rendered":"<div data-elementor-type=\"wp-page\" data-elementor-id=\"933\" class=\"elementor elementor-933\" data-elementor-post-type=\"page\">\n\t\t\t\t<div class=\"elementor-element elementor-element-ec71489 e-flex e-con-boxed e-con e-parent\" data-id=\"ec71489\" data-element_type=\"container\" data-e-type=\"container\">\n\t\t\t\t\t<div class=\"e-con-inner\">\n\t\t\t\t<div class=\"elementor-element elementor-element-5faf2fd elementor-widget__width-inherit elementor-widget elementor-widget-image\" data-id=\"5faf2fd\" data-element_type=\"widget\" data-e-type=\"widget\" data-widget_type=\"image.default\">\n\t\t\t\t<div class=\"elementor-widget-container\">\n\t\t\t\t\t\t\t\t\t\t\t\t\t\t\t<img decoding=\"async\" src=\"https:\/\/greengardenbudapest.hu\/wp-content\/uploads\/elementor\/thumbs\/479555103_1059473849235555_1047668199688951507_n-r22vetrtbe4i9qhjaie40rnr5iohs11761c07gddhw.jpg\" title=\"479555103_1059473849235555_1047668199688951507_n\" alt=\"479555103_1059473849235555_1047668199688951507_n\" loading=\"lazy\" \/>\t\t\t\t\t\t\t\t\t\t\t\t\t\t\t<\/div>\n\t\t\t\t<\/div>\n\t\t\t\t\t<\/div>\n\t\t\t\t<\/div>\n\t\t<div class=\"elementor-element elementor-element-e4e988f e-flex e-con-boxed e-con e-parent\" data-id=\"e4e988f\" data-element_type=\"container\" data-e-type=\"container\">\n\t\t\t\t\t<div class=\"e-con-inner\">\n\t\t\t\t<div class=\"elementor-element elementor-element-5c0548f elementor-widget elementor-widget-spacer\" data-id=\"5c0548f\" data-element_type=\"widget\" data-e-type=\"widget\" data-widget_type=\"spacer.default\">\n\t\t\t\t<div class=\"elementor-widget-container\">\n\t\t\t\t\t\t\t<div class=\"elementor-spacer\">\n\t\t\t<div class=\"elementor-spacer-inner\"><\/div>\n\t\t<\/div>\n\t\t\t\t\t\t<\/div>\n\t\t\t\t<\/div>\n\t\t\t\t<div class=\"elementor-element elementor-element-0fce06e elementor-hidden-desktop elementor-hidden-laptop elementor-hidden-tablet_extra elementor-hidden-tablet elementor-hidden-mobile_extra elementor-hidden-mobile elementor-widget elementor-widget-theme-post-featured-image elementor-widget-image\" data-id=\"0fce06e\" data-element_type=\"widget\" data-e-type=\"widget\" data-widget_type=\"theme-post-featured-image.default\">\n\t\t\t\t<div class=\"elementor-widget-container\">\n\t\t\t\t\t\t\t\t\t\t\t\t\t\t\t<img fetchpriority=\"high\" decoding=\"async\" width=\"800\" height=\"534\" src=\"https:\/\/greengardenbudapest.hu\/wp-content\/uploads\/2025\/02\/479555103_1059473849235555_1047668199688951507_n-1-1024x683.jpg\" class=\"attachment-large size-large wp-image-567\" alt=\"F\u0171ny\u00edr\u00e1s ut\u00e1n rendezett p\u00e1zsit kert\u00e9p\u00edt\u00e9s r\u00e9szek\u00e9nt Budapesten\" srcset=\"https:\/\/greengardenbudapest.hu\/wp-content\/uploads\/2025\/02\/479555103_1059473849235555_1047668199688951507_n-1-1024x683.jpg 1024w, https:\/\/greengardenbudapest.hu\/wp-content\/uploads\/2025\/02\/479555103_1059473849235555_1047668199688951507_n-1-300x200.jpg 300w, https:\/\/greengardenbudapest.hu\/wp-content\/uploads\/2025\/02\/479555103_1059473849235555_1047668199688951507_n-1-768x512.jpg 768w, https:\/\/greengardenbudapest.hu\/wp-content\/uploads\/2025\/02\/479555103_1059473849235555_1047668199688951507_n-1-1536x1025.jpg 1536w, https:\/\/greengardenbudapest.hu\/wp-content\/uploads\/2025\/02\/479555103_1059473849235555_1047668199688951507_n-1.jpg 2048w\" sizes=\"(max-width: 800px) 100vw, 800px\" \/>\t\t\t\t\t\t\t\t\t\t\t\t\t\t\t<\/div>\n\t\t\t\t<\/div>\n\t\t\t\t\t<\/div>\n\t\t\t\t<\/div>\n\t\t<div class=\"elementor-element elementor-element-674b137 e-flex e-con-boxed e-con e-parent\" data-id=\"674b137\" data-element_type=\"container\" data-e-type=\"container\">\n\t\t\t\t\t<div class=\"e-con-inner\">\n\t\t\t\t<div class=\"elementor-element elementor-element-b6a1b2a elementor-widget elementor-widget-text-editor\" data-id=\"b6a1b2a\" data-element_type=\"widget\" data-e-type=\"widget\" data-widget_type=\"text-editor.default\">\n\t\t\t\t<div class=\"elementor-widget-container\">\n\t\t\t\t\t\t\t\t\t<p><b>Schritte und Bedeutung der Bepflanzung - Green Garden Budapest Gardening and Garden Maintenance<\/b><\/p><p><span style=\"font-weight: 400;\">A <\/span><b>Bepflanzung<\/b><span style=\"font-weight: 400;\"> ist eine der wichtigsten g\u00e4rtnerischen T\u00e4tigkeiten, die f\u00fcr die Gesundheit und Entwicklung der Pflanzen entscheidend sind. Die richtige Bepflanzung ist entscheidend f\u00fcr den langfristigen Erfolg Ihrer Pflanzen. A <\/span><b>Gr\u00fcner Garten Budapest<\/b><span style=\"font-weight: 400;\"> Gartenbauunternehmen in Budapest und im Komitat Pest, Ungarn, hilft Ihnen mit den besten L\u00f6sungen f\u00fcr Gartenbau und -pflege, damit Ihr Garten sch\u00f6n und gesund bleibt.<\/span><\/p><h3><b>Wann sollten Sie Pflanzen pflanzen?<\/b><\/h3><ul><li style=\"font-weight: 400;\" aria-level=\"1\"><b>Fr\u00fchjahrspflanzung<\/b><span style=\"font-weight: 400;\">Der beste Zeitpunkt zum Pflanzen ist das zeitige Fr\u00fchjahr, wenn der Boden warm, aber nicht zu trocken ist. Die Fr\u00fchjahrspflanzung ist ideal f\u00fcr Blumen, Gem\u00fcse und B\u00e4ume.<\/span><\/li><li style=\"font-weight: 400;\" aria-level=\"1\"><b>Herbstliche Bepflanzung<\/b><span style=\"font-weight: 400;\">Herbstbepflanzung: Die Herbstbepflanzung ist eine hervorragende Gelegenheit f\u00fcr B\u00e4ume, Str\u00e4ucher und Stauden, da die Niederschl\u00e4ge im Winter die Wurzeln st\u00e4rken.<\/span><\/li><li style=\"font-weight: 400;\" aria-level=\"1\"><b>Sommerbepflanzung<\/b><span style=\"font-weight: 400;\">Sie k\u00f6nnen auch in den w\u00e4rmeren Monaten pflanzen, m\u00fcssen aber auf regelm\u00e4\u00dfiges Gie\u00dfen und Beschattung achten, damit die Pflanzen nicht unter der Hitze leiden.<\/span><\/li><\/ul><h3><b>Wie pflanzt man richtig?<\/b><\/h3><ol><li style=\"font-weight: 400;\" aria-level=\"1\"><b>Die Wahl des richtigen Ortes<\/b><span style=\"font-weight: 400;\">Bei der Anpflanzung von Pflanzen ist es wichtig, ihren Licht-, Wasser- und N\u00e4hrstoffbedarf zu ber\u00fccksichtigen. A <\/span><b>Gartenarbeit<\/b><span style=\"font-weight: 400;\"> Die Wahl des richtigen Ortes ist immer der Schl\u00fcssel zum Erfolg.<\/span><\/li><li style=\"font-weight: 400;\" aria-level=\"1\"><b>Ausheben von Gruben<\/b><span style=\"font-weight: 400;\">Das Pflanzloch sollte mindestens doppelt so gro\u00df sein wie der Wurzelbereich der Pflanze, um gen\u00fcgend Platz f\u00fcr das Wachstum zu haben.<\/span><\/li><li style=\"font-weight: 400;\" aria-level=\"1\"><b>Platzierung der Anlage<\/b><span style=\"font-weight: 400;\">Pflanzung: Achten Sie beim Pflanzen darauf, dass der Wurzelhals eben mit dem Boden ist.<\/span><\/li><li style=\"font-weight: 400;\" aria-level=\"1\"><b>R\u00fcckatmung und Kompression<\/b><span style=\"font-weight: 400;\">: Verdichten Sie die Erde um die Pflanze herum leicht, um sie stabil zu halten und ein erfolgreiches Wachstum zu gew\u00e4hrleisten.<\/span><\/li><\/ol><h3><b>Den richtigen Boden vorbereiten<\/b><\/h3><p><span style=\"font-weight: 400;\">Eine ordnungsgem\u00e4\u00dfe Bodenvorbereitung ist f\u00fcr ein erfolgreiches Pflanzenwachstum unerl\u00e4sslich. A <\/span><b>Gr\u00fcner Garten Budapest<\/b><span style=\"font-weight: 400;\"> Gartenbauexperten k\u00f6nnen Ihnen bei der Vorbereitung des richtigen Bodens helfen:<\/span><\/p><ul><li style=\"font-weight: 400;\" aria-level=\"1\"><b>N\u00e4hrstoffreicher Boden<\/b><span style=\"font-weight: 400;\">Lockerer, gut durchl\u00fcfteter Boden f\u00f6rdert eine schnelle Wurzelentwicklung.<\/span><\/li><li style=\"font-weight: 400;\" aria-level=\"1\"><b>Zugabe von Kompost oder organischem D\u00fcnger<\/b><span style=\"font-weight: 400;\">Dies verbessert die Bodenstruktur und den N\u00e4hrstoffgehalt und bietet eine ideale Grundlage f\u00fcr Pflanzen.<\/span><\/li><li style=\"font-weight: 400;\" aria-level=\"1\"><b>Verwendung von Sand oder Kies<\/b><span style=\"font-weight: 400;\">In verdichteten B\u00f6den kann sie die Drainage verbessern und eine ausreichende Sauerstoffversorgung der Wurzeln gew\u00e4hrleisten.<\/span><\/li><\/ul><h3><b>Bew\u00e4sserung und N\u00e4hrstoffversorgung<\/b><\/h3><ul><li style=\"font-weight: 400;\" aria-level=\"1\"><b>\u00dcppige Bew\u00e4sserung<\/b><span style=\"font-weight: 400;\">Sofort nach dem Einpflanzen reichlich gie\u00dfen, damit die Wurzeln gut im Boden verankert werden und die Pflanze gut anwurzelt.<\/span><\/li><li style=\"font-weight: 400;\" aria-level=\"1\"><b>Kontinuierliche Bew\u00e4sserung<\/b><span style=\"font-weight: 400;\">Kontinuierliche Bew\u00e4sserung ist f\u00fcr die richtige Entwicklung der Pflanzen unerl\u00e4sslich, insbesondere in Trockenperioden.<\/span><\/li><li style=\"font-weight: 400;\" aria-level=\"1\"><b>Versorgung mit N\u00e4hrstoffen<\/b><span style=\"font-weight: 400;\">D\u00fcngemittel, Kompost oder Mist k\u00f6nnen dazu beitragen, dass die Pflanzen schneller wachsen und gesund bleiben.<\/span><\/li><li style=\"font-weight: 400;\" aria-level=\"1\"><b>Mulchen<\/b><span style=\"font-weight: 400;\">Mulch hilft, die Feuchtigkeit im Boden zu halten, reduziert das Unkrautwachstum und sch\u00fctzt die Pflanzen vor Temperaturschwankungen.<\/span><\/li><\/ul><h3><b>Warum w\u00e4hlen Sie uns, Green Garden Budapest?<\/b><\/h3><p><span style=\"font-weight: 400;\">A <\/span><b>Gr\u00fcner Garten Budapest<\/b><span style=\"font-weight: 400;\"> Gartenbau und -pflege in Budapest und im Komitat Pest garantieren, dass Ihr Garten immer gr\u00fcn und gesund ist. Unser professionelles Team hilft Ihnen bei der Bepflanzung, der Bodenvorbereitung und der gesamten Gartenpflege, damit Ihr Garten immer sch\u00f6n aussieht. \u00dcberlassen Sie uns die Pflege Ihres Gartens und genie\u00dfen Sie eine sch\u00f6ne, harmonische gr\u00fcne Umgebung!<\/span><\/p><p><span style=\"font-weight: 400;\">Wenn Sie m\u00f6chten, dass Ihr Garten immer sch\u00f6n aussieht, kontaktieren Sie uns unter <\/span><b>Gr\u00fcner Garten Budapest<\/b><span style=\"font-weight: 400;\">-und wir helfen Ihnen, das beste Angebot zu finden <\/span><b>Gartenbau<\/b><span style=\"font-weight: 400;\"> und <\/span><b>Gartenpflege<\/b><span style=\"font-weight: 400;\"> mit L\u00f6sungen!<\/span><\/p>\t\t\t\t\t\t\t\t<\/div>\n\t\t\t\t<\/div>\n\t\t\t\t\t<\/div>\n\t\t\t\t<\/div>\n\t\t\t\t<\/div>","protected":false},"excerpt":{"rendered":"<p>Die Schritte und die Bedeutung der Bepflanzung - Green Garden Budapest Gartenarbeit und Gartenpflege Die Bepflanzung ist eine der wichtigsten g\u00e4rtnerischen T\u00e4tigkeiten, die f\u00fcr die Gesundheit und Entwicklung der Pflanzen entscheidend sind. Die richtige Bepflanzung ist entscheidend f\u00fcr den langfristigen Erfolg der Pflanzen. Die Spezialisten von Green Garden Budapest f\u00fcr Gartenbau und Gartenpflege in Budapest und im Komitat Pest k\u00f6nnen Ihnen mit den besten L\u00f6sungen f\u00fcr Gartenbau und Gartenpflege helfen, [...]<\/p>","protected":false},"author":4,"featured_media":0,"parent":0,"menu_order":0,"comment_status":"closed","ping_status":"closed","template":"","meta":{"footnotes":""},"class_list":["post-933","page","type-page","status-publish","hentry"],"_links":{"self":[{"href":"https:\/\/greengardenbudapest.hu\/de\/wp-json\/wp\/v2\/pages\/933","targetHints":{"allow":["GET"]}}],"collection":[{"href":"https:\/\/greengardenbudapest.hu\/de\/wp-json\/wp\/v2\/pages"}],"about":[{"href":"https:\/\/greengardenbudapest.hu\/de\/wp-json\/wp\/v2\/types\/page"}],"author":[{"embeddable":true,"href":"https:\/\/greengardenbudapest.hu\/de\/wp-json\/wp\/v2\/users\/4"}],"replies":[{"embeddable":true,"href":"https:\/\/greengardenbudapest.hu\/de\/wp-json\/wp\/v2\/comments?post=933"}],"version-history":[{"count":24,"href":"https:\/\/greengardenbudapest.hu\/de\/wp-json\/wp\/v2\/pages\/933\/revisions"}],"predecessor-version":[{"id":2603,"href":"https:\/\/greengardenbudapest.hu\/de\/wp-json\/wp\/v2\/pages\/933\/revisions\/2603"}],"wp:attachment":[{"href":"https:\/\/greengardenbudapest.hu\/de\/wp-json\/wp\/v2\/media?parent=933"}],"curies":[{"name":"wp","href":"https:\/\/api.w.org\/{rel}","templated":true}]}}