{"id":948,"date":"2025-03-06T12:42:27","date_gmt":"2025-03-06T11:42:27","guid":{"rendered":"https:\/\/greengardenbudapest.hu\/?page_id=948"},"modified":"2025-09-24T18:23:55","modified_gmt":"2025-09-24T16:23:55","slug":"gyepszelloztetes","status":"publish","type":"page","link":"https:\/\/greengardenbudapest.hu\/de\/gyepszelloztetes\/","title":{"rendered":"Rasenzellulose"},"content":{"rendered":"<div data-elementor-type=\"wp-page\" data-elementor-id=\"948\" class=\"elementor elementor-948\" data-elementor-post-type=\"page\">\n\t\t\t\t<div class=\"elementor-element elementor-element-a234528 e-flex e-con-boxed e-con e-parent\" data-id=\"a234528\" data-element_type=\"container\" data-e-type=\"container\">\n\t\t\t\t\t<div class=\"e-con-inner\">\n\t\t\t\t<div class=\"elementor-element elementor-element-97643a3 elementor-widget__width-inherit elementor-widget elementor-widget-image\" data-id=\"97643a3\" data-element_type=\"widget\" data-e-type=\"widget\" data-widget_type=\"image.default\">\n\t\t\t\t<div class=\"elementor-widget-container\">\n\t\t\t\t\t\t\t\t\t\t\t\t\t\t\t<img decoding=\"async\" src=\"https:\/\/greengardenbudapest.hu\/wp-content\/uploads\/elementor\/thumbs\/479555103_1059473849235555_1047668199688951507_n-r22vetrtbe4i9qhjaie40rnr5iohs11761c07gddhw.jpg\" title=\"479555103_1059473849235555_1047668199688951507_n\" alt=\"479555103_1059473849235555_1047668199688951507_n\" loading=\"lazy\" \/>\t\t\t\t\t\t\t\t\t\t\t\t\t\t\t<\/div>\n\t\t\t\t<\/div>\n\t\t\t\t\t<\/div>\n\t\t\t\t<\/div>\n\t\t<div class=\"elementor-element elementor-element-5e25850 e-flex e-con-boxed e-con e-parent\" data-id=\"5e25850\" data-element_type=\"container\" data-e-type=\"container\">\n\t\t\t\t\t<div class=\"e-con-inner\">\n\t\t\t\t<div class=\"elementor-element elementor-element-760c2cc elementor-widget elementor-widget-spacer\" data-id=\"760c2cc\" data-element_type=\"widget\" data-e-type=\"widget\" data-widget_type=\"spacer.default\">\n\t\t\t\t<div class=\"elementor-widget-container\">\n\t\t\t\t\t\t\t<div class=\"elementor-spacer\">\n\t\t\t<div class=\"elementor-spacer-inner\"><\/div>\n\t\t<\/div>\n\t\t\t\t\t\t<\/div>\n\t\t\t\t<\/div>\n\t\t\t\t<div class=\"elementor-element elementor-element-05db000 elementor-hidden-desktop elementor-hidden-laptop elementor-hidden-tablet_extra elementor-hidden-tablet elementor-hidden-mobile_extra elementor-hidden-mobile elementor-widget elementor-widget-theme-post-featured-image elementor-widget-image\" data-id=\"05db000\" data-element_type=\"widget\" data-e-type=\"widget\" data-widget_type=\"theme-post-featured-image.default\">\n\t\t\t\t<div class=\"elementor-widget-container\">\n\t\t\t\t\t\t\t\t\t\t\t\t\t\t\t<img fetchpriority=\"high\" decoding=\"async\" width=\"800\" height=\"534\" src=\"https:\/\/greengardenbudapest.hu\/wp-content\/uploads\/2025\/02\/479555103_1059473849235555_1047668199688951507_n-1-1024x683.jpg\" class=\"attachment-large size-large wp-image-567\" alt=\"F\u0171ny\u00edr\u00e1s ut\u00e1n rendezett p\u00e1zsit kert\u00e9p\u00edt\u00e9s r\u00e9szek\u00e9nt Budapesten\" srcset=\"https:\/\/greengardenbudapest.hu\/wp-content\/uploads\/2025\/02\/479555103_1059473849235555_1047668199688951507_n-1-1024x683.jpg 1024w, https:\/\/greengardenbudapest.hu\/wp-content\/uploads\/2025\/02\/479555103_1059473849235555_1047668199688951507_n-1-300x200.jpg 300w, https:\/\/greengardenbudapest.hu\/wp-content\/uploads\/2025\/02\/479555103_1059473849235555_1047668199688951507_n-1-768x512.jpg 768w, https:\/\/greengardenbudapest.hu\/wp-content\/uploads\/2025\/02\/479555103_1059473849235555_1047668199688951507_n-1-1536x1025.jpg 1536w, https:\/\/greengardenbudapest.hu\/wp-content\/uploads\/2025\/02\/479555103_1059473849235555_1047668199688951507_n-1.jpg 2048w\" sizes=\"(max-width: 800px) 100vw, 800px\" \/>\t\t\t\t\t\t\t\t\t\t\t\t\t\t\t<\/div>\n\t\t\t\t<\/div>\n\t\t\t\t\t<\/div>\n\t\t\t\t<\/div>\n\t\t<div class=\"elementor-element elementor-element-736878b e-flex e-con-boxed e-con e-parent\" data-id=\"736878b\" data-element_type=\"container\" data-e-type=\"container\">\n\t\t\t\t\t<div class=\"e-con-inner\">\n\t\t\t\t<div class=\"elementor-element elementor-element-b849752 elementor-widget elementor-widget-text-editor\" data-id=\"b849752\" data-element_type=\"widget\" data-e-type=\"widget\" data-widget_type=\"text-editor.default\">\n\t\t\t\t<div class=\"elementor-widget-container\">\n\t\t\t\t\t\t\t\t\t<h3><b>Rasenbel\u00fcftung im Fr\u00fchjahr - wie Sie Ihren Rasen in Form bringen!<\/b><\/h3><p><span style=\"font-weight: 400;\">A <\/span><b>Rasenbel\u00fcftung im Fr\u00fchjahr<\/b><span style=\"font-weight: 400;\"> ist ein wichtiger Schritt, um einen gesunden Rasen zu erhalten und sicherzustellen, dass das Gras \u00fcppig und widerstandsf\u00e4hig w\u00e4chst. Mit dem Einzug des Fr\u00fchlings lohnt es sich, Ihrem Garten Aufmerksamkeit zu schenken, um Ihren Rasen auf die Sommermonate vorzubereiten. Richtig durchgef\u00fchrt, verbessert die Rasenbel\u00fcftung die Durchl\u00fcftung des Bodens, f\u00f6rdert die Wasser- und N\u00e4hrstoffaufnahme und regt das Graswachstum an.<\/span><\/p><h3><b>Warum ist die Rasenbel\u00fcftung im Fr\u00fchjahr wichtig?<\/b><\/h3><p><span style=\"font-weight: 400;\">Die Bel\u00fcftung des Rasens ist ein mechanischer Prozess, der die Ansammlung von <\/span><b>toter Grasschnitt<\/b><span style=\"font-weight: 400;\">Moos und andere organische Stoffe. Dadurch kann der Boden atmen und erh\u00e4lt leichter die N\u00e4hrstoffe, das Wasser und den Sauerstoff, die er ben\u00f6tigt, was ein gesundes Rasenwachstum f\u00f6rdert.<\/span><\/p><p><span style=\"font-weight: 400;\">Es mag auf den ersten Blick nicht gef\u00e4hrlich erscheinen, aber diese sogenannte <\/span><b>Filzschicht<\/b><span style=\"font-weight: 400;\"> hemmt die normale Funktion des Rasens:<\/span><\/p><ul><li style=\"font-weight: 400;\" aria-level=\"1\"><b>Er verhindert, dass Wasser, N\u00e4hrstoffe und Sauerstoff zu den Wurzeln gelangen.<\/b><span style=\"font-weight: 400;\"> Es n\u00fctzt nichts, den Rasen zu bew\u00e4ssern oder zu d\u00fcngen, wenn die Wirkstoffe an der Oberfl\u00e4che eingeschlossen sind.<\/span><span style=\"font-weight: 400;\"><br \/><\/span><\/li><li style=\"font-weight: 400;\" aria-level=\"1\"><b>Entzieht dem Gras die Kraft<\/b><span style=\"font-weight: 400;\">Die neuen Triebe k\u00f6nnen nicht durchbrechen, das Wachstum ist schlechter, das Gras ist l\u00fcckenhafter und gelblicher.<\/span><span style=\"font-weight: 400;\"><br \/><\/span><\/li><li style=\"font-weight: 400;\" aria-level=\"1\"><b>Ideale Umgebung f\u00fcr Moos, Pilze und Sch\u00e4dlinge<\/b><span style=\"font-weight: 400;\">die das Gras noch mehr verdr\u00e4ngen.<\/span><span style=\"font-weight: 400;\"><br \/><\/span><\/li><\/ul><p><span style=\"font-weight: 400;\">Deshalb ist die Bel\u00fcftung des Rasens so wichtig: ein <\/span><b>eine regenerierende, energetisierende Intervention<\/b><span style=\"font-weight: 400;\">Dadurch wird die oberste Schicht des Rasens gelockert, der Filz entfernt und das Gras hat die M\u00f6glichkeit zu atmen und wieder zu wachsen.<\/span><\/p><p><b>Sie ist f\u00fcr das Gras wie ein tiefer, erfrischender Fr\u00fchlingsatem f\u00fcr uns.<\/b><b><br \/><\/b><span style=\"font-weight: 400;\"> Ein gut bel\u00fcfteter Rasen w\u00e4chst kr\u00e4ftiger, ist widerstandsf\u00e4higer gegen Unkraut und Trockenheit und hat die ganze Saison \u00fcber eine satte, leuchtend gr\u00fcne Farbe.<\/span><\/p><h3><b>Wann sollten Sie Ihren Rasen im Fr\u00fchjahr l\u00fcften?<\/b><\/h3><p><span style=\"font-weight: 400;\">Der Zeitpunkt der Rasenbel\u00fcftung ist entscheidend - wenn Sie zu fr\u00fch oder zu sp\u00e4t damit beginnen, wird der Rasen die Vorteile des Eingriffs nicht nutzen k\u00f6nnen. Idealerweise <\/span><b>im zeitigen Fr\u00fchjahr<\/b><span style=\"font-weight: 400;\"> die es wert sind, getan zu werden, typischerweise <\/span><b>zwischen Ende M\u00e4rz und Mitte April<\/b><span style=\"font-weight: 400;\">Je nach Witterungsbedingungen kann dies jedoch von Jahr zu Jahr variieren.<\/span><\/p><p><span style=\"font-weight: 400;\">Anhand der folgenden Anzeichen k\u00f6nnen Sie erkennen, wann es an der Zeit ist:<\/span><\/p><ul><li style=\"font-weight: 400;\" aria-level=\"1\"><b>Die Gefahr von Frost ist vor\u00fcber:<\/b><span style=\"font-weight: 400;\"> Wenn der Boden noch hart oder gefroren ist oder morgens noch Schnee liegt, warten Sie. Wir st\u00f6ren die Oberfl\u00e4che, wenn wir den Rasen l\u00fcften. Deshalb ist es wichtig, dass der Boden nicht bereits gefroren ist, sonst k\u00f6nnen wir die Wurzelzone besch\u00e4digen.<\/span><span style=\"font-weight: 400;\"><br \/><\/span><\/li><li style=\"font-weight: 400;\" aria-level=\"1\"><b>Der Boden ist leicht trocken:<\/b><span style=\"font-weight: 400;\"> Die Bel\u00fcftung von zu nassem Boden kann dazu f\u00fchren, dass der Rasen aufbricht oder \"umkippt\", vor allem in kleineren G\u00e4rten, in denen das Gras h\u00e4ufiger zertreten wird. Idealerweise ist der Boden leicht verschlammt, aber noch nicht staubig.<\/span><span style=\"font-weight: 400;\"><br \/><\/span><\/li><\/ul><p><b>Das Gras hat bereits zu wachsen begonnen:<\/b><span style=\"font-weight: 400;\"> Wenn der Rasen bereits Lebenszeichen von sich gibt - blassgr\u00fcne, frische Triebe -, aber noch nicht zu hoch ist, dann ist der ideale Zeitpunkt gekommen. Das bedeutet, dass die Wurzeln bereits aktiv sind und sich regenerieren k\u00f6nnen, aber der ganze Rasen noch nicht gebl\u00fcht hat.<\/span><span style=\"font-weight: 400;\"><br \/><\/span><\/p><h4><b>Worauf ist zu achten?<\/b><\/h4><ul><li style=\"font-weight: 400;\" aria-level=\"1\"><b>Nehmen Sie sich Zeit!<\/b><span style=\"font-weight: 400;\"> Wenn Sie zu fr\u00fch l\u00fcften, k\u00f6nnen Wurzeln, die noch schwach sind und aus dem Winterschlaf erwachen, besch\u00e4digt werden, das Wachstum hemmen und sogar stellenweise absterben.<\/span><span style=\"font-weight: 400;\"><br \/><\/span><\/li><li><b>Z\u00f6gern Sie nicht zu lange!<\/b><span style=\"font-weight: 400;\"> Wenn der Rasen bereits dicht ist, sitzt die Filzschicht fest und l\u00e4sst sich nur noch schwer entfernen, und das Gras hat bereits begonnen, mit aller Kraft zu wachsen, so dass der Eingriff mehr schaden als n\u00fctzen kann.<\/span><\/li><\/ul><h3><b>Worauf sollten Sie beim Aerifizieren Ihres Rasens besonders achten?<\/b><\/h3><p><span style=\"font-weight: 400;\">Rasenbel\u00fcftung ist kein gewaltsames \"Umdrehen des Bodens\" - es ist eine pr\u00e4zise, gr\u00fcndliche Pflege, bei der es auf die kleinen Details ankommt. Wenn Sie nicht auf die Feinheiten der Ausf\u00fchrung achten, k\u00f6nnen Sie Ihrem Rasen leicht schaden, anstatt ihm zu helfen. Hier sind die wichtigsten Punkte, die Sie beachten sollten:<\/span><\/p><h4><b>1. nicht zu tief l\u00fcften<\/b><\/h4><p><span style=\"font-weight: 400;\">Der h\u00e4ufigste Fehler besteht darin, den Rasen wie beim Pfl\u00fcgen zu bearbeiten, obwohl das Ziel darin besteht <\/span><b>keine Auflockerung des Bodens<\/b><span style=\"font-weight: 400;\">aber <\/span><b>Auflockerung der oberen, verfilzten Schicht des Rasens<\/b><span style=\"font-weight: 400;\">. Wenn Sie zu tief gehen, k\u00f6nnen Sie die Wurzeln ausrei\u00dfen, junge Triebe entwurzeln und mehr Schaden als Nutzen anrichten.<\/span><\/p><p><b>Tipp<\/b><span style=\"font-weight: 400;\">Wenn Sie eine manuelle Harke verwenden, sp\u00fcren Sie, wenn der Widerstand zu gro\u00df ist - gehen Sie in diesem Fall aus mehreren Richtungen leichter vor.<\/span><\/p><h4><b>2. nicht auf zu nassem Boden arbeiten<\/b><\/h4><p><span style=\"font-weight: 400;\">L\u00fcften Sie immer auf trockenem, aber nicht v\u00f6llig trockenem Boden. Wenn der Boden zu nass ist, kann die Harke oder die Bel\u00fcftungsmaschine <\/span><b>k\u00f6nnen den Rasen zerrei\u00dfen<\/b><span style=\"font-weight: 400;\">und die Wurzeln des Grases werden leichter besch\u00e4digt. Au\u00dferdem k\u00f6nnen schwerere Maschinen die Struktur zerdr\u00fccken.<\/span><\/p><p><b>Tipp<\/b><span style=\"font-weight: 400;\">Wenn es unter Ihren F\u00fc\u00dfen knirscht oder Sie eine Spur im Gras hinterlassen, warten Sie ein paar Tage!<\/span><\/p><h4><b>3. lassen Sie die Nachsorge nicht aus!<\/b><\/h4><p><span style=\"font-weight: 400;\">Nach dem Aerifizieren ist Ihr Rasen ein wenig \"m\u00fcde\" - um sich wirklich zu erneuern, braucht er ein wenig Unterst\u00fctzung:<\/span><\/p><ul><li style=\"font-weight: 400;\" aria-level=\"1\"><b>Befruchtung<\/b><span style=\"font-weight: 400;\">Eine leichte Fr\u00fchjahrsd\u00fcngung des Rasens hilft, die Erholung in Gang zu bringen.<\/span><span style=\"font-weight: 400;\"><br \/><\/span><\/li><li style=\"font-weight: 400;\" aria-level=\"1\"><b>Ersatz von Grassamen<\/b><span style=\"font-weight: 400;\">A: Wenn der Rasen nach dem Aerifizieren stellenweise d\u00fcnner aussieht, s\u00e4en Sie einen sp\u00e4rlichen Rasensamen ein.<\/span><span style=\"font-weight: 400;\"><br \/><\/span><\/li><li style=\"font-weight: 400;\" aria-level=\"1\"><b>Bew\u00e4sserung<\/b><span style=\"font-weight: 400;\">Eine gute, aber nicht \u00fcberm\u00e4\u00dfige Bew\u00e4sserung hilft, den restlichen Filz abzuwaschen und die N\u00e4hrstoffe zuzuf\u00fchren.<\/span><span style=\"font-weight: 400;\"><br \/><\/span><\/li><\/ul><p><b>Tipp<\/b><span style=\"font-weight: 400;\">Warten Sie nicht wochenlang mit dem Auff\u00fcllen - am besten noch am Tag der Bel\u00fcftung oder am n\u00e4chsten Tag, wenn der Boden noch offen und aufnahmef\u00e4hig ist.<\/span><\/p><h3><b>Was sind die Vorteile einer regelm\u00e4\u00dfigen Rasenbel\u00fcftung?<\/b><\/h3><ul><li style=\"font-weight: 400;\" aria-level=\"1\"><b>Ein \u00fcppiger, kr\u00e4ftiger Rasen<\/b><span style=\"font-weight: 400;\">Gras w\u00e4chst schneller, weil es leichter Zugang zu Wasser, N\u00e4hrstoffen und Sauerstoff hat.<\/span><\/li><li style=\"font-weight: 400;\" aria-level=\"1\"><b>Weniger Unkraut- und Moosbewuchs<\/b><span style=\"font-weight: 400;\">Rasenbel\u00fcftung reduziert die Ausbreitung von Unkraut und Moos.<\/span><\/li><li style=\"font-weight: 400;\" aria-level=\"1\"><b>Bessere Entw\u00e4sserung<\/b><span style=\"font-weight: 400;\">Der Rasen verdichtet sich nicht, so dass das Regenwasser leichter in den Boden einsickern kann.<\/span><\/li><li style=\"font-weight: 400;\" aria-level=\"1\"><b>Ges\u00fcndere Wurzeln<\/b><span style=\"font-weight: 400;\">Ausreichende Sauerstoffzufuhr tr\u00e4gt zur St\u00e4rkung der Wurzeln bei und macht das Gras widerstandsf\u00e4higer gegen Trockenheit und Krankheiten.<\/span><\/li><\/ul><h3><b>Wenn Sie keine Zeit oder Energie haben - bitten Sie um Hilfe!<\/b><\/h3><p><span style=\"font-weight: 400;\">Rasenbel\u00fcftung ist nicht kompliziert, kann aber m\u00fchsam und zeitaufw\u00e4ndig sein. Wenn Sie m\u00f6chten, dass Ihre Rasenerneuerung im Fr\u00fchjahr wirklich professionell ist, sollte sie schnell und effizient durchgef\u00fchrt werden, <\/span><b>es lohnt sich, einen Fachmann zu rufen<\/b><span style=\"font-weight: 400;\">.<\/span><\/p><p><span style=\"font-weight: 400;\">Wir k\u00fcmmern uns nicht nur um die Bel\u00fcftung, sondern behalten auch den Zustand des Rasens im Auge und k\u00f6nnen bei Bedarf mit N\u00e4hrstoffen und Rasensamen nachhelfen, damit Ihr Garten die ganze Saison \u00fcber \u00fcppig, gr\u00fcn und dicht bleibt.<\/span><\/p><p><b>Kontaktieren Sie uns mit Vertrauen<\/b><span style=\"font-weight: 400;\">und gemeinsam k\u00f6nnen wir Ihren Garten in den ersten Fr\u00fchlingsmonaten noch sch\u00f6ner machen!<\/span><\/p>\t\t\t\t\t\t\t\t<\/div>\n\t\t\t\t<\/div>\n\t\t\t\t\t<\/div>\n\t\t\t\t<\/div>\n\t\t\t\t<\/div>","protected":false},"excerpt":{"rendered":"<p>Rasenbel\u00fcftung im Fr\u00fchjahr - wie Sie Ihren Rasen in Form bringen! Das Bel\u00fcften des Rasens im Fr\u00fchjahr ist ein wichtiger Schritt, um Ihren Rasen gesund zu halten und sicherzustellen, dass er \u00fcppig und widerstandsf\u00e4hig w\u00e4chst. Mit dem Einzug des Fr\u00fchlings lohnt es sich, auf Ihren Garten zu achten, um Ihren Rasen auf die Sommermonate vorzubereiten. Richtig durchgef\u00fchrt, verbessert die Bel\u00fcftung des Rasens die Durchl\u00fcftung des Bodens, f\u00f6rdert die Wasser- und N\u00e4hrstoffaufnahme und [...]<\/p>","protected":false},"author":4,"featured_media":0,"parent":0,"menu_order":0,"comment_status":"closed","ping_status":"closed","template":"","meta":{"footnotes":""},"class_list":["post-948","page","type-page","status-publish","hentry"],"_links":{"self":[{"href":"https:\/\/greengardenbudapest.hu\/de\/wp-json\/wp\/v2\/pages\/948","targetHints":{"allow":["GET"]}}],"collection":[{"href":"https:\/\/greengardenbudapest.hu\/de\/wp-json\/wp\/v2\/pages"}],"about":[{"href":"https:\/\/greengardenbudapest.hu\/de\/wp-json\/wp\/v2\/types\/page"}],"author":[{"embeddable":true,"href":"https:\/\/greengardenbudapest.hu\/de\/wp-json\/wp\/v2\/users\/4"}],"replies":[{"embeddable":true,"href":"https:\/\/greengardenbudapest.hu\/de\/wp-json\/wp\/v2\/comments?post=948"}],"version-history":[{"count":24,"href":"https:\/\/greengardenbudapest.hu\/de\/wp-json\/wp\/v2\/pages\/948\/revisions"}],"predecessor-version":[{"id":2612,"href":"https:\/\/greengardenbudapest.hu\/de\/wp-json\/wp\/v2\/pages\/948\/revisions\/2612"}],"wp:attachment":[{"href":"https:\/\/greengardenbudapest.hu\/de\/wp-json\/wp\/v2\/media?parent=948"}],"curies":[{"name":"wp","href":"https:\/\/api.w.org\/{rel}","templated":true}]}}