{"id":953,"date":"2025-03-06T12:43:49","date_gmt":"2025-03-06T11:43:49","guid":{"rendered":"https:\/\/greengardenbudapest.hu\/?page_id=953"},"modified":"2025-05-19T18:40:24","modified_gmt":"2025-05-19T16:40:24","slug":"majus-teendok","status":"publish","type":"page","link":"https:\/\/greengardenbudapest.hu\/de\/majus-teendok\/","title":{"rendered":"Dinge, die man im Mai tun kann"},"content":{"rendered":"<div data-elementor-type=\"wp-page\" data-elementor-id=\"953\" class=\"elementor elementor-953\" data-elementor-post-type=\"page\">\n\t\t\t\t<div class=\"elementor-element elementor-element-f6a1249 e-flex e-con-boxed e-con e-parent\" data-id=\"f6a1249\" data-element_type=\"container\" data-e-type=\"container\">\n\t\t\t\t\t<div class=\"e-con-inner\">\n\t\t\t\t\t<\/div>\n\t\t\t\t<\/div>\n\t\t<div class=\"elementor-element elementor-element-7b8db3f e-flex e-con-boxed e-con e-parent\" data-id=\"7b8db3f\" data-element_type=\"container\" data-e-type=\"container\">\n\t\t\t\t\t<div class=\"e-con-inner\">\n\t\t\t\t<div class=\"elementor-element elementor-element-cc0c09b elementor-widget-mobile__width-initial elementor-widget elementor-widget-image\" data-id=\"cc0c09b\" data-element_type=\"widget\" data-e-type=\"widget\" data-widget_type=\"image.default\">\n\t\t\t\t<div class=\"elementor-widget-container\">\n\t\t\t\t\t\t\t\t\t\t\t\t\t\t\t<img fetchpriority=\"high\" decoding=\"async\" width=\"2560\" height=\"1335\" src=\"https:\/\/greengardenbudapest.hu\/wp-content\/uploads\/2025\/05\/pexels-suzyhazelwood-4504902-1-scaled-e1746714973344.jpg\" class=\"attachment-full size-full wp-image-1518\" alt=\"\" srcset=\"https:\/\/greengardenbudapest.hu\/wp-content\/uploads\/2025\/05\/pexels-suzyhazelwood-4504902-1-scaled-e1746714973344.jpg 2560w, https:\/\/greengardenbudapest.hu\/wp-content\/uploads\/2025\/05\/pexels-suzyhazelwood-4504902-1-scaled-e1746714973344-300x156.jpg 300w, https:\/\/greengardenbudapest.hu\/wp-content\/uploads\/2025\/05\/pexels-suzyhazelwood-4504902-1-scaled-e1746714973344-1024x534.jpg 1024w, https:\/\/greengardenbudapest.hu\/wp-content\/uploads\/2025\/05\/pexels-suzyhazelwood-4504902-1-scaled-e1746714973344-768x401.jpg 768w, https:\/\/greengardenbudapest.hu\/wp-content\/uploads\/2025\/05\/pexels-suzyhazelwood-4504902-1-scaled-e1746714973344-1536x801.jpg 1536w, https:\/\/greengardenbudapest.hu\/wp-content\/uploads\/2025\/05\/pexels-suzyhazelwood-4504902-1-scaled-e1746714973344-2048x1068.jpg 2048w\" sizes=\"(max-width: 2560px) 100vw, 2560px\" \/>\t\t\t\t\t\t\t\t\t\t\t\t\t\t\t<\/div>\n\t\t\t\t<\/div>\n\t\t\t\t<div class=\"elementor-element elementor-element-da174a5 elementor-widget elementor-widget-spacer\" data-id=\"da174a5\" data-element_type=\"widget\" data-e-type=\"widget\" data-widget_type=\"spacer.default\">\n\t\t\t\t<div class=\"elementor-widget-container\">\n\t\t\t\t\t\t\t<div class=\"elementor-spacer\">\n\t\t\t<div class=\"elementor-spacer-inner\"><\/div>\n\t\t<\/div>\n\t\t\t\t\t\t<\/div>\n\t\t\t\t<\/div>\n\t\t\t\t\t<\/div>\n\t\t\t\t<\/div>\n\t\t<div class=\"elementor-element elementor-element-9cbc4af e-flex e-con-boxed e-con e-parent\" data-id=\"9cbc4af\" data-element_type=\"container\" data-e-type=\"container\">\n\t\t\t\t\t<div class=\"e-con-inner\">\n\t\t\t\t<div class=\"elementor-element elementor-element-729b554 elementor-widget elementor-widget-heading\" data-id=\"729b554\" data-element_type=\"widget\" data-e-type=\"widget\" data-widget_type=\"heading.default\">\n\t\t\t\t<div class=\"elementor-widget-container\">\n\t\t\t\t\t<h2 class=\"elementor-heading-title elementor-size-default\">Gartenarbeit im Mai: Was und wann pflanzen - Ein \u00dcberblick \u00fcber die wichtigsten Pflanz- und Pflegearbeiten<\/h2>\t\t\t\t<\/div>\n\t\t\t\t<\/div>\n\t\t\t\t<div class=\"elementor-element elementor-element-a65ad76 elementor-widget elementor-widget-text-editor\" data-id=\"a65ad76\" data-element_type=\"widget\" data-e-type=\"widget\" data-widget_type=\"text-editor.default\">\n\t\t\t\t<div class=\"elementor-widget-container\">\n\t\t\t\t\t\t\t\t\t<p dir=\"ltr\">Der Mai ist einer der spannendsten und wichtigsten Monate f\u00fcr die Gartenarbeit. Die Fr\u00fchjahrsfr\u00f6ste sind vorbei, und der Boden hat sich erw\u00e4rmt. Das ist der ideale Zeitpunkt f\u00fcr Anf\u00e4nger und fortgeschrittene G\u00e4rtner, um mit dem Pflanzen von Gem\u00fcse und Blumen und der Pflege des Gartens zu beginnen. In diesem ausf\u00fchrlichen, fachkundigen und dennoch leicht verst\u00e4ndlichen Artikel geben wir Ihnen eine Anleitung f\u00fcr die Gartenarbeit im Mai, was Sie wann pflanzen sollten und wie Sie Ihre Pflanzen pflegen, damit Ihr Garten den ganzen Sommer \u00fcber sch\u00f6n und produktiv bleibt.<\/p><p dir=\"ltr\"><strong>Warum ist der Mai im Garten wichtig?<\/strong><\/p><p dir=\"ltr\">Im Mai ist die Natur in vollem Gange, und die Bodentemperaturen erreichen einen idealen Wert von etwa 15\u00b0C, so dass hitzeempfindliche Pflanzen sicher gepflanzt werden k\u00f6nnen. Dies ist einer der wichtigsten Zeitpunkte im Leben einer Baumschule und eines Ziergartens, in dem wir bei richtiger Bepflanzung und Pflege den ganzen Sommer \u00fcber die Fr\u00fcchte und die Sch\u00f6nheit unserer G\u00e4rten genie\u00dfen k\u00f6nnen.<\/p><p dir=\"ltr\"><strong>\u00dcbersicht \u00fcber die Gartenarbeiten im Mai<\/strong><\/p><p dir=\"ltr\"><strong>1. die Vorbereitung des Bodens<\/strong><\/p><p dir=\"ltr\">Eine erfolgreiche Bepflanzung h\u00e4ngt von einem gut vorbereiteten Boden ab. Im Mai ist es wichtig, den Boden zu lockern, zu j\u00e4ten und aufzuf\u00fcllen.<\/p><ul><li dir=\"ltr\" aria-level=\"1\"><p dir=\"ltr\" role=\"presentation\">Umgraben und Hacken: Lockern des Bodens, damit sich die Wurzeln leicht ausbreiten k\u00f6nnen.<\/p><\/li><li dir=\"ltr\" aria-level=\"1\"><p dir=\"ltr\" role=\"presentation\">Kompost oder organischer D\u00fcnger: Tragen Sie reichlich auf, damit die Pflanzen gen\u00fcgend N\u00e4hrstoffe erhalten.<\/p><\/li><li dir=\"ltr\" aria-level=\"1\"><p dir=\"ltr\" role=\"presentation\">Mulchen: Verteilen Sie Mulch, z. B. Holzsp\u00e4ne oder Stroh, um die Bodenfeuchtigkeit zu erhalten und Unkraut zu reduzieren.<\/p><\/li><\/ul><p dir=\"ltr\"><strong>2. was soll man im Mai pflanzen?<\/strong><\/p><p><strong>Gem\u00fcse<\/strong><\/p><p dir=\"ltr\">Der Mai ist ein idealer Zeitpunkt f\u00fcr die Aussaat und Anpflanzung vieler Gem\u00fcsesorten, insbesondere solcher, die W\u00e4rme ben\u00f6tigen.<\/p><ul><li dir=\"ltr\" aria-level=\"1\"><p dir=\"ltr\" role=\"presentation\">Tomaten, Paprika, Auberginen: Diese Pflanzen k\u00f6nnen ab Mitte Mai ins Freiland gepflanzt werden. Es ist wichtig, die Setzlinge vorher an die Bedingungen im Freien zu gew\u00f6hnen und einen schattigen, gesch\u00fctzten Platz zu w\u00e4hlen.<\/p><\/li><li dir=\"ltr\" aria-level=\"1\"><p dir=\"ltr\" role=\"presentation\">Gurke, Zucchini, K\u00fcrbis: Ende Mai oder Anfang Juni in n\u00e4hrstoffreichen, gut durchl\u00e4ssigen Boden pflanzen.<\/p><\/li><li dir=\"ltr\" aria-level=\"1\"><p dir=\"ltr\" role=\"presentation\">Gr\u00fcne Bohnen: k\u00f6nnen von Ende April bis Mitte Mai an einem sonnigen Ort ges\u00e4t werden.<\/p><\/li><li dir=\"ltr\" aria-level=\"1\"><p dir=\"ltr\" role=\"presentation\">M\u00f6hren, Radieschen, Petersilie: Diese Wurzelgem\u00fcsearten k\u00f6nnen im Mai kontinuierlich ausges\u00e4t werden, so dass Sie den ganzen Sommer \u00fcber frische Ernten haben.<\/p><\/li><li dir=\"ltr\" aria-level=\"1\"><p dir=\"ltr\" role=\"presentation\">Kopfsalat, Spinat, Rucola: Schnell wachsende, k\u00fchlertolerante Pflanzen, die im Mai ausges\u00e4t werden k\u00f6nnen.<\/p><\/li><\/ul><p dir=\"ltr\"><strong>Kr\u00e4uter<\/strong><\/p><ul><li dir=\"ltr\" aria-level=\"1\"><p dir=\"ltr\" role=\"presentation\">Dill, Petersilie, Basilikum, Rosmarin: Diese Kr\u00e4uter k\u00f6nnen im Mai gepflanzt oder ges\u00e4t werden und den ganzen Sommer \u00fcber frisch verwendet werden.<\/p><\/li><\/ul><p dir=\"ltr\"><strong>Blumen<\/strong><\/p><ul><li dir=\"ltr\" aria-level=\"1\"><p dir=\"ltr\" role=\"presentation\">Einj\u00e4hrige Blumen: Petunien, Geranien, Begonien - im Mai gepflanzt, bl\u00fchen sie den ganzen Sommer.<\/p><\/li><li dir=\"ltr\" aria-level=\"1\"><p dir=\"ltr\" role=\"presentation\">Stauden: Lavendel, Sonnenblumen, Maiflieder - auch sie lassen sich zu diesem Zeitpunkt gut verpflanzen und pflanzen.<\/p><\/li><\/ul><p dir=\"ltr\"><strong>3. die Ausbildung und Anpflanzung von Setzlingen<\/strong><\/p><p dir=\"ltr\">Es ist wichtig, die Anfang Mai gezogenen Setzlinge allm\u00e4hlich an die Bedingungen im Freien zu gew\u00f6hnen. Stellen Sie sie tags\u00fcber ins Freie und nachts an einen gesch\u00fctzten Ort, um K\u00e4ltestress zu vermeiden.<\/p><ul><li dir=\"ltr\" aria-level=\"1\"><p dir=\"ltr\" role=\"presentation\">Pflanzzeit: ab Mitte Mai, wenn die Boden- und Lufttemperaturen stabil und warm sind.<\/p><\/li><li dir=\"ltr\" aria-level=\"1\"><p dir=\"ltr\" role=\"presentation\">Pflanztiefe: Pflanzen Sie die Setzlinge so, dass der Wurzelhals \u00fcber der Bodenoberfl\u00e4che liegt, au\u00dfer bei Tomaten, die f\u00fcr eine st\u00e4rkere Wurzelentwicklung tiefer gepflanzt werden k\u00f6nnen.<\/p><\/li><li dir=\"ltr\" aria-level=\"1\"><p dir=\"ltr\" role=\"presentation\">St\u00fctzsystem: Stellen Sie Pf\u00e4hle oder St\u00fctzsysteme neben hohe Pflanzen (z. B. Tomaten, Paprika).<\/p><\/li><\/ul><p dir=\"ltr\"><strong>4. die Bew\u00e4sserung und die Auff\u00fcllung mit N\u00e4hrstoffen<\/strong><\/p><ul><li dir=\"ltr\" aria-level=\"1\"><p dir=\"ltr\" role=\"presentation\">Regelm\u00e4\u00dfiges Gie\u00dfen: Im Mai beginnen die Pflanzen schnell zu wachsen, daher ist es besonders wichtig, f\u00fcr eine gute Wasserversorgung zu sorgen. Gie\u00dfen Sie morgens oder abends, um die Verdunstung zu minimieren.<\/p><\/li><li dir=\"ltr\" aria-level=\"1\"><p dir=\"ltr\" role=\"presentation\">N\u00e4hrstofferg\u00e4nzung: Geben Sie alle zwei Wochen eine fl\u00fcssige N\u00e4hrl\u00f6sung, vor allem an Setzlinge und Gem\u00fcse, das reichlich Fr\u00fcchte tr\u00e4gt.<\/p><\/li><\/ul><p dir=\"ltr\"><strong>5. j\u00e4ten und mulchen<\/strong><\/p><ul><li dir=\"ltr\" aria-level=\"1\"><p dir=\"ltr\" role=\"presentation\">Im Mai w\u00e4chst das Unkraut schnell, so dass regelm\u00e4\u00dfiges J\u00e4ten erforderlich ist.<\/p><\/li><li dir=\"ltr\" aria-level=\"1\"><p dir=\"ltr\" role=\"presentation\">Mulchen kann Unkraut reduzieren, die Bodenfeuchtigkeit erhalten und die Bodenstruktur verbessern.<\/p><\/li><\/ul><p dir=\"ltr\"><strong>6. die Bek\u00e4mpfung von Sch\u00e4dlingen und Krankheiten<\/strong><\/p><ul><li dir=\"ltr\" aria-level=\"1\"><p dir=\"ltr\" role=\"presentation\">Im Mai treten die ersten Sch\u00e4dlinge auf, wie Blattl\u00e4use, Thripse und Milben.<\/p><\/li><li dir=\"ltr\" aria-level=\"1\"><p dir=\"ltr\" role=\"presentation\">Verwenden Sie biologische Bek\u00e4mpfungsmethoden (z. B. das Aussetzen von Marienk\u00e4fern) oder, falls erforderlich, umweltfreundliche Pestizide.<\/p><\/li><li dir=\"ltr\" aria-level=\"1\"><p dir=\"ltr\" role=\"presentation\">Achten Sie auch auf Pilzkrankheiten, besonders in feuchten Perioden.<\/p><\/li><\/ul><p dir=\"ltr\"><strong>7 Beschneiden und Ausd\u00fcnnen<\/strong><\/p><ul><li dir=\"ltr\" aria-level=\"1\"><p dir=\"ltr\" role=\"presentation\">Im Mai k\u00f6nnen Sie den Formschnitt von Obstb\u00e4umen und Zierstr\u00e4uchern vornehmen.<\/p><\/li><li dir=\"ltr\" aria-level=\"1\"><p dir=\"ltr\" role=\"presentation\">D\u00fcnnen Sie zu dichte Pflanzenbest\u00e4nde aus, damit die Luft durch die Pflanzen zirkulieren kann und die Gefahr von Krankheiten verringert wird.<\/p><\/li><\/ul><p dir=\"ltr\"><strong>8. die Gartendekoration und andere Aufgaben<\/strong><\/p><ul><li dir=\"ltr\" aria-level=\"1\"><p dir=\"ltr\" role=\"presentation\">Im Mai ist es an der Zeit, Ihre Balkonk\u00e4sten und Terrassen mit Blumen zu bepflanzen, damit sie den ganzen Sommer \u00fcber bunt bleiben.<\/p><\/li><li dir=\"ltr\" aria-level=\"1\"><p dir=\"ltr\" role=\"presentation\">Wichtig ist auch die Pflege des Rasens: regelm\u00e4\u00dfiges M\u00e4hen, L\u00fcften und D\u00fcngen sind notwendig.<\/p><\/li><\/ul><p dir=\"ltr\"><strong>H\u00e4ufige Fehler im Mai und wie man sie vermeidet<\/strong><\/p><ul><li dir=\"ltr\" aria-level=\"1\"><p dir=\"ltr\" role=\"presentation\">Zu fr\u00fches Einpflanzen: Wenn noch Frostgefahr besteht, k\u00f6nnen die Setzlinge besch\u00e4digt werden.<\/p><\/li><li dir=\"ltr\" aria-level=\"1\"><p dir=\"ltr\" role=\"presentation\">Unsachgem\u00e4\u00dfe Bew\u00e4sserung: \u00dcberw\u00e4sserung f\u00fchrt zu Wurzelf\u00e4ule, Unterw\u00e4sserung zu Stress.<\/p><\/li><li dir=\"ltr\" aria-level=\"1\"><p dir=\"ltr\" role=\"presentation\">Vernachl\u00e4ssigung von Unkraut: Unkraut konkurriert mit Pflanzen um N\u00e4hrstoffe und Wasser.<\/p><\/li><li dir=\"ltr\" aria-level=\"1\"><p dir=\"ltr\" role=\"presentation\">Unzureichende Bodenvorbereitung: Kompakter, n\u00e4hrstoffarmer Boden verlangsamt das Pflanzenwachstum.<\/p><\/li><\/ul><p dir=\"ltr\"><strong>Zusammenfassung<\/strong><\/p><p dir=\"ltr\">Der Mai ist einer der wichtigsten Monate f\u00fcr die Gartenarbeit. Mit der richtigen Bepflanzung, Bodenvorbereitung, Bew\u00e4sserung und Schutz k\u00f6nnen Sie den ganzen Sommer \u00fcber einen sch\u00f6nen und ertragreichen Garten haben. Pflanzen Sie Tomaten, Paprika, Gurken, gr\u00fcne Bohnen, Salat und andere Gem\u00fcsesorten, k\u00fcmmern Sie sich regelm\u00e4\u00dfig um die Pflanzen, bek\u00e4mpfen Sie Sch\u00e4dlinge und vergessen Sie das Unkrautj\u00e4ten nicht. So k\u00f6nnen Sie erfolgreich g\u00e4rtnern und eine reiche Ernte einfahren.<\/p><p>Sie haben keine Zeit oder Lust auf Gartenarbeit? \u00dcberlassen Sie es uns!<br \/>Das Team von Green Garden Budapest kann Ihnen dabei helfen, Ihren Garten im Mai mit professioneller Gartenpflege, Bepflanzung und saisonaler Gartenunterhaltung in Bestform zu halten - ohne stundenlanges Graben, Pflanzen oder Unkrautj\u00e4ten. Ob Gem\u00fcsegarten, Ziergarten oder Balkongarten, wir sorgen daf\u00fcr, dass Ihr Garten nicht nur sch\u00f6n, sondern auch den ganzen Sommer \u00fcber gesund und produktiv ist.<\/p>\t\t\t\t\t\t\t\t<\/div>\n\t\t\t\t<\/div>\n\t\t\t\t\t<\/div>\n\t\t\t\t<\/div>\n\t\t<div class=\"elementor-element elementor-element-c6d8344 e-flex e-con-boxed e-con e-parent\" data-id=\"c6d8344\" data-element_type=\"container\" data-e-type=\"container\">\n\t\t\t\t\t<div class=\"e-con-inner\">\n\t\t\t\t<div class=\"elementor-element elementor-element-2d9493c elementor-mobile-align-center elementor-widget elementor-widget-button\" data-id=\"2d9493c\" data-element_type=\"widget\" data-e-type=\"widget\" data-widget_type=\"button.default\">\n\t\t\t\t<div class=\"elementor-widget-container\">\n\t\t\t\t\t\t\t\t\t<div class=\"elementor-button-wrapper\">\n\t\t\t\t\t<a class=\"elementor-button elementor-button-link elementor-size-sm\" href=\"tel:%20+36%2030%20144%206577\" id=\"tel: +36 30 144 6577\">\n\t\t\t\t\t\t<span class=\"elementor-button-content-wrapper\">\n\t\t\t\t\t\t\t\t\t<span class=\"elementor-button-text\">Fordern Sie ein Angebot an<\/span>\n\t\t\t\t\t<\/span>\n\t\t\t\t\t<\/a>\n\t\t\t\t<\/div>\n\t\t\t\t\t\t\t\t<\/div>\n\t\t\t\t<\/div>\n\t\t\t\t\t<\/div>\n\t\t\t\t<\/div>\n\t\t\t\t<\/div>","protected":false},"excerpt":{"rendered":"<p>Der Mai ist einer der spannendsten und wichtigsten Monate in der Gartenarbeit: Was ist wann zu pflanzen? Die Fr\u00fchjahrsfr\u00f6ste sind vorbei, der Boden hat sich erw\u00e4rmt, und es ist die ideale Zeit f\u00fcr Anf\u00e4nger und Fortgeschrittene, um mit dem Pflanzen von Gem\u00fcse, Blumen und der Pflege des Gartens zu beginnen. In diesem ausf\u00fchrlichen, fachkundigen und dennoch leicht verst\u00e4ndlichen Artikel [...]<\/p>","protected":false},"author":4,"featured_media":0,"parent":0,"menu_order":0,"comment_status":"closed","ping_status":"closed","template":"","meta":{"footnotes":""},"class_list":["post-953","page","type-page","status-publish","hentry"],"_links":{"self":[{"href":"https:\/\/greengardenbudapest.hu\/de\/wp-json\/wp\/v2\/pages\/953","targetHints":{"allow":["GET"]}}],"collection":[{"href":"https:\/\/greengardenbudapest.hu\/de\/wp-json\/wp\/v2\/pages"}],"about":[{"href":"https:\/\/greengardenbudapest.hu\/de\/wp-json\/wp\/v2\/types\/page"}],"author":[{"embeddable":true,"href":"https:\/\/greengardenbudapest.hu\/de\/wp-json\/wp\/v2\/users\/4"}],"replies":[{"embeddable":true,"href":"https:\/\/greengardenbudapest.hu\/de\/wp-json\/wp\/v2\/comments?post=953"}],"version-history":[{"count":45,"href":"https:\/\/greengardenbudapest.hu\/de\/wp-json\/wp\/v2\/pages\/953\/revisions"}],"predecessor-version":[{"id":1722,"href":"https:\/\/greengardenbudapest.hu\/de\/wp-json\/wp\/v2\/pages\/953\/revisions\/1722"}],"wp:attachment":[{"href":"https:\/\/greengardenbudapest.hu\/de\/wp-json\/wp\/v2\/media?parent=953"}],"curies":[{"name":"wp","href":"https:\/\/api.w.org\/{rel}","templated":true}]}}