{"id":938,"date":"2025-03-06T12:41:16","date_gmt":"2025-03-06T11:41:16","guid":{"rendered":"https:\/\/greengardenbudapest.hu\/?page_id=938"},"modified":"2025-09-24T18:22:46","modified_gmt":"2025-09-24T16:22:46","slug":"sovenynyiras","status":"publish","type":"page","link":"https:\/\/greengardenbudapest.hu\/en\/sovenynyiras\/","title":{"rendered":"hedge trimming"},"content":{"rendered":"<div data-elementor-type=\"wp-page\" data-elementor-id=\"938\" class=\"elementor elementor-938\" data-elementor-post-type=\"page\">\n\t\t\t\t<div class=\"elementor-element elementor-element-e4e6de2 e-flex e-con-boxed e-con e-parent\" data-id=\"e4e6de2\" data-element_type=\"container\" data-e-type=\"container\">\n\t\t\t\t\t<div class=\"e-con-inner\">\n\t\t\t\t<div class=\"elementor-element elementor-element-d07634c elementor-widget__width-inherit elementor-widget elementor-widget-image\" data-id=\"d07634c\" data-element_type=\"widget\" data-e-type=\"widget\" data-widget_type=\"image.default\">\n\t\t\t\t<div class=\"elementor-widget-container\">\n\t\t\t\t\t\t\t\t\t\t\t\t\t\t\t<img decoding=\"async\" src=\"https:\/\/greengardenbudapest.hu\/wp-content\/uploads\/elementor\/thumbs\/479555103_1059473849235555_1047668199688951507_n-r22vetrtbe4i9qhjaie40rnr5iohs11761c07gddhw.jpg\" title=\"479555103_1059473849235555_1047668199688951507_n\" alt=\"479555103_1059473849235555_1047668199688951507_n\" loading=\"lazy\" \/>\t\t\t\t\t\t\t\t\t\t\t\t\t\t\t<\/div>\n\t\t\t\t<\/div>\n\t\t\t\t\t<\/div>\n\t\t\t\t<\/div>\n\t\t<div class=\"elementor-element elementor-element-44cca90 e-flex e-con-boxed e-con e-parent\" data-id=\"44cca90\" data-element_type=\"container\" data-e-type=\"container\">\n\t\t\t\t\t<div class=\"e-con-inner\">\n\t\t\t\t<div class=\"elementor-element elementor-element-3ce1cad elementor-widget elementor-widget-spacer\" data-id=\"3ce1cad\" data-element_type=\"widget\" data-e-type=\"widget\" data-widget_type=\"spacer.default\">\n\t\t\t\t<div class=\"elementor-widget-container\">\n\t\t\t\t\t\t\t<div class=\"elementor-spacer\">\n\t\t\t<div class=\"elementor-spacer-inner\"><\/div>\n\t\t<\/div>\n\t\t\t\t\t\t<\/div>\n\t\t\t\t<\/div>\n\t\t\t\t<div class=\"elementor-element elementor-element-3bce40d elementor-hidden-desktop elementor-hidden-laptop elementor-hidden-tablet_extra elementor-hidden-tablet elementor-hidden-mobile_extra elementor-hidden-mobile elementor-widget elementor-widget-theme-post-featured-image elementor-widget-image\" data-id=\"3bce40d\" data-element_type=\"widget\" data-e-type=\"widget\" data-widget_type=\"theme-post-featured-image.default\">\n\t\t\t\t<div class=\"elementor-widget-container\">\n\t\t\t\t\t\t\t\t\t\t\t\t\t\t\t<img fetchpriority=\"high\" decoding=\"async\" width=\"800\" height=\"533\" src=\"https:\/\/greengardenbudapest.hu\/wp-content\/uploads\/2025\/09\/sovennyiras.jpg\" class=\"attachment-large size-large wp-image-2523\" alt=\"\u0150szi s\u00f6v\u00e9nyny\u00edr\u00e1s elektromos s\u00f6v\u00e9nyny\u00edr\u00f3val Budapesten, Green Garden Budapest szakember v\u00e9gzi\" srcset=\"https:\/\/greengardenbudapest.hu\/wp-content\/uploads\/2025\/09\/sovennyiras.jpg 900w, https:\/\/greengardenbudapest.hu\/wp-content\/uploads\/2025\/09\/sovennyiras-300x200.jpg 300w, https:\/\/greengardenbudapest.hu\/wp-content\/uploads\/2025\/09\/sovennyiras-768x512.jpg 768w, https:\/\/greengardenbudapest.hu\/wp-content\/uploads\/2025\/09\/sovennyiras-18x12.jpg 18w\" sizes=\"(max-width: 800px) 100vw, 800px\" \/>\t\t\t\t\t\t\t\t\t\t\t\t\t\t\t<\/div>\n\t\t\t\t<\/div>\n\t\t\t\t\t<\/div>\n\t\t\t\t<\/div>\n\t\t<div class=\"elementor-element elementor-element-afda353 e-flex e-con-boxed e-con e-parent\" data-id=\"afda353\" data-element_type=\"container\" data-e-type=\"container\">\n\t\t\t\t\t<div class=\"e-con-inner\">\n\t\t\t\t<div class=\"elementor-element elementor-element-53b8b7e elementor-widget elementor-widget-text-editor\" data-id=\"53b8b7e\" data-element_type=\"widget\" data-e-type=\"widget\" data-widget_type=\"text-editor.default\">\n\t\t\t\t<div class=\"elementor-widget-container\">\n\t\t\t\t\t\t\t\t\t<p><b>The art of hedge trimming - what every garden owner should know<\/b><\/p>\n<p>For many people, the garden is an island of tranquillity, a place to relax, a place where the closeness of nature is recharging. But for a garden to truly exude this tranquillity, it needs regular maintenance - especially if it includes a hedge.<\/p>\n<p>A <b>hedge trimming <\/b>not just a routine gardening job, but a real <b>shaping: giving form, thinning, directing<\/b> - while supporting the health of the plant. In this post, we'll show you how to do it well, what to look out for, what the most common mistakes are, and how you can even enjoy doing it.<\/p>\n<h3><b>Why is regular hedge trimming important?<\/b><\/h3>\n<p><span style=\"font-weight: 400;\">Many people only reach for their shears or hedge trimmers when the hedge has become noticeably \"out of control\": overhanging the street, blocking the view from the window or simply giving a bushy, untidy impression. At this point, pruning is more like firefighting than tending - and often too late for a perfect result.<\/span><\/p>\n<p><span style=\"font-weight: 400;\">A <\/span><b>hedge trimming<\/b><span style=\"font-weight: 400;\"> is not just about aesthetics. In fact, regular, professional trimming is primarily a matter of <\/span><b>long-term plant health and vigour<\/b><span style=\"font-weight: 400;\"> is essential. A well-maintained hedge is not only beautiful, it's also more resistant, tidier and much easier to manage. Let's see why!<\/span><\/p>\n<h4><b style=\"color: #192919; font-size: 20px; letter-spacing: -0.8px; background-color: transparent;\">1. Stimulates bush growth - makes your hedge dense and compact<\/b><\/h4>\n<p><span style=\"font-weight: 400;\">Hedgerows have a natural tendency to grow upwards - often reaching towards the light, thinning and tapering. Regular pruning, on the other hand <\/span><b>stimulates lateral shoot formation<\/b><span style=\"font-weight: 400;\">, so the plant is not only taller, but <\/span><b>fuller and more even<\/b><span style=\"font-weight: 400;\"> will be. And a dense, compact hedge is not only more beautiful, but <\/span><b>provides better shading, filters noise and acts as a more effective space barrier<\/b><span style=\"font-weight: 400;\"> also works.<\/span><\/p>\n<p><b style=\"color: #192919; font-size: 20px; letter-spacing: -0.8px; background-color: transparent;\">2. Prevents flaking - especially on the lower parts<\/b><\/p>\n<p><span style=\"font-weight: 400;\">One of the most common problems is <\/span><b>thick on top, bald on the bottom<\/b><span style=\"font-weight: 400;\"> hedge. The reason is that the upper part casts shade on the lower shoots, which then suffer from a lack of light and die back. Properly shaped, <\/span><b>wider at the bottom, narrower at the top<\/b><span style=\"font-weight: 400;\"> hedge shape and regular pruning ensure that the whole plant gets light - so the underside stays green and healthy.<\/span><\/p>\n<p><b style=\"color: #192919; font-size: 20px; letter-spacing: -0.8px; background-color: transparent;\">3. Helps keep growth under control - fewer constraints<\/b><\/p>\n<p><span style=\"font-weight: 400;\">Overgrown, neglected hedges can often only be \"tamed\" by severe, drastic cuts - which often cause permanent damage, especially to evergreens. Regular pruning, on the other hand, allows you to <\/span><b>shaping the plant step by step<\/b><span style=\"font-weight: 400;\">, without cutting back to the old parts that are unable to sprout.<\/span><\/p>\n<p><b style=\"color: #192919; font-size: 20px; letter-spacing: -0.8px; background-color: transparent;\">4. Promotes good ventilation and reduces the risk of disease<\/b><\/p>\n<p><span style=\"font-weight: 400;\">The inner parts of a too dense, overgrown hedge are often <\/span><b>poorly ventilated, humid, shady<\/b><span style=\"font-weight: 400;\"> - and this creates an ideal environment for fungal and bacterial diseases. A well-thinned hedge with an airy structure, on the other hand, remains much healthier: shoots dry more quickly after rain, <\/span><b>reduce the chance of pathogens and pests multiplying<\/b><span style=\"font-weight: 400;\">.<\/span><\/p>\n<p><b style=\"color: #192919; font-size: 20px; letter-spacing: -0.8px;\">+1: Regular mowing gives shape and character to the garden<\/b><\/p>\n<p><span style=\"font-weight: 400;\">Last but not least: a well-maintained hedge in the <\/span><b>garden visual framework<\/b><span style=\"font-weight: 400;\">. It sets the mood for the whole space, guides the eye and adds style - whether it's a clean, modern look or a more natural, romantic garden scene. A well-manicured hedge always creates a tidy effect, not least <\/span><b>also increases the value of the property<\/b><span style=\"font-weight: 400;\">.<\/span><\/p>\n<h3><b>What hedge do you have? It matters how you mow!<\/b><\/h3>\n<p><span style=\"font-weight: 400;\">Before you grab your pruning shears, it's worth taking a look, <\/span><b>what type of hedge<\/b><span style=\"font-weight: 400;\"> growing in your garden. Because not all plants tolerate pruning in the same way: some love frequent pruning, while others can suffer from excessive intervention. A <\/span><b>hedge trimming techniques and frequency<\/b><span style=\"font-weight: 400;\"> varies considerably depending on whether it is an evergreen or deciduous plant, and of course the purpose of the hedge - screening, noise control, ornamental or space delimitation. Let's look at the most common types of hedges and their characteristics:<\/span><\/p>\n<h4><b>\ud83c\udf3f Ice cream - the hardy favourite<\/b><\/h4>\n<p><span style=\"font-weight: 400;\">A <\/span><b>ice cream<\/b><span style=\"font-weight: 400;\"> is one of the most popular hedge plants in our country, and for good reason. It's fast growing, tolerates pruning well and is a rewarding choice for beginner gardeners. <\/span><b>Can be cut up to 2-3 times a year<\/b><span style=\"font-weight: 400;\">, especially during the growing season (spring and early summer). The more often you mow, the <\/span><b>denser, more compact<\/b><span style=\"font-weight: 400;\"> will be the hedge - making it ideal for those who want to create an enclosed, opaque fence.<\/span><\/p>\n<p><b>Tip:<\/b><span style=\"font-weight: 400;\"> In the spring, you can cut back even more vigorously to produce new, vigorous shoots. In summer, however, a shaping cut is sufficient.<\/span><\/p>\n<h4><b>\ud83c\udf32 Tuja (Leyland, Emerald) - the sensitive evergreen<\/b><\/h4>\n<p><span style=\"font-weight: 400;\">A <\/span><b>tuja<\/b><span style=\"font-weight: 400;\">, in particular the <\/span><b>Leyland cyprus<\/b><span style=\"font-weight: 400;\"> or the <\/span><b>Emerald tuja<\/b><span style=\"font-weight: 400;\">, is also a common choice as it grows quickly and stays green all year round. However, many garden owners are unaware that these evergreens <\/span><b>do not tolerate too strong a fightback<\/b><span style=\"font-weight: 400;\">.<\/span><\/p><p><b>When and how to shear?&nbsp;<\/b>Early spring or early summer is the best time to do the shaping, before the plant is fully established. Adjust only the green parts - in small increments, in several steps if necessary. Regular, gentle pruning is much better than infrequent but drastic intervention.<\/p>\n<h4><b>\ud83c\udf33 Puszp\u00e1ng - malleable, but attackable<\/b><\/h4>\n<p><span style=\"font-weight: 400;\">A <\/span><b>kissing pan<\/b><span style=\"font-weight: 400;\"> (bucus) is a classic, dense-leaved plant that makes a great <\/span><b>low hedges or even ornamental shapes<\/b><span style=\"font-weight: 400;\"> can also be designed. One of its biggest advantages is that <\/span><b>tolerates regular shearing well<\/b><span style=\"font-weight: 400;\">, in fact - it requires it if you want to keep a regular shape.<\/span><\/p>\n<p><span style=\"font-weight: 400;\">In recent years, however, it has come under serious threat from <\/span><b>kissing moth<\/b><span style=\"font-weight: 400;\">which can destroy the plant in a matter of weeks. The good news is that <\/span><b>regular shearing<\/b><span style=\"font-weight: 400;\"> help detect and remove caterpillars or eggs in time, or <\/span><b>prevents overly dense, difficult to see foliage<\/b><span style=\"font-weight: 400;\">where pests could hide.<\/span><\/p>\n<p><b>Tip:<\/b><span style=\"font-weight: 400;\"> We always combine shearing with a visual inspection - look closely at the leaves, looking for silky tissue or tiny chew marks.<\/span><\/p>\n<h4><b>\ud83c\udf3f Dandelion - the ornate but stubborn beauty<\/b><\/h4>\n<p><span style=\"font-weight: 400;\">A <\/span><b>laurelmeggy<\/b><span style=\"font-weight: 400;\"> a spectacular, elegant-looking evergreen shrub with large, glossy leaves that give the garden a special character. It grows more slowly than, for example, mistletoe or tuya, but <\/span><b>requires less maintenance<\/b><span style=\"font-weight: 400;\">. However, shearing is not as easy as you might think.<\/span><\/p>\n<p><span style=\"font-weight: 400;\">The bay leaf <\/span><b>thick, waxy leaves<\/b><span style=\"font-weight: 400;\"> are prone to deterioration, especially if cut with blunt or inappropriate tools. The traditional hedge trimmer <\/span><b>can tear the edges of leaves<\/b><span style=\"font-weight: 400;\">, which can result in brown discolouration and a more unsightly appearance.<\/span><\/p>\n<p><b>What can you do about it?<\/b><b><br><\/b><span style=\"font-weight: 400;\"> Use special sharpened scissors or hand pruners if you want a really nice, clean cut. The laurel root should be <\/span><b>mow once, maximum twice a year<\/b><span style=\"font-weight: 400;\">, rather in spring and early summer.<\/span><\/p>\n<h3><b>Ideal times for hedge trimming<\/b><\/h3>\n<p><span style=\"font-weight: 400;\">A <\/span><b>timing of hedge trimming<\/b><span style=\"font-weight: 400;\"> is as important as the technique itself. A well-timed cut helps the plant to regenerate, improves its shape and results in a healthier, more beautiful hedge in the long term. Throughout the year <\/span><b>can be used for a variety of purposes<\/b><span style=\"font-weight: 400;\">, depending on what we want to achieve.<\/span><\/p>\n<h4><b>\ud83c\udf31 Early spring (March-April): time for basic pruning<\/b><\/h4>\n<p><span style=\"font-weight: 400;\">Early spring is one of the most important times for hedges. Mowing before the start of the growing season <\/span><b>gives the plant its basic shape<\/b><span style=\"font-weight: 400;\">, and removes damaged shoots that have withered over the winter. As the foliage is even thinner, <\/span><b>a clear structure<\/b><span style=\"font-weight: 400;\">, so you can make a more precise, thoughtful pruning.<\/span><\/p>\n<h4><b>\ud83c\udf3f Early summer (June): shaping trim<\/b><\/h4>\n<p><span style=\"font-weight: 400;\">In spring, most hedges start to grow intensively. By June, it often becomes stunted and loses its shape. It is therefore worth using a <\/span><b>lighter styling<\/b><span style=\"font-weight: 400;\"> to be carried out - to cut back the shoots that have sprouted, to bring the plant back to its original shape. With this <\/span><b>control the growth of the hedge<\/b><span style=\"font-weight: 400;\">, and avoid excessive shading or asymmetric shapes.<\/span><\/p>\n<h4><b>\ud83c\udf42 End of summer (August-September): autumn adjustment<\/b><\/h4>\n<p><span style=\"font-weight: 400;\">The last mowing of the season is more of a <\/span><b>director's cut<\/b><span style=\"font-weight: 400;\">, which helps the plant prepare for winter. It is important at this time to <\/span><b>not to cut too deep<\/b><span style=\"font-weight: 400;\">, and do not stimulate the growth of new shoots, as they will not strengthen before the frosts. The aim is rather to keep them finely aligned and tidy.<\/span><\/p>\n<h4><b>\u2600\ufe0f Tip - protect your plant from the summer heat!<\/b><\/h4>\n<p><span style=\"font-weight: 400;\">Whenever you mow, avoid the <\/span><b>the scorching sun and the heat<\/b><span style=\"font-weight: 400;\">! Fresh cuts can easily scorch and brown, especially on more sensitive species. A <\/span><b>morning or late afternoon hours<\/b><span style=\"font-weight: 400;\"> are more ideal - the plant recovers more quickly and the pruning will be less noticeable.<\/span><\/p>\n<h3><b>Tools you'll need<\/b><\/h3>\n<p><span style=\"font-weight: 400;\">Just as no good chef works with a dull knife, so in the garden it's essential to <\/span><b>the right tool<\/b><span style=\"font-weight: 400;\">. A <\/span><b>hedge trimming tools<\/b><span style=\"font-weight: 400;\"> play a key role in making the job quick, efficient and gentle on the plant. Poorly selected, blunt or inappropriate tools <\/span><b>can damage shoots<\/b><span style=\"font-weight: 400;\">, which makes it easier for pathogens to enter and slower for the hedge to regenerate. Let's see what you need for a professional but do-it-at-home hedge trimming:<\/span><\/p>\n<h4><b>\u2702\ufe0f Manual hedge trimmer shears - the master of precision<\/b><\/h4>\n<p><span style=\"font-weight: 400;\">For shaping smaller, younger hedges or for fine, detailed work, the <\/span><b>hand scissors<\/b><span style=\"font-weight: 400;\"> is the best choice. It's easy to control and helps <\/span><b>create regular lines or even more ornate shapes<\/b><span style=\"font-weight: 400;\">. Ideal for brushwood or laurel where a clean cut is particularly important.<\/span><\/p>\n<h4><b>\ud83d\udd0c Electric or battery hedge trimmer - if you want a fast and smooth job<\/b><\/h4>\n<p><span style=\"font-weight: 400;\">When you're dealing with longer, taller, denser hedges, it's a good idea to automate the process. A <\/span><b>motor hedge trimmer<\/b><span style=\"font-weight: 400;\"> greatly speeds up your work and ensures a smooth cut. Battery-powered models also <\/span><b>light and mobile<\/b><span style=\"font-weight: 400;\">, no need to bother with an extension cord or power source.<\/span><\/p>\n<p><b>Watch the length and sharpness of the blades<\/b><span style=\"font-weight: 400;\"> - the longer the blade, the fewer strokes you make and the nicer the cut.<\/span><\/p>\n<h4><b>\ud83e\ude9c Ladder and safety equipment - if you're moving up a level<\/b><\/h4>\n<p><span style=\"font-weight: 400;\">Many people forget it, but trimming a tall hedge is not a game. An <\/span><b>stable ladder<\/b><span style=\"font-weight: 400;\">, equipped with anti-slip devices, are essential for safe working. If you often work at height, you should <\/span><b>a telescopic handled machine<\/b><span style=\"font-weight: 400;\"> which allows you to do most of the cutting from the ground.<\/span><\/p>\n<h4><b>\ud83e\udde4 Goggles and gloves - the little things that can prevent big trouble<\/b><\/h4>\n<p><span style=\"font-weight: 400;\">Not only recommended for professional gardeners: the <\/span><b>safety glasses<\/b><span style=\"font-weight: 400;\"> protects you from falling branches, leaves or chips, from <\/span><b>gloves<\/b><span style=\"font-weight: 400;\"> and protects your hands from prickly branches, sharp leaves and blisters caused by tool handles.<\/span><\/p>\n<h4><b>\ud83d\udee0\ufe0f Tip - sharp tool = healthy hedge<\/b><\/h4>\n<p><span style=\"font-weight: 400;\">Sharpen your blades at least once a year - whether you use a manual or mechanical hedge trimmer. From <\/span><b>sharp blade for clean, smooth cuts<\/b><span style=\"font-weight: 400;\">, does not \"tear\" or damage the plant, so it recovers faster and better. This is particularly important <\/span><b>for thicker, woody parts<\/b><span style=\"font-weight: 400;\">, where damage can be irreversible.<\/span><\/p>\n<h3><b>The right technique - to get a nice, even hedge<\/b><\/h3>\n<p><span style=\"font-weight: 400;\">A <\/span><b>hedge trimming techniques<\/b><span style=\"font-weight: 400;\"> is as important as when and what we work with. Many people think it's enough to simply 'cut the top off' and you've got a tidy garden - but in reality, this approach is a long-term solution. <\/span><b>can damage the plant<\/b><span style=\"font-weight: 400;\">, and the results will not be spectacular. To make the hedge <\/span><b>even, healthy and shapely<\/b><span style=\"font-weight: 400;\"> it's worth following a few tried and tested principles.<\/span><\/p>\n<h4><b>\ud83d\udd3d Always work from the bottom up - that's how you get a balanced cut<\/b><\/h4>\n<p><span style=\"font-weight: 400;\">Start work on the <\/span><b>lower part of hedge row<\/b><span style=\"font-weight: 400;\">, and gradually work your way up. This technique is not only more ergonomic, but also helps you to <\/span><b>see through the entire cutting surface<\/b><span style=\"font-weight: 400;\">, and don't leave out uneven patches. When trimming from the top down, it's easy to \"cut\" yourself off from the view and more difficult to correct small mistakes.<\/span><\/p>\n<h4><b>\ud83d\udd3a The sides of the hedge should be slightly sloping inwards - also important for light<\/b><\/h4>\n<p><span style=\"font-weight: 400;\">This is one of the most often forgotten, yet most important rules. A <\/span><b>classic trapezoidal shape<\/b><span style=\"font-weight: 400;\">, i.e. the <\/span><b>slightly tapering upwards<\/b><span style=\"font-weight: 400;\"> ensures that sunlight <\/span><b>also reach the lower parts<\/b><span style=\"font-weight: 400;\">. If the top is wider than the bottom, the lower branches will soon <\/span><b>start to bald, die<\/b><span style=\"font-weight: 400;\">because they do not get enough light. Over time, such a hedge will become badly overgrown - which is much harder to remedy than to prevent.<\/span><\/p>\n<h4><b>\ud83d\udccf Use a guide line or step - the secret to a precise, straight shape<\/b><\/h4>\n<p><span style=\"font-weight: 400;\">You don't have to create a masterpiece from a yardstick. Even professional gardeners often work <\/span><b>with a stretched cord or straight bar<\/b><span style=\"font-weight: 400;\"> - especially for longer hedges. This is particularly useful when <\/span><b>you want a symmetrical shape<\/b><span style=\"font-weight: 400;\">, and precision is important. It is much easier to follow the guide line <\/span><b>an even, harmonious hedge<\/b><span style=\"font-weight: 400;\"> than if we were to mow purely \"by feel\".<\/span><\/p>\n<h3><b>The most common mistakes to avoid when trimming hedges<\/b><\/h3>\n<p><span style=\"font-weight: 400;\">A <\/span><b>mistakes in hedge trimming<\/b><span style=\"font-weight: 400;\"> can easily happen, especially if you work routinely or \"by feel\". But these mistakes can lead not only to aesthetic problems, but also to the long-term weakening of the plant. Here are the three most common mistakes - and what you can do about them:<\/span><\/p>\n<h4><b>1. Overcutting or undercutting<\/b><\/h4>\n<p><span style=\"font-weight: 400;\">The seldom-trimmed hedge <\/span><b>falls apart, loses its coherent form<\/b><span style=\"font-weight: 400;\">, and grows too tall and wide. Too frequent trimming, on the other hand <\/span><b>exhausts the plant<\/b><span style=\"font-weight: 400;\">, it cannot develop properly and becomes more prone to diseases.<\/span><span style=\"font-weight: 400;\"><br><\/span><span style=\"font-weight: 400;\"> \ud83d\udd01 <\/span><i><span style=\"font-weight: 400;\">Tip: Keep the hedge in balance - 1-3 times a year is plenty, depending on the needs of the species.<\/span><\/i><\/p>\n<h4><b>2. Bad timing<\/b><\/h4>\n<p><span style=\"font-weight: 400;\">A <\/span><b>cutting in hot sunlight<\/b><span style=\"font-weight: 400;\"> easily burns fresh pruning surfaces, which can cause shoots to <\/span><b>may turn brown or dry out<\/b><span style=\"font-weight: 400;\">. And late autumn pruning can start new shoots, which <\/span><b>they can no longer ripen before the frost<\/b><span style=\"font-weight: 400;\">, and they die.<\/span><span style=\"font-weight: 400;\"><br><\/span><span style=\"font-weight: 400;\"> \ud83d\udcc5 <\/span><i><span style=\"font-weight: 400;\">Tip: The safest times are early spring and early summer.<\/span><\/i><\/p>\n<h4><b>3. Use of blunt instruments<\/b><\/h4>\n<p><span style=\"font-weight: 400;\">The lifeless blades <\/span><b>leave irregular, torn cuts<\/b><span style=\"font-weight: 400;\">, which is not only ugly, but <\/span><b>also makes the plant more susceptible to infection<\/b><span style=\"font-weight: 400;\">. A job done with blunt scissors can literally backfire.<\/span><span style=\"font-weight: 400;\"><br><\/span><span style=\"font-weight: 400;\"> \ud83d\udd27 <\/span><i><span style=\"font-weight: 400;\">Tip: Sharpen your blades at least once a year and clean them after each use.<\/span><\/i><\/p>\n<h3><b>Why choose Green Garden Budapest for hedge trimming?<\/b><\/h3>\n<p><span style=\"font-weight: 400;\">A <\/span><b>Green Garden Budapest<\/b><span style=\"font-weight: 400;\"> garden construction and maintenance services to help you keep your garden in perfect condition. Our professional team <\/span><b>Budapest<\/b><span style=\"font-weight: 400;\"> and <\/span><b>in Pest county<\/b><span style=\"font-weight: 400;\"> provides expert hedge trimming to ensure your hedges are not only beautiful, but healthy and shapely for the long term.<\/span><\/p>\n<p><span style=\"font-weight: 400;\">Don't leave hedges untidy! Let us take care of <\/span><b>hedge trimming<\/b><span style=\"font-weight: 400;\"> and <\/span><b>garden maintenance<\/b><span style=\"font-weight: 400;\"> and enjoy the green oasis we'll create in your garden! The best <\/span><b>garden construction<\/b><span style=\"font-weight: 400;\"> and <\/span><b>garden maintenance<\/b><span style=\"font-weight: 400;\"> contact us today for solutions!<\/span><\/p>\t\t\t\t\t\t\t\t<\/div>\n\t\t\t\t<\/div>\n\t\t\t\t\t<\/div>\n\t\t\t\t<\/div>\n\t\t\t\t<\/div>","protected":false},"excerpt":{"rendered":"<p>The art of hedge-trimming - what every garden owner should know For many people, a garden is an island of tranquillity, a place to relax, a place where the closeness of nature is recharging. But for a garden to truly exude this tranquillity, it needs regular maintenance - especially if it includes a hedge. Hedge trimming is not just a routine gardening job, [...]<\/p>","protected":false},"author":4,"featured_media":0,"parent":0,"menu_order":0,"comment_status":"closed","ping_status":"closed","template":"","meta":{"footnotes":""},"class_list":["post-938","page","type-page","status-publish","hentry"],"_links":{"self":[{"href":"https:\/\/greengardenbudapest.hu\/en\/wp-json\/wp\/v2\/pages\/938","targetHints":{"allow":["GET"]}}],"collection":[{"href":"https:\/\/greengardenbudapest.hu\/en\/wp-json\/wp\/v2\/pages"}],"about":[{"href":"https:\/\/greengardenbudapest.hu\/en\/wp-json\/wp\/v2\/types\/page"}],"author":[{"embeddable":true,"href":"https:\/\/greengardenbudapest.hu\/en\/wp-json\/wp\/v2\/users\/4"}],"replies":[{"embeddable":true,"href":"https:\/\/greengardenbudapest.hu\/en\/wp-json\/wp\/v2\/comments?post=938"}],"version-history":[{"count":25,"href":"https:\/\/greengardenbudapest.hu\/en\/wp-json\/wp\/v2\/pages\/938\/revisions"}],"predecessor-version":[{"id":2606,"href":"https:\/\/greengardenbudapest.hu\/en\/wp-json\/wp\/v2\/pages\/938\/revisions\/2606"}],"wp:attachment":[{"href":"https:\/\/greengardenbudapest.hu\/en\/wp-json\/wp\/v2\/media?parent=938"}],"curies":[{"name":"wp","href":"https:\/\/api.w.org\/{rel}","templated":true}]}}