{"id":933,"date":"2025-03-06T12:40:52","date_gmt":"2025-03-06T11:40:52","guid":{"rendered":"https:\/\/greengardenbudapest.hu\/?page_id=933"},"modified":"2025-09-24T18:21:41","modified_gmt":"2025-09-24T16:21:41","slug":"novenyultetes","status":"publish","type":"page","link":"https:\/\/greengardenbudapest.hu\/zh\/novenyultetes\/","title":{"rendered":"\u4e5d\u4e2a\u6708"},"content":{"rendered":"<div data-elementor-type=\"wp-page\" data-elementor-id=\"933\" class=\"elementor elementor-933\" data-elementor-post-type=\"page\">\n\t\t\t\t<div class=\"elementor-element elementor-element-ec71489 e-flex e-con-boxed e-con e-parent\" data-id=\"ec71489\" data-element_type=\"container\" data-e-type=\"container\">\n\t\t\t\t\t<div class=\"e-con-inner\">\n\t\t\t\t<div class=\"elementor-element elementor-element-5faf2fd elementor-widget__width-inherit elementor-widget elementor-widget-image\" data-id=\"5faf2fd\" data-element_type=\"widget\" data-e-type=\"widget\" data-widget_type=\"image.default\">\n\t\t\t\t<div class=\"elementor-widget-container\">\n\t\t\t\t\t\t\t\t\t\t\t\t\t\t\t<img decoding=\"async\" src=\"https:\/\/greengardenbudapest.hu\/wp-content\/uploads\/elementor\/thumbs\/479555103_1059473849235555_1047668199688951507_n-r22vetrtbe4i9qhjaie40rnr5iohs11761c07gddhw.jpg\" title=\"479555103_1059473849235555_1047668199688951507_n\" alt=\"479555103_1059473849235555_1047668199688951507_n\" loading=\"lazy\" \/>\t\t\t\t\t\t\t\t\t\t\t\t\t\t\t<\/div>\n\t\t\t\t<\/div>\n\t\t\t\t\t<\/div>\n\t\t\t\t<\/div>\n\t\t<div class=\"elementor-element elementor-element-e4e988f e-flex e-con-boxed e-con e-parent\" data-id=\"e4e988f\" data-element_type=\"container\" data-e-type=\"container\">\n\t\t\t\t\t<div class=\"e-con-inner\">\n\t\t\t\t<div class=\"elementor-element elementor-element-5c0548f elementor-widget elementor-widget-spacer\" data-id=\"5c0548f\" data-element_type=\"widget\" data-e-type=\"widget\" data-widget_type=\"spacer.default\">\n\t\t\t\t<div class=\"elementor-widget-container\">\n\t\t\t\t\t\t\t<div class=\"elementor-spacer\">\n\t\t\t<div class=\"elementor-spacer-inner\"><\/div>\n\t\t<\/div>\n\t\t\t\t\t\t<\/div>\n\t\t\t\t<\/div>\n\t\t\t\t<div class=\"elementor-element elementor-element-0fce06e elementor-hidden-desktop elementor-hidden-laptop elementor-hidden-tablet_extra elementor-hidden-tablet elementor-hidden-mobile_extra elementor-hidden-mobile elementor-widget elementor-widget-theme-post-featured-image elementor-widget-image\" data-id=\"0fce06e\" data-element_type=\"widget\" data-e-type=\"widget\" data-widget_type=\"theme-post-featured-image.default\">\n\t\t\t\t<div class=\"elementor-widget-container\">\n\t\t\t\t\t\t\t\t\t\t\t\t\t\t\t<img fetchpriority=\"high\" decoding=\"async\" width=\"800\" height=\"534\" src=\"https:\/\/greengardenbudapest.hu\/wp-content\/uploads\/2025\/02\/479555103_1059473849235555_1047668199688951507_n-1-1024x683.jpg\" class=\"attachment-large size-large wp-image-567\" alt=\"F\u0171ny\u00edr\u00e1s ut\u00e1n rendezett p\u00e1zsit kert\u00e9p\u00edt\u00e9s r\u00e9szek\u00e9nt Budapesten\" srcset=\"https:\/\/greengardenbudapest.hu\/wp-content\/uploads\/2025\/02\/479555103_1059473849235555_1047668199688951507_n-1-1024x683.jpg 1024w, https:\/\/greengardenbudapest.hu\/wp-content\/uploads\/2025\/02\/479555103_1059473849235555_1047668199688951507_n-1-300x200.jpg 300w, https:\/\/greengardenbudapest.hu\/wp-content\/uploads\/2025\/02\/479555103_1059473849235555_1047668199688951507_n-1-768x512.jpg 768w, https:\/\/greengardenbudapest.hu\/wp-content\/uploads\/2025\/02\/479555103_1059473849235555_1047668199688951507_n-1-1536x1025.jpg 1536w, https:\/\/greengardenbudapest.hu\/wp-content\/uploads\/2025\/02\/479555103_1059473849235555_1047668199688951507_n-1.jpg 2048w\" sizes=\"(max-width: 800px) 100vw, 800px\" \/>\t\t\t\t\t\t\t\t\t\t\t\t\t\t\t<\/div>\n\t\t\t\t<\/div>\n\t\t\t\t\t<\/div>\n\t\t\t\t<\/div>\n\t\t<div class=\"elementor-element elementor-element-674b137 e-flex e-con-boxed e-con e-parent\" data-id=\"674b137\" data-element_type=\"container\" data-e-type=\"container\">\n\t\t\t\t\t<div class=\"e-con-inner\">\n\t\t\t\t<div class=\"elementor-element elementor-element-b6a1b2a elementor-widget elementor-widget-text-editor\" data-id=\"b6a1b2a\" data-element_type=\"widget\" data-e-type=\"widget\" data-widget_type=\"text-editor.default\">\n\t\t\t\t<div class=\"elementor-widget-container\">\n\t\t\t\t\t\t\t\t\t<p><b>\u79cd\u690d\u7684\u6b65\u9aa4\u548c\u91cd\u8981\u6027 - \u5e03\u8fbe\u4f69\u65af\u7eff\u8272\u82b1\u56ed \u56ed\u827a\u548c\u82b1\u56ed\u7ef4\u62a4<\/b><\/p><p><span style=\"font-weight: 400;\">A <\/span><b>\u79cd\u690d<\/b><span style=\"font-weight: 400;\"> \u662f\u51b3\u5b9a\u690d\u7269\u5065\u5eb7\u548c\u53d1\u5c55\u7684\u6700\u91cd\u8981\u7684\u56ed\u827a\u6d3b\u52a8\u4e4b\u4e00\u3002\u6b63\u786e\u7684\u79cd\u690d\u5bf9\u690d\u7269\u7684\u957f\u671f\u6210\u529f\u81f3\u5173\u91cd\u8981\u3002A <\/span><b>\u5e03\u8fbe\u4f69\u65af\u7eff\u8272\u82b1\u56ed<\/b><span style=\"font-weight: 400;\"> \u5308\u7259\u5229\u5e03\u8fbe\u4f69\u65af\u548c\u4f69\u65af\u53bf\u7684\u82b1\u56ed\u5efa\u8bbe\u516c\u53f8\u5c06\u4e3a\u60a8\u63d0\u4f9b\u6700\u4f73\u7684\u82b1\u56ed\u5efa\u8bbe\u548c\u7ef4\u62a4\u89e3\u51b3\u65b9\u6848\uff0c\u8ba9\u60a8\u7684\u82b1\u56ed\u4fdd\u6301\u7f8e\u4e3d\u548c\u5065\u5eb7\u3002<\/span><\/p><h3><b>\u4f55\u65f6\u79cd\u690d\u690d\u7269\uff1f<\/b><\/h3><ul><li style=\"font-weight: 400;\" aria-level=\"1\"><b>\u6625\u5b63\u79cd\u690d<\/b><span style=\"font-weight: 400;\">\u65e9\u6625\uff1a\u65e9\u6625\u662f\u79cd\u690d\u690d\u7269\u7684\u6700\u4f73\u65f6\u8282\uff0c\u6b64\u65f6\u571f\u58e4\u6e29\u6696\u4f46\u4e0d\u592a\u5e72\u71e5\u3002\u6625\u5b63\u662f\u79cd\u690d\u82b1\u5349\u3001\u852c\u83dc\u548c\u6811\u6728\u7684\u7406\u60f3\u5b63\u8282\u3002<\/span><\/li><li style=\"font-weight: 400;\" aria-level=\"1\"><b>\u79cb\u5b63\u79cd\u690d<\/b><span style=\"font-weight: 400;\">\u79cb\u5b63\u79cd\u690d\uff1a\u5bf9\u4e8e\u4e54\u6728\u3001\u704c\u6728\u548c\u591a\u5e74\u751f\u690d\u7269\u6765\u8bf4\uff0c\u79cb\u5b63\u662f\u4e00\u4e2a\u7edd\u4f73\u7684\u673a\u4f1a\uff0c\u56e0\u4e3a\u51ac\u5b63\u7684\u964d\u96e8\u6709\u52a9\u4e8e\u6839\u7cfb\u7684\u751f\u957f\u3002<\/span><\/li><li style=\"font-weight: 400;\" aria-level=\"1\"><b>\u590f\u5b63\u79cd\u690d<\/b><span style=\"font-weight: 400;\">\u4e5f\u53ef\u4ee5\u5728\u6e29\u6696\u7684\u6708\u4efd\u79cd\u690d\uff0c\u4f46\u8981\u6ce8\u610f\u5b9a\u671f\u6d47\u6c34\u548c\u906e\u9633\uff0c\u4ee5\u514d\u690d\u7269\u53d7\u9ad8\u6e29\u5f71\u54cd\u3002<\/span><\/li><\/ul><h3><b>\u5982\u4f55\u6b63\u786e\u79cd\u690d\uff1f<\/b><\/h3><ol><li style=\"font-weight: 400;\" aria-level=\"1\"><b>\u9009\u62e9\u5408\u9002\u7684\u5730\u70b9<\/b><span style=\"font-weight: 400;\">\u690d\u7269\uff1a\u5728\u79cd\u690d\u690d\u7269\u65f6\uff0c\u5fc5\u987b\u8003\u8651\u5230\u690d\u7269\u5bf9\u5149\u7167\u3001\u6c34\u5206\u548c\u517b\u5206\u7684\u9700\u6c42\u3002A <\/span><b>\u56ed\u827a<\/b><span style=\"font-weight: 400;\"> \u9009\u62e9\u5408\u9002\u7684\u5730\u70b9\u6c38\u8fdc\u662f\u6210\u529f\u7684\u5173\u952e\u3002<\/span><\/li><li style=\"font-weight: 400;\" aria-level=\"1\"><b>\u6316\u5751<\/b><span style=\"font-weight: 400;\">\u79cd\u690d\u7a74\uff1a\u79cd\u690d\u7a74\u7684\u5927\u5c0f\u5e94\u81f3\u5c11\u662f\u690d\u7269\u6839\u533a\u7684\u4e24\u500d\uff0c\u4ee5\u4fbf\u6709\u8db3\u591f\u7684\u751f\u957f\u7a7a\u95f4\u3002<\/span><\/li><li style=\"font-weight: 400;\" aria-level=\"1\"><b>\u5de5\u5382\u7684\u4f4d\u7f6e<\/b><span style=\"font-weight: 400;\">\u6ce8\u610f\uff1a\u79cd\u690d\u65f6\uff0c\u786e\u4fdd\u6839\u9886\u4e0e\u571f\u58e4\u6301\u5e73\u3002<\/span><\/li><li style=\"font-weight: 400;\" aria-level=\"1\"><b>\u518d\u547c\u5438\u548c\u538b\u7f29<\/b><span style=\"font-weight: 400;\">\u8f7b\u8f7b\u538b\u5b9e\u690d\u7269\u5468\u56f4\u7684\u571f\u58e4\uff0c\u4f7f\u5176\u4fdd\u6301\u7a33\u5b9a\uff0c\u786e\u4fdd\u690d\u7269\u987a\u5229\u751f\u957f\u3002<\/span><\/li><\/ol><h3><b>\u51c6\u5907\u5408\u9002\u7684\u571f\u58e4<\/b><\/h3><p><span style=\"font-weight: 400;\">\u9002\u5f53\u7684\u571f\u58e4\u5904\u7406\u5bf9\u690d\u7269\u7684\u6210\u529f\u751f\u957f\u81f3\u5173\u91cd\u8981\u3002A <\/span><b>\u5e03\u8fbe\u4f69\u65af\u7eff\u8272\u82b1\u56ed<\/b><span style=\"font-weight: 400;\"> \u56ed\u827a\u5e08\u53ef\u4ee5\u5e2e\u52a9\u60a8\u51c6\u5907\u5408\u9002\u7684\u571f\u58e4\uff0c\u5305\u62ec<\/span><\/p><ul><li style=\"font-weight: 400;\" aria-level=\"1\"><b>\u8425\u517b\u4e30\u5bcc\u7684\u571f\u58e4<\/b><span style=\"font-weight: 400;\">\u571f\u58e4\uff1a\u758f\u677e\u3001\u826f\u597d\u7684\u571f\u58e4\u53ef\u4fc3\u8fdb\u6839\u7cfb\u5feb\u901f\u751f\u957f\u3002<\/span><\/li><li style=\"font-weight: 400;\" aria-level=\"1\"><b>\u6dfb\u52a0\u5806\u80a5\u6216\u6709\u673a\u80a5<\/b><span style=\"font-weight: 400;\">\u571f\u58e4\u7ed3\u6784\u548c\u517b\u5206\u542b\u91cf\uff1a\u8fd9\u80fd\u6539\u5584\u571f\u58e4\u7ed3\u6784\u548c\u517b\u5206\u542b\u91cf\uff0c\u4e3a\u690d\u7269\u63d0\u4f9b\u7406\u60f3\u7684\u751f\u957f\u57fa\u7840\u3002<\/span><\/li><li style=\"font-weight: 400;\" aria-level=\"1\"><b>\u4f7f\u7528\u6c99\u5b50\u6216\u783e\u77f3<\/b><span style=\"font-weight: 400;\">\uff1a\u5728\u8f83\u4e3a\u677f\u7ed3\u7684\u571f\u58e4\u4e2d\uff0c\u5b83\u53ef\u4ee5\u6539\u5584\u6392\u6c34\uff0c\u786e\u4fdd\u5411\u6839\u90e8\u63d0\u4f9b\u5145\u8db3\u7684\u6c27\u6c14\u3002<\/span><\/li><\/ul><h3><b>\u704c\u6e89\u548c\u8425\u517b\u4f9b\u5e94<\/b><\/h3><ul><li style=\"font-weight: 400;\" aria-level=\"1\"><b>\u4e30\u5bcc\u7684\u704c\u6e89<\/b><span style=\"font-weight: 400;\">\u683d\u79cd\uff1a\u683d\u79cd\u540e\uff0c\u5e94\u7acb\u5373\u5927\u91cf\u6d47\u6c34\uff0c\u4ee5\u786e\u4fdd\u6839\u7cfb\u4e0e\u571f\u58e4\u7d27\u5bc6\u7ed3\u5408\uff0c\u690d\u7269\u5bb9\u6613\u751f\u6839\u3002<\/span><\/li><li style=\"font-weight: 400;\" aria-level=\"1\"><b>\u8fde\u7eed\u704c\u6e89<\/b><span style=\"font-weight: 400;\">\u6d47\u6c34\uff1a\u6301\u7eed\u6d47\u6c34\u5bf9\u690d\u7269\u7684\u6b63\u5e38\u751f\u957f\u81f3\u5173\u91cd\u8981\uff0c\u5c24\u5176\u662f\u5728\u5e72\u65f1\u65f6\u671f\u3002<\/span><\/li><li style=\"font-weight: 400;\" aria-level=\"1\"><b>\u8425\u517b\u4f9b\u5e94<\/b><span style=\"font-weight: 400;\">\u80a5\u6599\uff1a\u80a5\u6599\u3001\u5806\u80a5\u6216\u7caa\u80a5\u53ef\u4ee5\u5e2e\u52a9\u690d\u7269\u5feb\u901f\u751f\u957f\u5e76\u4fdd\u6301\u5065\u5eb7\u3002<\/span><\/li><li style=\"font-weight: 400;\" aria-level=\"1\"><b>\u8986\u76d6<\/b><span style=\"font-weight: 400;\">\u5730\u819c\uff1a\u5730\u819c\u6709\u52a9\u4e8e\u4fdd\u6301\u571f\u58e4\u6c34\u5206\uff0c\u51cf\u5c11\u6742\u8349\u751f\u957f\uff0c\u4fdd\u62a4\u690d\u7269\u514d\u53d7\u6e29\u5ea6\u6ce2\u52a8\u7684\u5f71\u54cd\u3002<\/span><\/li><\/ul><h3><b>\u4e3a\u4ec0\u4e48\u9009\u62e9\u6211\u4eec\u5e03\u8fbe\u4f69\u65af\u7eff\u8272\u82b1\u56ed\uff1f<\/b><\/h3><p><span style=\"font-weight: 400;\">A <\/span><b>\u5e03\u8fbe\u4f69\u65af\u7eff\u8272\u82b1\u56ed<\/b><span style=\"font-weight: 400;\"> \u6211\u4eec\u5728\u5e03\u8fbe\u4f69\u65af\u548c\u4f69\u65af\u53bf\u63d0\u4f9b\u82b1\u56ed\u5efa\u8bbe\u548c\u7ef4\u62a4\u670d\u52a1\uff0c\u4fdd\u8bc1\u60a8\u7684\u82b1\u56ed\u6c38\u8fdc\u7eff\u8272\u5065\u5eb7\u3002\u6211\u4eec\u7684\u4e13\u4e1a\u56e2\u961f\u5c06\u5e2e\u52a9\u60a8\u8fdb\u884c\u79cd\u690d\u3001\u571f\u58e4\u51c6\u5907\u548c\u6240\u6709\u82b1\u56ed\u7ef4\u62a4\u5de5\u4f5c\uff0c\u4f7f\u60a8\u7684\u82b1\u56ed\u4fdd\u6301\u6700\u4f73\u72b6\u6001\u3002\u8ba9\u6211\u4eec\u4e3a\u60a8\u6253\u7406\u82b1\u56ed\uff0c\u4eab\u53d7\u7f8e\u4e3d\u548c\u8c10\u7684\u7eff\u8272\u73af\u5883\uff01<\/span><\/p><p><span style=\"font-weight: 400;\">\u5982\u679c\u60a8\u5e0c\u671b\u60a8\u7684\u82b1\u56ed\u6c38\u8fdc\u4fdd\u6301\u6700\u4f73\u72b6\u6001\uff0c\u8bf7\u8054\u7cfb\u6211\u4eec <\/span><b>\u5e03\u8fbe\u4f69\u65af\u7eff\u8272\u82b1\u56ed<\/b><span style=\"font-weight: 400;\">-\u6211\u4eec\u5c06\u5e2e\u52a9\u60a8\u627e\u5230\u6700\u597d\u7684 <\/span><b>\u82b1\u56ed\u5efa\u8bbe<\/b><span style=\"font-weight: 400;\"> \u548c <\/span><b>\u82b1\u56ed\u7ef4\u62a4<\/b><span style=\"font-weight: 400;\"> \u6709\u89e3\u51b3\u65b9\u6848\uff01<\/span><\/p>\t\t\t\t\t\t\t\t<\/div>\n\t\t\t\t<\/div>\n\t\t\t\t\t<\/div>\n\t\t\t\t<\/div>\n\t\t\t\t<\/div>","protected":false},"excerpt":{"rendered":"<p>\u79cd\u690d\u7684\u6b65\u9aa4\u548c\u91cd\u8981\u6027 - \u5e03\u8fbe\u4f69\u65af\u7eff\u8272\u82b1\u56ed \u56ed\u827a\u548c\u82b1\u56ed\u7ef4\u62a4 \u79cd\u690d\u662f\u6700\u91cd\u8981\u7684\u56ed\u827a\u6d3b\u52a8\u4e4b\u4e00\uff0c\u5b83\u51b3\u5b9a\u7740\u690d\u7269\u7684\u5065\u5eb7\u548c\u53d1\u5c55\u3002\u6b63\u786e\u7684\u79cd\u690d\u5bf9\u690d\u7269\u7684\u957f\u671f\u6210\u529f\u81f3\u5173\u91cd\u8981\u3002\u5e03\u8fbe\u4f69\u65af\u7eff\u8272\u82b1\u56ed\u5728\u5e03\u8fbe\u4f69\u65af\u548c\u4f69\u65af\u53bf\u7684\u82b1\u56ed\u5efa\u8bbe\u548c\u82b1\u56ed\u7ef4\u62a4\u4e13\u5bb6\u53ef\u4ee5\u4e3a\u60a8\u63d0\u4f9b\u6700\u4f73\u7684\u82b1\u56ed\u5efa\u8bbe\u548c\u82b1\u56ed\u7ef4\u62a4\u89e3\u51b3\u65b9\u6848\uff0c\u5e2e\u52a9\u60a8 [...]<\/p>","protected":false},"author":4,"featured_media":0,"parent":0,"menu_order":0,"comment_status":"closed","ping_status":"closed","template":"","meta":{"footnotes":""},"class_list":["post-933","page","type-page","status-publish","hentry"],"_links":{"self":[{"href":"https:\/\/greengardenbudapest.hu\/zh\/wp-json\/wp\/v2\/pages\/933","targetHints":{"allow":["GET"]}}],"collection":[{"href":"https:\/\/greengardenbudapest.hu\/zh\/wp-json\/wp\/v2\/pages"}],"about":[{"href":"https:\/\/greengardenbudapest.hu\/zh\/wp-json\/wp\/v2\/types\/page"}],"author":[{"embeddable":true,"href":"https:\/\/greengardenbudapest.hu\/zh\/wp-json\/wp\/v2\/users\/4"}],"replies":[{"embeddable":true,"href":"https:\/\/greengardenbudapest.hu\/zh\/wp-json\/wp\/v2\/comments?post=933"}],"version-history":[{"count":24,"href":"https:\/\/greengardenbudapest.hu\/zh\/wp-json\/wp\/v2\/pages\/933\/revisions"}],"predecessor-version":[{"id":2603,"href":"https:\/\/greengardenbudapest.hu\/zh\/wp-json\/wp\/v2\/pages\/933\/revisions\/2603"}],"wp:attachment":[{"href":"https:\/\/greengardenbudapest.hu\/zh\/wp-json\/wp\/v2\/media?parent=933"}],"curies":[{"name":"wp","href":"https:\/\/api.w.org\/{rel}","templated":true}]}}