{"id":948,"date":"2025-03-06T12:42:27","date_gmt":"2025-03-06T11:42:27","guid":{"rendered":"https:\/\/greengardenbudapest.hu\/?page_id=948"},"modified":"2025-09-24T18:23:55","modified_gmt":"2025-09-24T16:23:55","slug":"gyepszelloztetes","status":"publish","type":"page","link":"https:\/\/greengardenbudapest.hu\/zh\/gyepszelloztetes\/","title":{"rendered":"\u8349\u576a\u7ea4\u7ef4\u7d20"},"content":{"rendered":"<div data-elementor-type=\"wp-page\" data-elementor-id=\"948\" class=\"elementor elementor-948\" data-elementor-post-type=\"page\">\n\t\t\t\t<div class=\"elementor-element elementor-element-a234528 e-flex e-con-boxed e-con e-parent\" data-id=\"a234528\" data-element_type=\"container\" data-e-type=\"container\">\n\t\t\t\t\t<div class=\"e-con-inner\">\n\t\t\t\t<div class=\"elementor-element elementor-element-97643a3 elementor-widget__width-inherit elementor-widget elementor-widget-image\" data-id=\"97643a3\" data-element_type=\"widget\" data-e-type=\"widget\" data-widget_type=\"image.default\">\n\t\t\t\t<div class=\"elementor-widget-container\">\n\t\t\t\t\t\t\t\t\t\t\t\t\t\t\t<img decoding=\"async\" src=\"https:\/\/greengardenbudapest.hu\/wp-content\/uploads\/elementor\/thumbs\/479555103_1059473849235555_1047668199688951507_n-r22vetrtbe4i9qhjaie40rnr5iohs11761c07gddhw.jpg\" title=\"479555103_1059473849235555_1047668199688951507_n\" alt=\"479555103_1059473849235555_1047668199688951507_n\" loading=\"lazy\" \/>\t\t\t\t\t\t\t\t\t\t\t\t\t\t\t<\/div>\n\t\t\t\t<\/div>\n\t\t\t\t\t<\/div>\n\t\t\t\t<\/div>\n\t\t<div class=\"elementor-element elementor-element-5e25850 e-flex e-con-boxed e-con e-parent\" data-id=\"5e25850\" data-element_type=\"container\" data-e-type=\"container\">\n\t\t\t\t\t<div class=\"e-con-inner\">\n\t\t\t\t<div class=\"elementor-element elementor-element-760c2cc elementor-widget elementor-widget-spacer\" data-id=\"760c2cc\" data-element_type=\"widget\" data-e-type=\"widget\" data-widget_type=\"spacer.default\">\n\t\t\t\t<div class=\"elementor-widget-container\">\n\t\t\t\t\t\t\t<div class=\"elementor-spacer\">\n\t\t\t<div class=\"elementor-spacer-inner\"><\/div>\n\t\t<\/div>\n\t\t\t\t\t\t<\/div>\n\t\t\t\t<\/div>\n\t\t\t\t<div class=\"elementor-element elementor-element-05db000 elementor-hidden-desktop elementor-hidden-laptop elementor-hidden-tablet_extra elementor-hidden-tablet elementor-hidden-mobile_extra elementor-hidden-mobile elementor-widget elementor-widget-theme-post-featured-image elementor-widget-image\" data-id=\"05db000\" data-element_type=\"widget\" data-e-type=\"widget\" data-widget_type=\"theme-post-featured-image.default\">\n\t\t\t\t<div class=\"elementor-widget-container\">\n\t\t\t\t\t\t\t\t\t\t\t\t\t\t\t<img fetchpriority=\"high\" decoding=\"async\" width=\"800\" height=\"534\" src=\"https:\/\/greengardenbudapest.hu\/wp-content\/uploads\/2025\/02\/479555103_1059473849235555_1047668199688951507_n-1-1024x683.jpg\" class=\"attachment-large size-large wp-image-567\" alt=\"F\u0171ny\u00edr\u00e1s ut\u00e1n rendezett p\u00e1zsit kert\u00e9p\u00edt\u00e9s r\u00e9szek\u00e9nt Budapesten\" srcset=\"https:\/\/greengardenbudapest.hu\/wp-content\/uploads\/2025\/02\/479555103_1059473849235555_1047668199688951507_n-1-1024x683.jpg 1024w, https:\/\/greengardenbudapest.hu\/wp-content\/uploads\/2025\/02\/479555103_1059473849235555_1047668199688951507_n-1-300x200.jpg 300w, https:\/\/greengardenbudapest.hu\/wp-content\/uploads\/2025\/02\/479555103_1059473849235555_1047668199688951507_n-1-768x512.jpg 768w, https:\/\/greengardenbudapest.hu\/wp-content\/uploads\/2025\/02\/479555103_1059473849235555_1047668199688951507_n-1-1536x1025.jpg 1536w, https:\/\/greengardenbudapest.hu\/wp-content\/uploads\/2025\/02\/479555103_1059473849235555_1047668199688951507_n-1.jpg 2048w\" sizes=\"(max-width: 800px) 100vw, 800px\" \/>\t\t\t\t\t\t\t\t\t\t\t\t\t\t\t<\/div>\n\t\t\t\t<\/div>\n\t\t\t\t\t<\/div>\n\t\t\t\t<\/div>\n\t\t<div class=\"elementor-element elementor-element-736878b e-flex e-con-boxed e-con e-parent\" data-id=\"736878b\" data-element_type=\"container\" data-e-type=\"container\">\n\t\t\t\t\t<div class=\"e-con-inner\">\n\t\t\t\t<div class=\"elementor-element elementor-element-b849752 elementor-widget elementor-widget-text-editor\" data-id=\"b849752\" data-element_type=\"widget\" data-e-type=\"widget\" data-widget_type=\"text-editor.default\">\n\t\t\t\t<div class=\"elementor-widget-container\">\n\t\t\t\t\t\t\t\t\t<h3><b>\u6625\u5b63\u8349\u576a\u901a\u6c14--\u5982\u4f55\u8ba9\u4f60\u7684\u8349\u576a\u6062\u590d\u539f\u6837\uff01<\/b><\/h3><p><span style=\"font-weight: 400;\">A <\/span><b>\u6625\u5b63\u8349\u576a\u65bd\u80a5<\/b><span style=\"font-weight: 400;\"> \u662f\u4fdd\u6301\u8349\u576a\u5065\u5eb7\u3001\u786e\u4fdd\u8349\u957f\u5f97\u8302\u76db\u8010\u770b\u7684\u5173\u952e\u6b65\u9aa4\u3002\u968f\u7740\u6625\u5929\u7684\u5230\u6765\uff0c\u503c\u5f97\u5173\u6ce8\u7684\u662f\u60a8\u7684\u82b1\u56ed\uff0c\u4ee5\u4fbf\u4e3a\u590f\u5b63\u7684\u8349\u576a\u505a\u597d\u51c6\u5907\u3002\u5982\u679c\u64cd\u4f5c\u5f97\u5f53\uff0c\u8349\u576a\u901a\u6c14\u53ef\u4ee5\u6539\u5584\u571f\u58e4\u901a\u6c14\u72b6\u51b5\uff0c\u4fc3\u8fdb\u6c34\u5206\u548c\u517b\u5206\u7684\u5438\u6536\uff0c\u5e76\u523a\u6fc0\u8349\u576a\u751f\u957f\u3002<\/span><\/p><h3><b>\u4e3a\u4ec0\u4e48\u6625\u5b63\u8349\u576a\u901a\u6c14\u5f88\u91cd\u8981\uff1f<\/b><\/h3><p><span style=\"font-weight: 400;\">\u8349\u576a\u901a\u6c14\u662f\u4e00\u4e2a\u673a\u68b0\u8fc7\u7a0b\uff0c\u53ef\u4ee5\u6e05\u9664\u8349\u576a\u4e0a\u79ef\u805a\u7684 <\/span><b>\u833b<\/b><span style=\"font-weight: 400;\">\u8349\u576a\u7684\u571f\u58e4\u4e2d\u542b\u6709\u5927\u91cf\u7684\u6709\u673a\u7269\u3001\u82d4\u85d3\u548c\u5176\u4ed6\u6709\u673a\u7269\u3002\u8fd9\u6837\u571f\u58e4\u5c31\u80fd\u547c\u5438\uff0c\u66f4\u5bb9\u6613\u83b7\u5f97\u6240\u9700\u7684\u517b\u5206\u3001\u6c34\u5206\u548c\u6c27\u6c14\uff0c\u4ece\u800c\u4fc3\u8fdb\u8349\u576a\u5065\u5eb7\u751f\u957f\u3002<\/span><\/p><p><span style=\"font-weight: 400;\">\u521d\u770b\u8d77\u6765\u4f3c\u4e4e\u5e76\u4e0d\u5371\u9669\uff0c\u4f46\u8fd9\u79cd\u6240\u8c13\u7684 <\/span><b>\u6bdb\u6be1\u5c42<\/b><span style=\"font-weight: 400;\"> \u5b9e\u9645\u4e0a\u662f\u6291\u5236\u4e86\u8349\u576a\u7684\u6b63\u5e38\u529f\u80fd\uff1a<\/span><\/p><ul><li style=\"font-weight: 400;\" aria-level=\"1\"><b>\u5b83\u963b\u6b62\u6c34\u5206\u3001\u517b\u5206\u548c\u6c27\u6c14\u5230\u8fbe\u6839\u90e8\u3002<\/b><span style=\"font-weight: 400;\"> \u5982\u679c\u6d3b\u6027\u7269\u8d28\u6ede\u7559\u5728\u8349\u576a\u8868\u9762\uff0c\u6d47\u6c34\u6216\u65bd\u80a5\u90fd\u65e0\u6d4e\u4e8e\u4e8b\u3002<\/span><span style=\"font-weight: 400;\"><br \/><\/span><\/li><li style=\"font-weight: 400;\" aria-level=\"1\"><b>\u6d88\u8017\u8349\u5730\u7684\u80fd\u91cf<\/b><span style=\"font-weight: 400;\">\u65b0\u82bd\u65e0\u6cd5\u7834\u571f\u800c\u51fa\uff0c\u8349\u7684\u957f\u52bf\u8f83\u5dee\uff0c\u8349\u7684\u989c\u8272\u66f4\u6df1\u66f4\u9ec4\u3002<\/span><span style=\"font-weight: 400;\"><br \/><\/span><\/li><li style=\"font-weight: 400;\" aria-level=\"1\"><b>\u82d4\u85d3\u3001\u771f\u83cc\u548c\u5bb3\u866b\u7684\u7406\u60f3\u751f\u957f\u73af\u5883<\/b><span style=\"font-weight: 400;\">\u8fd9\u6837\uff0c\u8349\u5730\u5c31\u88ab\u6324\u5f97\u66f4\u7d27\u4e86\u3002<\/span><span style=\"font-weight: 400;\"><br \/><\/span><\/li><\/ul><p><span style=\"font-weight: 400;\">\u8fd9\u5c31\u662f\u4e3a\u4ec0\u4e48\u8349\u576a\u901a\u6c14\u81f3\u5173\u91cd\u8981\u7684\u539f\u56e0\uff1a\u4e00 <\/span><b>\u4e00\u79cd\u518d\u751f\u7684\u3001\u5145\u6ee1\u6d3b\u529b\u7684\u5e72\u9884\u63aa\u65bd<\/b><span style=\"font-weight: 400;\">\u8fd9\u6837\u53ef\u4ee5\u677e\u52a8\u8349\u576a\u8868\u5c42\uff0c\u53bb\u9664\u6bdb\u6be1\uff0c\u8ba9\u8349\u6709\u673a\u4f1a\u547c\u5438\u5e76\u91cd\u65b0\u751f\u957f\u3002<\/span><\/p><p><b>\u5b83\u4e4b\u4e8e\u5c0f\u8349\uff0c\u5c31\u50cf\u6625\u5929\u7684\u6df1\u547c\u5438\u4e4b\u4e8e\u6211\u4eec\u4e00\u6837\u6c81\u4eba\u5fc3\u813e\u3002<\/b><b><br \/><\/b><span style=\"font-weight: 400;\"> \u901a\u98ce\u826f\u597d\u7684\u8349\u576a\u4f1a\u751f\u957f\u5f97\u66f4\u52a0\u8301\u58ee\uff0c\u5bf9\u6742\u8349\u548c\u5e72\u65f1\u7684\u62b5\u6297\u529b\u66f4\u5f3a\uff0c\u800c\u4e14\u6574\u4e2a\u5b63\u8282\u90fd\u4f1a\u5448\u73b0\u90c1\u90c1\u8471\u8471\u7684\u7fe0\u7eff\u8272\u3002<\/span><\/p><h3><b>\u4f55\u65f6\u8fdb\u884c\u6625\u5b63\u8349\u576a\u901a\u6c14\uff1f<\/b><\/h3><p><span style=\"font-weight: 400;\">\u8349\u576a\u901a\u6c14\u7684\u65f6\u673a\u5f88\u5173\u952e--\u5982\u679c\u8fc7\u65e9\u6216\u8fc7\u665a\uff0c\u8349\u576a\u5c06\u65e0\u6cd5\u4ece\u5e72\u9884\u4e2d\u83b7\u76ca\u3002\u7406\u60f3\u60c5\u51b5\u4e0b <\/span><b>\u65e9\u6625<\/b><span style=\"font-weight: 400;\"> \u503c\u5f97\u53bb\u505a\uff0c\u901a\u5e38\u662f <\/span><b>\u4e09\u6708\u5e95\u81f3\u56db\u6708\u4e2d\u65ec\u4e4b\u95f4<\/b><span style=\"font-weight: 400;\">\u4f46\u6839\u636e\u5929\u6c14\u60c5\u51b5\uff0c\u6bcf\u5e74\u53ef\u80fd\u4f1a\u6709\u6240\u4e0d\u540c\u3002<\/span><\/p><p><span style=\"font-weight: 400;\">\u4ee5\u4e0b\u8ff9\u8c61\u5c06\u5e2e\u52a9\u60a8\u4e86\u89e3\u4ec0\u4e48\u65f6\u5019\u662f\u65f6\u5019\u4e86\uff1a<\/span><\/p><ul><li style=\"font-weight: 400;\" aria-level=\"1\"><b>\u971c\u51bb\u7684\u5371\u9669\u5df2\u7ecf\u8fc7\u53bb\uff1a<\/b><span style=\"font-weight: 400;\"> \u5982\u679c\u5730\u9762\u4ecd\u7136\u575a\u786c\u3001\u7ed3\u51b0\uff0c\u6216\u8005\u65e9\u4e0a\u6709\u96ea\uff0c\u90a3\u5c31\u518d\u7b49\u7b49\u3002\u6211\u4eec\u5728\u7ed9\u8349\u576a\u901a\u6c14\u65f6\u4f1a\u6270\u52a8\u5730\u8868\uff0c\u56e0\u6b64\u571f\u58e4\u5fc5\u987b\u6ca1\u6709\u51bb\u7ed3\uff0c\u5426\u5219\u4f1a\u635f\u574f\u6839\u90e8\u533a\u57df\u3002<\/span><span style=\"font-weight: 400;\"><br \/><\/span><\/li><li style=\"font-weight: 400;\" aria-level=\"1\"><b>\u571f\u58e4\u7565\u663e\u5e72\u71e5\uff1a<\/b><span style=\"font-weight: 400;\"> \u5728\u8fc7\u4e8e\u6f6e\u6e7f\u7684\u571f\u58e4\u4e2d\u901a\u6c14\u4f1a\u5bfc\u81f4\u8349\u576a\u788e\u88c2\u6216 \"\u7ffb\u8f6c\"\uff0c\u5c24\u5176\u662f\u5728\u8349\u576a\u7ecf\u5e38\u88ab\u8df5\u8e0f\u7684\u5c0f\u82b1\u56ed\u4e2d\u3002\u7406\u60f3\u7684\u60c5\u51b5\u662f\uff0c\u571f\u58e4\u7565\u6709\u6de4\u79ef\uff0c\u4f46\u8fd8\u4e0d\u81f3\u4e8e\u5c18\u571f\u98de\u626c\u3002<\/span><span style=\"font-weight: 400;\"><br \/><\/span><\/li><\/ul><p><b>\u8349\u5df2\u7ecf\u5f00\u59cb\u751f\u957f\uff1a<\/b><span style=\"font-weight: 400;\"> \u5982\u679c\u8349\u576a\u5df2\u7ecf\u663e\u793a\u51fa\u751f\u547d\u8ff9\u8c61--\u51fa\u73b0\u4e86\u6de1\u7eff\u8272\u7684\u65b0\u82bd--\u4f46\u8fd8\u4e0d\u662f\u592a\u9ad8\uff0c\u90a3\u5c31\u662f\u7406\u60f3\u7684\u65f6\u673a\u3002\u8fd9\u8bf4\u660e\u6839\u7cfb\u5df2\u7ecf\u5f00\u59cb\u6d3b\u8dc3\uff0c\u80fd\u591f\u518d\u751f\uff0c\u4f46\u6574\u4e2a\u8349\u576a\u8fd8\u6ca1\u6709\u5f00\u82b1\u3002<\/span><span style=\"font-weight: 400;\"><br \/><\/span><\/p><h4><b>\u9700\u8981\u6ce8\u610f\u4ec0\u4e48\uff1f<\/b><\/h4><ul><li style=\"font-weight: 400;\" aria-level=\"1\"><b>\u6162\u6162\u6765<\/b><span style=\"font-weight: 400;\"> \u5982\u679c\u8fc7\u65e9\u901a\u6c14\uff0c\u4ece\u51ac\u7720\u4e2d\u82cf\u9192\u8fc7\u6765\u3001\u4ecd\u7136\u865a\u5f31\u7684\u6839\u7cfb\u5c31\u4f1a\u53d7\u635f\uff0c\u751f\u957f\u53d7\u963b\uff0c\u751a\u81f3\u6210\u7247\u6b7b\u4ea1\u3002<\/span><span style=\"font-weight: 400;\"><br \/><\/span><\/li><li><b>\u4e0d\u8981\u62d6\u5ef6\u592a\u4e45\uff01<\/b><span style=\"font-weight: 400;\"> \u4e00\u65e6\u8349\u576a\u5df2\u7ecf\u5f88\u539a\uff0c\u6be1\u5c42\u5c31\u4f1a\u7262\u7262\u9644\u7740\uff0c\u5f88\u96be\u6709\u6548\u6e05\u9664\uff0c\u800c\u4e14\u8349\u5df2\u7ecf\u5f00\u59cb\u5168\u529b\u751f\u957f\uff0c\u56e0\u6b64\u5e72\u9884\u53ef\u80fd\u5f0a\u5927\u4e8e\u5229\u3002<\/span><\/li><\/ul><h3><b>\u7ed9\u8349\u576a\u52a0\u6c14\u65f6\u5e94\u7279\u522b\u6ce8\u610f\u4ec0\u4e48\uff1f<\/b><\/h3><p><span style=\"font-weight: 400;\">\u8349\u576a\u901a\u6c14\u4e0d\u662f\u5f3a\u884c \"\u7ffb\u571f\"\uff0c\u800c\u662f\u7cbe\u786e\u3001\u5f7b\u5e95\u7684\u7ef4\u62a4\uff0c\u5176\u4e2d\u7684\u5c0f\u7ec6\u8282\u975e\u5e38\u91cd\u8981\u3002\u5982\u679c\u4e0d\u6ce8\u610f\u6267\u884c\u8fc7\u7a0b\u4e2d\u7684\u7ec6\u5fae\u4e4b\u5904\uff0c\u5f88\u5bb9\u6613\u5bf9\u8349\u576a\u9020\u6210\u635f\u5bb3\u800c\u4e0d\u662f\u5e2e\u52a9\u3002\u4ee5\u4e0b\u662f\u9700\u8981\u7262\u8bb0\u7684\u8981\u70b9\uff1a<\/span><\/p><h4><b>1. \u901a\u98ce\u4e0d\u8981\u592a\u6df1<\/b><\/h4><p><span style=\"font-weight: 400;\">\u6700\u5e38\u89c1\u7684\u9519\u8bef\u662f\u50cf\u7281\u5730\u4e00\u6837 \"\u51b2 \"\u8fdb\u8349\u576a\uff0c\u800c\u6211\u4eec\u7684\u76ee\u6807\u662f <\/span><b>\u4e0d\u7834\u571f<\/b><span style=\"font-weight: 400;\">\u4f46\u662f <\/span><b>\u677e\u52a8\u8349\u576a\u4e0a\u5c42\u7684\u6bdb\u6be1\u5c42<\/b><span style=\"font-weight: 400;\">.\u5982\u679c\u6316\u5f97\u592a\u6df1\uff0c\u5c31\u4f1a\u6495\u88c2\u6839\u90e8\uff0c\u8fde\u6839\u62d4\u8d77\u5e7c\u82bd\uff0c\u5f0a\u5927\u4e8e\u5229\u3002<\/span><\/p><p><b>\u63d0\u793a<\/b><span style=\"font-weight: 400;\">\u6ce8\u610f\uff1a\u5982\u679c\u4f7f\u7528\u7684\u662f\u624b\u52a8\u8019\uff0c\u963b\u529b\u8fc7\u5927\u65f6\u4f60\u4f1a\u611f\u89c9\u5230--\u5728\u8fd9\u79cd\u60c5\u51b5\u4e0b\uff0c\u4ece\u51e0\u4e2a\u65b9\u5411\u7528\u529b\u4f1a\u66f4\u8f7b\u677e\u3002<\/span><\/p><h4><b>2. \u4e0d\u8981\u5728\u592a\u6e7f\u7684\u5730\u9762\u4e0a\u5de5\u4f5c<\/b><\/h4><p><span style=\"font-weight: 400;\">\u4e00\u5b9a\u8981\u5728\u5e72\u71e5\u4f46\u4e0d\u662f\u5b8c\u5168\u5e72\u71e5\u7684\u571f\u58e4\u4e0a\u901a\u6c14\u3002\u5982\u679c\u571f\u58e4\u592a\u6e7f\uff0c\u8019\u5b50\u6216\u66dd\u6c14\u673a <\/span><b>\u53ef\u4ee5\u6495\u88c2\u8349\u576a<\/b><span style=\"font-weight: 400;\">\u8349\u6839\u66f4\u5bb9\u6613\u53d7\u635f\u3002\u6b64\u5916\uff0c\u8f83\u91cd\u7684\u673a\u5668\u4f1a\u538b\u574f\u7ed3\u6784\u3002<\/span><\/p><p><b>\u63d0\u793a<\/b><span style=\"font-weight: 400;\">\u5982\u679c\u8349\u5728\u4f60\u811a\u4e0b\u560e\u5431\u4f5c\u54cd\uff0c\u6216\u8005\u4f60\u5728\u8349\u5730\u4e0a\u7559\u4e0b\u4e86\u75d5\u8ff9\uff0c\u90a3\u5c31\u518d\u7b49\u51e0\u5929\uff01<\/span><\/p><h4><b>3.\u4e0d\u8981\u5ffd\u89c6\u672f\u540e\u62a4\u7406\uff01<\/b><\/h4><p><span style=\"font-weight: 400;\">\u901a\u6c14\u540e\uff0c\u8349\u576a\u4f1a\u6709\u70b9 \"\u75b2\u60eb\"--\u8981\u771f\u6b63\u5b9e\u73b0\u81ea\u6211\u66f4\u65b0\uff0c\u5b83\u9700\u8981\u4e00\u70b9\u652f\u6301\uff1a<\/span><\/p><ul><li style=\"font-weight: 400;\" aria-level=\"1\"><b>\u65bd\u80a5<\/b><span style=\"font-weight: 400;\">\u6625\u5b63\u8349\u576a\u65bd\u80a5\uff1a\u8f7b\u5fae\u7684\u6625\u5b63\u8349\u576a\u65bd\u80a5\u6709\u52a9\u4e8e\u542f\u52a8\u8349\u576a\u6062\u590d\u3002<\/span><span style=\"font-weight: 400;\"><br \/><\/span><\/li><li style=\"font-weight: 400;\" aria-level=\"1\"><b>\u8349\u7c7d\u66f4\u6362<\/b><span style=\"font-weight: 400;\">\u7b54\uff1a\u5982\u679c\u8349\u576a\u5728\u901a\u6c14\u540e\u770b\u8d77\u6765\u6210\u7247\u53d8\u8584\uff0c\u53ef\u64ad\u79cd\u7a00\u758f\u7684\u8349\u7c7d\u3002<\/span><span style=\"font-weight: 400;\"><br \/><\/span><\/li><li style=\"font-weight: 400;\" aria-level=\"1\"><b>\u704c\u6e89<\/b><span style=\"font-weight: 400;\">\u6d47\u6c34\uff1a\u9002\u5f53\u6d47\u6c34\uff0c\u4f46\u4e0d\u8981\u8fc7\u591a\uff0c\u8fd9\u6837\u6709\u52a9\u4e8e\u51b2\u6d17\u6389\u6b8b\u7559\u7684\u6bdb\u6be1\uff0c\u5e76\u8865\u5145\u517b\u5206\u3002<\/span><span style=\"font-weight: 400;\"><br \/><\/span><\/li><\/ul><p><b>\u63d0\u793a<\/b><span style=\"font-weight: 400;\">\u6ce8\uff1a\u4e0d\u8981\u7b49\u51e0\u5468\u540e\u518d\u8ddf\u8fdb--\u6700\u597d\u5728\u901a\u6c14\u5f53\u5929\u6216\u7b2c\u4e8c\u5929\uff0c\u8d81\u571f\u58e4\u4ecd\u5904\u4e8e\u5f00\u653e\u548c\u63a5\u53d7\u7684\u72b6\u6001\u65f6\u8fdb\u884c\u8865\u5145\u3002<\/span><\/p><h3><b>\u5b9a\u671f\u7ed9\u8349\u576a\u901a\u6c14\u6709\u4ec0\u4e48\u597d\u5904\uff1f<\/b><\/h3><ul><li style=\"font-weight: 400;\" aria-level=\"1\"><b>\u66f4\u4e30\u5bcc\u3001\u66f4\u5f3a\u58ee\u7684\u8349\u576a<\/b><span style=\"font-weight: 400;\">\u8349\uff1a\u8349\u751f\u957f\u5f97\u66f4\u5feb\uff0c\u56e0\u4e3a\u5b83\u66f4\u5bb9\u6613\u83b7\u5f97\u6c34\u3001\u517b\u5206\u548c\u6c27\u6c14\u3002<\/span><\/li><li style=\"font-weight: 400;\" aria-level=\"1\"><b>\u51cf\u5c11\u6742\u8349\u548c\u82d4\u85d3\u7684\u751f\u957f<\/b><span style=\"font-weight: 400;\">\u8349\u576a\u901a\u6c14\uff1a\u8349\u576a\u901a\u6c14\u53ef\u51cf\u5c11\u6742\u8349\u548c\u82d4\u85d3\u7684\u8513\u5ef6\u3002<\/span><\/li><li style=\"font-weight: 400;\" aria-level=\"1\"><b>\u66f4\u597d\u7684\u6392\u6c34\u7cfb\u7edf<\/b><span style=\"font-weight: 400;\">\u8349\u576a\u4e0d\u4f1a\u538b\u5b9e\uff0c\u56e0\u6b64\u96e8\u6c34\u66f4\u5bb9\u6613\u6e17\u5165\u571f\u58e4\u3002<\/span><\/li><li style=\"font-weight: 400;\" aria-level=\"1\"><b>\u66f4\u5065\u5eb7\u7684\u6839\u7cfb<\/b><span style=\"font-weight: 400;\">\u6c27\u6c14\uff1a\u5145\u8db3\u7684\u6c27\u6c14\u4f9b\u5e94\u6709\u52a9\u4e8e\u589e\u5f3a\u8349\u6839\uff0c\u4f7f\u8349\u66f4\u8010\u5e72\u65f1\u548c\u75be\u75c5\u3002<\/span><\/li><\/ul><h3><b>\u5982\u679c\u60a8\u6ca1\u6709\u65f6\u95f4\u6216\u7cbe\u529b\uff0c\u8bf7\u5bfb\u6c42\u5e2e\u52a9\uff01<\/b><\/h3><p><span style=\"font-weight: 400;\">\u8349\u576a\u901a\u6c14\u5e76\u4e0d\u590d\u6742\uff0c\u4f46\u53ef\u80fd\u5f88\u7e41\u7410\u3001\u8017\u65f6\u3002\u5982\u679c\u60f3\u8ba9\u6625\u5b63\u8349\u576a\u66f4\u65b0\u771f\u6b63\u4e13\u4e1a\uff0c\u5c31\u5e94\u8be5\u5feb\u901f\u9ad8\u6548\u5730\u5b8c\u6210\u3001 <\/span><b>\u503c\u5f97\u8bf7\u4e13\u4e1a\u4eba\u58eb<\/b><span style=\"font-weight: 400;\">.<\/span><\/p><p><span style=\"font-weight: 400;\">\u6211\u4eec\u4e0d\u4ec5\u4f1a\u7ed9\u8349\u576a\u901a\u6c14\uff0c\u8fd8\u4f1a\u5173\u6ce8\u8349\u576a\u7684\u72b6\u51b5\uff0c\u5982\u6709\u5fc5\u8981\uff0c\u6211\u4eec\u8fd8\u53ef\u4ee5\u5e2e\u52a9\u8865\u5145\u517b\u5206\u548c\u8349\u7c7d\uff0c\u8ba9\u60a8\u7684\u82b1\u56ed\u56db\u5b63\u90c1\u90c1\u8471\u8471\u3001\u679d\u7e41\u53f6\u8302\u3002<\/span><\/p><p><b>\u8bf7\u653e\u5fc3\u8054\u7cfb\u6211\u4eec<\/b><span style=\"font-weight: 400;\">\u6211\u4eec\u53ef\u4ee5\u4e00\u8d77\u8ba9\u60a8\u7684\u82b1\u56ed\u5728\u521d\u6625\u65f6\u8282\u66f4\u52a0\u7f8e\u4e3d\uff01<\/span><\/p>\t\t\t\t\t\t\t\t<\/div>\n\t\t\t\t<\/div>\n\t\t\t\t\t<\/div>\n\t\t\t\t<\/div>\n\t\t\t\t<\/div>","protected":false},"excerpt":{"rendered":"<p>\u6625\u5b63\u8349\u576a\u901a\u6c14--\u5982\u4f55\u8ba9\u4f60\u7684\u8349\u576a\u4fdd\u6301\u826f\u597d\u72b6\u6001\uff01\u6625\u5b63\u8349\u576a\u901a\u6c14\u662f\u4fdd\u6301\u8349\u576a\u5065\u5eb7\u7684\u5173\u952e\u6b65\u9aa4\uff0c\u53ef\u786e\u4fdd\u8349\u576a\u751f\u957f\u8302\u76db\u3001\u5bcc\u6709\u5f39\u6027\u3002\u968f\u7740\u6625\u5929\u7684\u5230\u6765\uff0c\u503c\u5f97\u5173\u6ce8\u7684\u662f\u60a8\u7684\u82b1\u56ed\uff0c\u8ba9\u8349\u576a\u4e3a\u590f\u5b63\u505a\u597d\u51c6\u5907\u3002\u5982\u679c\u64cd\u4f5c\u5f97\u5f53\uff0c\u8349\u576a\u901a\u6c14\u53ef\u4ee5\u6539\u5584\u571f\u58e4\u901a\u6c14\u72b6\u51b5\uff0c\u4fc3\u8fdb\u6c34\u5206\u548c\u517b\u5206\u7684\u5438\u6536\uff0c[...].<\/p>","protected":false},"author":4,"featured_media":0,"parent":0,"menu_order":0,"comment_status":"closed","ping_status":"closed","template":"","meta":{"footnotes":""},"class_list":["post-948","page","type-page","status-publish","hentry"],"_links":{"self":[{"href":"https:\/\/greengardenbudapest.hu\/zh\/wp-json\/wp\/v2\/pages\/948","targetHints":{"allow":["GET"]}}],"collection":[{"href":"https:\/\/greengardenbudapest.hu\/zh\/wp-json\/wp\/v2\/pages"}],"about":[{"href":"https:\/\/greengardenbudapest.hu\/zh\/wp-json\/wp\/v2\/types\/page"}],"author":[{"embeddable":true,"href":"https:\/\/greengardenbudapest.hu\/zh\/wp-json\/wp\/v2\/users\/4"}],"replies":[{"embeddable":true,"href":"https:\/\/greengardenbudapest.hu\/zh\/wp-json\/wp\/v2\/comments?post=948"}],"version-history":[{"count":24,"href":"https:\/\/greengardenbudapest.hu\/zh\/wp-json\/wp\/v2\/pages\/948\/revisions"}],"predecessor-version":[{"id":2612,"href":"https:\/\/greengardenbudapest.hu\/zh\/wp-json\/wp\/v2\/pages\/948\/revisions\/2612"}],"wp:attachment":[{"href":"https:\/\/greengardenbudapest.hu\/zh\/wp-json\/wp\/v2\/media?parent=948"}],"curies":[{"name":"wp","href":"https:\/\/api.w.org\/{rel}","templated":true}]}}